{"id":253,"date":"2019-09-04T13:57:35","date_gmt":"2019-09-04T13:57:35","guid":{"rendered":"http:\/\/www.criminalaw.net\/home\/"},"modified":"2019-09-18T22:20:59","modified_gmt":"2019-09-19T05:20:59","slug":"home","status":"publish","type":"page","link":"https:\/\/www.criminalaw.net\/es\/","title":{"rendered":"Home"},"content":{"rendered":"<div class=\"wpb-content-wrapper\"><p>[vc_row css_animation=\u00bb\u00bb row_type=\u00bbrow\u00bb use_row_as_full_screen_section=\u00bbno\u00bb type=\u00bbgrid\u00bb angled_section=\u00bbno\u00bb text_align=\u00bbcenter\u00bb background_image_as_pattern=\u00bbwithout_pattern\u00bb z_index=\u00bb\u00bb background_color=\u00bb#4b122e\u00bb css=\u00bb.vc_custom_1568648371885{padding-top: 30px !important;}\u00bb][vc_column][vc_single_image image=\u00bb255&#8243; img_size=\u00bbfull\u00bb alignment=\u00bbcenter\u00bb qode_css_animation=\u00bb\u00bb][\/vc_column][\/vc_row][vc_row css_animation=\u00bb\u00bb row_type=\u00bbrow\u00bb use_row_as_full_screen_section=\u00bbno\u00bb type=\u00bbgrid\u00bb angled_section=\u00bbno\u00bb text_align=\u00bbleft\u00bb background_image_as_pattern=\u00bbwithout_pattern\u00bb z_index=\u00bb\u00bb css=\u00bb.vc_custom_1567617379611{padding-top: 80px !important;padding-bottom: 80px !important;}\u00bb][vc_column][vc_column_text]<\/p>\n<h1>PROPORCIONANDO DEFENSA PENAL TENAZ EN TODA LA ZONA DE LA BAH\u00cdA DE SAN FRANCISCO Y EL VALLE CENTRAL<\/h1>\n<p>[\/vc_column_text][vc_column_text]Cuando una acusaci\u00f3n criminal amenaza la base de su vida, sea su libertad, licencia profesional, empleo, ciudadan\u00eda estadounidense o reputaci\u00f3n, <strong><span class=\"firm-name\">Rien, Adams &amp; Cox, LLP<\/span><\/strong> est\u00e1 disponible para defenderlo. Con oficinas en el centro de Livermore, California, el equipo de abogados, personal, investigadores y expertos de <strong><span class=\"firm-name\">Rien, Adams &amp; Cox, LLP<\/span><\/strong> ofrecen una representaci\u00f3n vigorosa, creativa y apasionada en los tribunales penales de todo el \u00c1rea de la Bah\u00eda de San Francisco y el Valle Central.<\/p>\n<p>O si te han arrestado o cree que est\u00e1 bajo investigaci\u00f3n, nuestra firma le proporcionar\u00e1 el m\u00e1s alto nivel de representaci\u00f3n tenaz. <strong><span class=\"firm-name\">Rien, Adams &amp; Cox, LLP<\/span><\/strong> est\u00e1 comprometido con la preparaci\u00f3n rigurosa de su caso, manteni\u00e9ndolos informados a usted y a su familia, siempre disponible para responder a sus preguntas o abordar emergencias y luchar incansablemente en su nombre. Se habla Espa\u00f1ol.<\/p>\n<p>Nuestro equipo de abogados tienen d\u00e9cadas de experiencia ante los tribunales penales. El equipo incluye un especialista en derecho penal certificado por la Junta de Abogados del Estado. Deje que las oficinas legales de <strong><span class=\"firm-name\">Rien, Adams &amp; Cox, LLP<\/span><\/strong> luchen por su libertad, futuro y reputaci\u00f3n mientras le brindan el servicio compasivo e inteligente que se merece. La firma se defiende contra toda acusaci\u00f3n de mala conducta criminal, desde cargos de arresto por DUI por delitos menores, vandalismo y cargos de drogas hasta los delitos m\u00e1s graves, incluyendo violaci\u00f3n, robo y asesinato de primer grado (pena de muerte). La firma se ha establecido en la comunidad legal como un aliado indispensable y un feroz defensor de los acusados.<\/p>\n<p>Entendemos la gravedad de los cargos que enfrenta y le brindaremos nuestra experiencia profunda, experiencia especializada en defensa criminal y conocimiento de los tribunales para garantizar que sus derechos est\u00e9n protegidos. Nuestra firma es conocida por el conocimiento legal especializado, la compasi\u00f3n, la creatividad y la habilidad de juicio que aportamos a cada caso.[\/vc_column_text][\/vc_column][\/vc_row]<\/p>\n<\/div>","protected":false},"excerpt":{"rendered":"<p>[vc_row css_animation=\u00bb\u00bb row_type=\u00bbrow\u00bb use_row_as_full_screen_section=\u00bbno\u00bb type=\u00bbgrid\u00bb angled_section=\u00bbno\u00bb text_align=\u00bbcenter\u00bb background_image_as_pattern=\u00bbwithout_pattern\u00bb z_index=\u00bb\u00bb background_color=\u00bb#4b122e\u00bb css=\u00bb.vc_custom_1568648371885{padding-top: 30px !important;}\u00bb][vc_column][vc_single_image image=\u00bb255&#8243; img_size=\u00bbfull\u00bb alignment=\u00bbcenter\u00bb qode_css_animation=\u00bb\u00bb][\/vc_column][\/vc_row][vc_row css_animation=\u00bb\u00bb row_type=\u00bbrow\u00bb use_row_as_full_screen_section=\u00bbno\u00bb type=\u00bbgrid\u00bb angled_section=\u00bbno\u00bb text_align=\u00bbleft\u00bb background_image_as_pattern=\u00bbwithout_pattern\u00bb z_index=\u00bb\u00bb css=\u00bb.vc_custom_1567617379611{padding-top: 80px !important;padding-bottom: 80px !important;}\u00bb][vc_column][vc_column_text] PROPORCIONANDO DEFENSA PENAL TENAZ EN TODA LA ZONA DE LA BAH\u00cdA DE SAN FRANCISCO Y&#8230;<\/p>\n","protected":false},"author":5,"featured_media":0,"parent":0,"menu_order":0,"comment_status":"closed","ping_status":"closed","template":"full_width.php","meta":{"_metasync_otto_title":"","_metasync_otto_description":"","_metasync_otto_keywords":"","_metasync_otto_og_title":"","_metasync_otto_og_description":"","_metasync_otto_twitter_title":"","_metasync_otto_twitter_description":"","rank_math_title":"Defense Attorney | Criminal Lawyer | Rien, Adams & Cox LLP","rank_math_description":"We are Defense Attorneys who provide fierece and passionate Criminal Defense. Call 925-449-0666 to schedule your free consultation.","_yoast_wpseo_title":"Defense Attorney | Criminal Lawyer | Rien, Adams & Cox LLP","_yoast_wpseo_metadesc":"We are Defense Attorneys who provide fierece and passionate Criminal Defense. Call 925-449-0666 to schedule your free consultation.","_aioseo_title":"","_aioseo_description":"","_metasync_seo_title":"","_metasync_seo_desc":"","_metasync_breadcrumb_title":"","_metasync_primary_category":0,"_metasync_primary_product_cat":0,"_metasync_otto_disabled":"","_metasync_hreflang":"","_metasync_plugin_sync_ts":"","_metasync_robots_advanced":"","footnotes":""},"class_list":["post-253","page","type-page","status-publish","hentry"],"_links":{"self":[{"href":"https:\/\/www.criminalaw.net\/es\/wp-json\/wp\/v2\/pages\/253","targetHints":{"allow":["GET"]}}],"collection":[{"href":"https:\/\/www.criminalaw.net\/es\/wp-json\/wp\/v2\/pages"}],"about":[{"href":"https:\/\/www.criminalaw.net\/es\/wp-json\/wp\/v2\/types\/page"}],"author":[{"embeddable":true,"href":"https:\/\/www.criminalaw.net\/es\/wp-json\/wp\/v2\/users\/5"}],"replies":[{"embeddable":true,"href":"https:\/\/www.criminalaw.net\/es\/wp-json\/wp\/v2\/comments?post=253"}],"version-history":[{"count":0,"href":"https:\/\/www.criminalaw.net\/es\/wp-json\/wp\/v2\/pages\/253\/revisions"}],"wp:attachment":[{"href":"https:\/\/www.criminalaw.net\/es\/wp-json\/wp\/v2\/media?parent=253"}],"curies":[{"name":"wp","href":"https:\/\/api.w.org\/{rel}","templated":true}]}}