{"id":257,"date":"2019-09-03T08:05:56","date_gmt":"2019-09-03T08:05:56","guid":{"rendered":"http:\/\/www.criminalaw.net\/criminal-defense\/"},"modified":"2025-02-05T19:40:23","modified_gmt":"2025-02-06T03:40:23","slug":"defensa-criminal","status":"publish","type":"page","link":"https:\/\/www.criminalaw.net\/es\/defensa-criminal\/","title":{"rendered":"Defensa Criminal"},"content":{"rendered":"<div class=\"wpb-content-wrapper\"><p>[vc_row css_animation=\u00bb\u00bb row_type=\u00bbrow\u00bb use_row_as_full_screen_section=\u00bbno\u00bb type=\u00bbgrid\u00bb angled_section=\u00bbno\u00bb text_align=\u00bbcenter\u00bb background_image_as_pattern=\u00bbwithout_pattern\u00bb z_index=\u00bb\u00bb background_color=\u00bb#4b122e\u00bb css=\u00bb.vc_custom_1568649046593{background-position: 0 0 !important;background-repeat: no-repeat !important;}\u00bb][vc_column][vc_single_image image=\u00bb470&#8243; img_size=\u00bbfull\u00bb qode_css_animation=\u00bb\u00bb el_class=\u00bbheader-left-img\u00bb][\/vc_column][\/vc_row][vc_row css_animation=\u00bb\u00bb row_type=\u00bbrow\u00bb use_row_as_full_screen_section=\u00bbno\u00bb type=\u00bbgrid\u00bb angled_section=\u00bbno\u00bb text_align=\u00bbleft\u00bb background_image_as_pattern=\u00bbwithout_pattern\u00bb z_index=\u00bb\u00bb css=\u00bb.vc_custom_1567617379611{padding-top: 80px !important;padding-bottom: 80px !important;}\u00bb][vc_column][vc_column_text]<\/p>\n<h1>UNA DEFENSA VIGOROSA CONTRA LAS ALEGACIONES DE MALA CONDUCTA PENAL EN TIEMPOS DIF\u00cdCILES<\/h1>\n<p>[\/vc_column_text][vc_column_text css=\u00bb\u00bb]La firma de abogados de <strong><span class=\"firm-name\">Rien, Adams &amp; Cox, LLP<\/span><\/strong>, ofrece una defensa inteligente, agresiva y creativa en nombre de las personas acusadas de cometer delitos. Los clientes siempre pueden esperar un tratamiento compasivo, imparcial y comprensivo. La firma est\u00e1 comprometida a cerrar relaciones de trabajo e informadas con los clientes.<\/p>\n<p>De los delitos relacionados con el tr\u00e1fico, como la conducci\u00f3n bajo el efecto del alcohol y\/o drogas (DUI), la conducci\u00f3n imprudente y el homicidio involuntario, a los delitos graves y violentos alegados contra personas y bienes, como violaciones, robos, asesinatos, delitos relacionados con drogas y sexo, los abogados experimentados y probados de <strong>Rien, Adams y Cox. , LLP<\/strong>, lucha en nombre de los clientes en el \u00e1rea de la Bah\u00eda de San Francisco y en el Valle Central.<\/p>\n<p>Estamos preparados para luchar agresivamente por sus derechos y su futuro si ha sido acusado de:<\/p>\n<ul>\n<li><strong><a href=\"https:\/\/www.criminalaw.net\/es\/Defensa-DUI\/\">DUI \/ DWI<\/a><\/strong><strong>: <\/strong>Los abogados de <strong><span class=\"firm-name\">Rien, Adams &amp; Cox, LLP<\/span><\/strong> tienen d\u00e9cadas de experiencia combinada en la defensa de conductores contra acusaciones de conducir bajo la influencia del alcohol y las drogas, ya sea una ofensa por primera vez o delitos m\u00e1s graves que involucren condenas anteriores, delitos graves y -hu\u00edda, homicidio y asesinato. La firma proporciona representaci\u00f3n de menores de edad, conductores comerciales y ante el Departamento de Veh\u00edculos Motorizados de California por amenaza de suspensi\u00f3n o revocaci\u00f3n de una licencia de conducir.<\/li>\n<li><strong><a href=\"https:\/\/www.criminalaw.net\/es\/defensa-criminal\/delitos-sexuales\/\">Delitos Relacionados con las Drogas<\/a><\/strong><strong>:<\/strong> la firma es experta en la defensa de delitos relacionados con las drogas, ya sea por simple posesi\u00f3n, cultivo, fabricaci\u00f3n, transporte o venta de una sustancia controlada. Esto puede incluir delitos que involucran medicamentos recetados y problemas de abuso de sustancias que requieren programas de rehabilitaci\u00f3n. En <strong><span class=\"firm-name\">Rien, Adams &amp; Cox, LLP<\/span><\/strong>, los clientes cuyos derechos han sido violados en virtud de la 4ta Enmienda a la Constituci\u00f3n de los Estados Unidos, y quienes est\u00e1n amenazados con registrarse como delincuentes de drogas, son defendidos vigorosamente.<\/li>\n<li><strong><a href=\"https:\/\/www.criminalaw.net\/es\/defensa-criminal\/delitos-sexuales\/\">Delitos Sexuales<\/a>:<\/strong> los abogados de <strong><span class=\"firm-name\">Rien, Adams &amp; Cox, LLP<\/span><\/strong> tienen un historial comprobado de \u00e9xito en la defensa contra cargos de conducta sexual indebida, como agresi\u00f3n sexual, violaci\u00f3n, abuso sexual de menores, delitos relacionados con el intercambio o la adquisici\u00f3n de im\u00e1genes digitales en Internet. Solicitud de prostituci\u00f3n o prostituci\u00f3n. La defensa agresiva es necesaria para protegerse contra las consecuencias colaterales de una condena por delito sexual, como el tiempo obligatorio de c\u00e1rcel o prisi\u00f3n, el registro de por vida en Internet como delincuente sexual, as\u00ed como la humillaci\u00f3n asociada y la p\u00e9rdida de la licencia profesional y el empleo.<\/li>\n<li><strong><a href=\"https:\/\/www.criminalaw.net\/es\/defensa-criminal\/ofensas-de-robo\/\">Ofensas de Robo y Fraude<\/a>:<\/strong> La oficina legale de <strong><span class=\"firm-name\">Rien, Adams &amp; Cox, LLP<\/span><\/strong> es un defensor dedicado contra las denuncias de delitos menores, robo y fraude. Dichos cr\u00edmenes pueden involucrar reclamos de negocios o fraude y robo, malversaci\u00f3n, robo de identidad y delitos de internet. En muchos casos, las reclamaciones exorbitantes e irrazonables de p\u00e9rdida resultan en audiencias de restituci\u00f3n. Los abogados de <strong><span class=\"firm-name\">Rien, Adams &amp; Cox, LLP<\/span><\/strong> tienen una amplia experiencia en la defensa contra reclamaciones de p\u00e9rdidas escandalosas.<\/li>\n<li><strong><a href=\"https:\/\/www.criminalaw.net\/es\/defensa-criminal\/crimenes-violentos\/\">Delitos Graves y Violentos<\/a>:<\/strong> toda persona acusada de cometer un delito \u00abgrave\u00bb o \u00abviolento\u00bb, o que haya sido acusada de un delito \u00abgrave\u00bb o \u00abviolento\u00bb, debe tener la representaci\u00f3n m\u00e1s agresiva posible, ya que estos delitos pueden constituir \u00abfallas\u00bb bajo la ley 3 Fallas en California. La ley de 3 Fallas exige que las personas condenadas por un delito grave o violento deben ir a prisi\u00f3n, deben duplicar su per\u00edodo de prisi\u00f3n cuando se demuestre una fallas anterior y deben estar en prisi\u00f3n por 25 a\u00f1os a cadena perpetua, donde dos o m\u00e1s convicciones de huelga han sido probadas. Los abogados de <strong><span class=\"firm-name\">Rien, Adams &amp; Cox, LLP<\/span><\/strong> son defensores expertos en la defensa contra delitos graves y violentos: delitos que incluyen el uso de armas de fuego, lesiones corporales graves, robos, robos o asesinatos. Muchos m\u00e1s cr\u00edmenes califican para el tratamiento bajo la ley 3 Fallas en California, y los abogados de <strong><span class=\"firm-name\">Rien, Adams &amp; Cox, LLP<\/span><\/strong> est\u00e1n disponibles para defenderlo de la devastadora consecuencia de una condena.<\/li>\n<li><strong><a href=\"https:\/\/www.criminalaw.net\/es\/defensa-criminal\/delitos-juveniles\/\">Delitos Juveniles &#8211; Delincuencia y Dependencia<\/a>:<\/strong> los abogados de <strong><span class=\"firm-name\">Rien, Adams &amp; Cox, LLP<\/span><\/strong> est\u00e1n especialmente capacitados y tienen la experiencia necesaria para defender a los menores tanto en los procedimientos de delincuencia (denuncias penales) como en los de dependencia (colocaci\u00f3n fuera del hogar) en el tribunal de menores . Adem\u00e1s, la firma representa a los menores ante los consejos disciplinarios de la escuela en asuntos de suspensi\u00f3n acad\u00e9mica amenazada o expulsi\u00f3n derivada de reclamos de conducta delictiva. Restaurar la promesa y el potencial de un cliente juvenil para funcionar con \u00e9xito en un mundo adulto es una prioridad valorada en <strong><span class=\"firm-name\">Rien, Adams &amp; Cox, LLP<\/span>.<\/strong><\/li>\n<\/ul>\n<h2>Compasi\u00f3n y Comprensi\u00f3n de Abogados Altamente Calificados<\/h2>\n<p><strong><span class=\"firm-name\">Rien, Adams &amp; Cox, LLP<\/span><\/strong> se enorgullece de la prestaci\u00f3n de servicios legales de manera imparcial, compasiva y comprensiva. Ya sea que est\u00e9 simplemente preocupado por la exposici\u00f3n a un proceso penal, si est\u00e1 bajo investigaci\u00f3n activa o si ha sido arrestado y acusado, los abogados de Rien, Adams y Cox, LLP est\u00e1n disponibles para ayudarlo. Los abogados est\u00e1n listos para responder a todas sus preguntas.<\/p>\n<h2>No Espere para Solicitar una Consulta Inicial Gratuita<\/h2>\n<p>P\u00f3ngase en contacto con <strong><span class=\"firm-name\">Rien, Adams &amp; Cox, LLP<\/span><\/strong> hoy. Programar una consulta inicial gratuita es f\u00e1cil. Simplemente <a href=\"https:\/\/www.criminalaw.net\/es\/contact\/\">cont\u00e1ctenos en l\u00ednea<\/a> o llame al 925-449-0666.<\/p>\n<p>La firma est\u00e1 convenientemente ubicada en Livermore y tiene una ubicaci\u00f3n central para servir en la Alameda (Oakland, Fremont, San Leandro Juvenil, Dubl\u00edn), Contra Costa (Mart\u00ednez, Richmond), Santa Clara (San Jos\u00e9, Redwood City), San Joaqu\u00edn (Manteca) , French Camp Juvenile, Stockton, Lodi) y Stanislaus (Modesto) de los juzgados.[\/vc_column_text][\/vc_column][\/vc_row]<\/p>\n<\/div>","protected":false},"excerpt":{"rendered":"<p>[vc_row css_animation=\u00bb\u00bb row_type=\u00bbrow\u00bb use_row_as_full_screen_section=\u00bbno\u00bb type=\u00bbgrid\u00bb angled_section=\u00bbno\u00bb text_align=\u00bbcenter\u00bb background_image_as_pattern=\u00bbwithout_pattern\u00bb z_index=\u00bb\u00bb background_color=\u00bb#4b122e\u00bb css=\u00bb.vc_custom_1568649046593{background-position: 0 0 !important;background-repeat: no-repeat !important;}\u00bb][vc_column][vc_single_image image=\u00bb470&#8243; img_size=\u00bbfull\u00bb qode_css_animation=\u00bb\u00bb el_class=\u00bbheader-left-img\u00bb][\/vc_column][\/vc_row][vc_row css_animation=\u00bb\u00bb row_type=\u00bbrow\u00bb use_row_as_full_screen_section=\u00bbno\u00bb type=\u00bbgrid\u00bb angled_section=\u00bbno\u00bb text_align=\u00bbleft\u00bb background_image_as_pattern=\u00bbwithout_pattern\u00bb z_index=\u00bb\u00bb css=\u00bb.vc_custom_1567617379611{padding-top: 80px !important;padding-bottom: 80px !important;}\u00bb][vc_column][vc_column_text] UNA DEFENSA VIGOROSA CONTRA LAS ALEGACIONES DE MALA CONDUCTA PENAL EN TIEMPOS&#8230;<\/p>\n","protected":false},"author":5,"featured_media":0,"parent":0,"menu_order":0,"comment_status":"closed","ping_status":"closed","template":"full_width.php","meta":{"_metasync_otto_title":"","_metasync_otto_description":"","_metasync_otto_keywords":"","_metasync_otto_og_title":"","_metasync_otto_og_description":"","_metasync_otto_twitter_title":"","_metasync_otto_twitter_description":"","rank_math_title":"","rank_math_description":"Desde infracciones de tr\u00e1nsito como DUI hasta delitos violentos, nuestros abogados con experiencia en defensa penal luchan en nombre de clientes en el \u00c1rea de la Bah\u00eda y el Valle Central.","_yoast_wpseo_title":"","_yoast_wpseo_metadesc":"Desde infracciones de tr\u00e1nsito como DUI hasta delitos violentos, nuestros abogados con experiencia en defensa penal luchan en nombre de clientes en el \u00c1rea de la Bah\u00eda y el Valle Central.","_aioseo_title":"","_aioseo_description":"","_metasync_seo_title":"","_metasync_seo_desc":"","_metasync_breadcrumb_title":"","_metasync_primary_category":0,"_metasync_primary_product_cat":0,"_metasync_otto_disabled":"","_metasync_hreflang":"","footnotes":""},"class_list":["post-257","page","type-page","status-publish","hentry"],"_links":{"self":[{"href":"https:\/\/www.criminalaw.net\/es\/wp-json\/wp\/v2\/pages\/257","targetHints":{"allow":["GET"]}}],"collection":[{"href":"https:\/\/www.criminalaw.net\/es\/wp-json\/wp\/v2\/pages"}],"about":[{"href":"https:\/\/www.criminalaw.net\/es\/wp-json\/wp\/v2\/types\/page"}],"author":[{"embeddable":true,"href":"https:\/\/www.criminalaw.net\/es\/wp-json\/wp\/v2\/users\/5"}],"replies":[{"embeddable":true,"href":"https:\/\/www.criminalaw.net\/es\/wp-json\/wp\/v2\/comments?post=257"}],"version-history":[{"count":0,"href":"https:\/\/www.criminalaw.net\/es\/wp-json\/wp\/v2\/pages\/257\/revisions"}],"wp:attachment":[{"href":"https:\/\/www.criminalaw.net\/es\/wp-json\/wp\/v2\/media?parent=257"}],"curies":[{"name":"wp","href":"https:\/\/api.w.org\/{rel}","templated":true}]}}