{"id":262,"date":"2019-09-13T22:36:39","date_gmt":"2019-09-13T22:36:39","guid":{"rendered":"http:\/\/www.criminalaw.net\/defensa-criminal\/juvenile-crimes\/"},"modified":"2024-04-12T11:58:55","modified_gmt":"2024-04-12T18:58:55","slug":"delitos-juveniles","status":"publish","type":"page","link":"https:\/\/www.criminalaw.net\/es\/defensa-criminal\/delitos-juveniles\/","title":{"rendered":"Delitos Juveniles"},"content":{"rendered":"<div class=\"wpb-content-wrapper\"><p>[vc_row css_animation=\u00bb\u00bb row_type=\u00bbrow\u00bb use_row_as_full_screen_section=\u00bbno\u00bb type=\u00bbgrid\u00bb angled_section=\u00bbno\u00bb text_align=\u00bbcenter\u00bb background_image_as_pattern=\u00bbwithout_pattern\u00bb z_index=\u00bb\u00bb background_color=\u00bb#4b122e\u00bb css=\u00bb.vc_custom_1568651590466{background-position: 0 0 !important;background-repeat: no-repeat !important;}\u00bb][vc_column][vc_single_image image=\u00bb470&#8243; img_size=\u00bbfull\u00bb alignment=\u00bbcenter\u00bb qode_css_animation=\u00bb\u00bb el_class=\u00bbheader-left-img\u00bb][\/vc_column][\/vc_row][vc_row css_animation=\u00bb\u00bb row_type=\u00bbrow\u00bb use_row_as_full_screen_section=\u00bbno\u00bb type=\u00bbgrid\u00bb angled_section=\u00bbno\u00bb text_align=\u00bbleft\u00bb background_image_as_pattern=\u00bbwithout_pattern\u00bb z_index=\u00bb\u00bb css=\u00bb.vc_custom_1567617379611{padding-top: 80px !important;padding-bottom: 80px !important;}\u00bb][vc_column width=\u00bb2\/3&#8243;][vc_column_text]<\/p>\n<h1>PROTEJA A SU HIJO DE LAS FUTURAS RAMIFICACIONES DE UNA CONVICCI\u00d3N PENAL<\/h1>\n<p>[\/vc_column_text][vc_column_text]Si su hijo o hija ha sido arrestado o acusado de un delito, su instinto como padre es proteger a su hijo. Los cargos criminales pueden ser complicados y una condena penal podr\u00eda arruinar el futuro de su hijo.<\/p>\n<p>Su familia necesita un abogado defensor juvenil agresivo y experimentado que proteja los derechos de su hijo y el futuro de su hijo. Para una consulta inicial gratuita con un abogado de derecho juvenil, comun\u00edquese con <strong><span class=\"firm-name\">Rien, Adams &amp; Cox, LLP<\/span><\/strong> hoy.<\/p>\n<h2>Los Derechos de Su Hijo &#8211; El Futuro de su Hijo<\/h2>\n<p>Una condena por un delito menor de posesi\u00f3n de drogas u otro delito puede parecer simple ahora, pero esa condena podr\u00eda afectar a su hijo en los a\u00f1os venideros, afectando la admisi\u00f3n a la universidad, las oportunidades de trabajo o su propia libertad.<\/p>\n<p>Proteja los derechos de su hijo mientras est\u00e9 en el sistema de justicia penal y proteja el futuro de su hijo hablando con un abogado experimentado en derecho juvenil. <strong><span class=\"firm-name\">Rien, Adams &amp; Cox, LLP<\/span><\/strong> en Livermore, representan a menores que han sido acusados o inculpado de delitos menores y delitos mayores, como:<\/p>\n<ul>\n<li>Cr\u00edmenes violentos, como asesinato \/ homicidio, asalto y agresi\u00f3n<\/li>\n<li>Ofensas de drogas, tales como posesi\u00f3n de drogas y venta de drogas<\/li>\n<li>Delitos sexuales, como violaci\u00f3n sexual, agresi\u00f3n sexual y abuso sexual de menores<\/li>\n<li>Delitos contra la propiedad, tales como robo, asalto, vandalismo, robo y asalto de tiendas<\/li>\n<li class=\"last-child\">Ofensas de tr\u00e1fico, como DUI, manejo imprudente y carreras callejeras<\/li>\n<\/ul>\n<p>Los asuntos juveniles son diferentes de la persecuci\u00f3n y el castigo de los adultos. Nuestros abogados de derecho juvenil pueden explicarle las diferencias y lo que puede esperar. La empresa puede manejar los problemas relacionados con la competencia, los problemas emocionales y psiqui\u00e1tricos, y el sellado de registros juveniles cuando su hijo cumpla 18 a\u00f1os.<\/p>\n<h2>Con\u00e9ctese Con Nuestros Abogados Hoy<\/h2>\n<p>No importa de qu\u00e9 delito se acusa o se le acusa a su hijo, desde posesi\u00f3n de drogas, hurto o vandalismo hasta agresi\u00f3n, violaci\u00f3n o asesinato, <a href=\"https:\/\/www.criminalaw.net\/es\/contact\/\">comun\u00edquese con <strong><span class=\"firm-name\">Rien, Adams &amp; Cox, LLP<\/span><\/strong><\/a> para obtener un abogado experimentado. Nuestros abogados pueden ayudar a su hijo ahora y ayudar a proteger su futuro.[\/vc_column_text][\/vc_column][vc_column width=\u00bb1\/3&#8243;][vc_single_image image=\u00bb463&#8243; img_size=\u00bbmedium\u00bb alignment=\u00bbcenter\u00bb qode_css_animation=\u00bb\u00bb][vc_single_image image=\u00bb453&#8243; img_size=\u00bbmedium\u00bb alignment=\u00bbcenter\u00bb qode_css_animation=\u00bb\u00bb][vc_single_image image=\u00bb467&#8243; img_size=\u00bbmedium\u00bb alignment=\u00bbcenter\u00bb qode_css_animation=\u00bb\u00bb]\n<div class=\"wpcf7 no-js\" id=\"wpcf7-f493-o1\" lang=\"es-ES\" dir=\"ltr\" data-wpcf7-id=\"493\">\n<div class=\"screen-reader-response\"><p role=\"status\" aria-live=\"polite\" aria-atomic=\"true\"><\/p> <ul><\/ul><\/div>\n<form action=\"\/es\/wp-json\/wp\/v2\/pages\/262#wpcf7-f493-o1\" method=\"post\" class=\"wpcf7-form init default\" aria-label=\"Formulario de contacto\" novalidate=\"novalidate\" data-status=\"init\">\n<fieldset class=\"hidden-fields-container\"><input type=\"hidden\" name=\"_wpcf7\" value=\"493\" \/><input type=\"hidden\" name=\"_wpcf7_version\" value=\"6.1.5\" \/><input type=\"hidden\" name=\"_wpcf7_locale\" value=\"es_ES\" \/><input type=\"hidden\" name=\"_wpcf7_unit_tag\" value=\"wpcf7-f493-o1\" \/><input type=\"hidden\" name=\"_wpcf7_container_post\" value=\"0\" \/><input type=\"hidden\" name=\"_wpcf7_posted_data_hash\" value=\"\" \/><input type=\"hidden\" name=\"_wpcf7dtx_version\" value=\"5.0.5\" \/><input type=\"hidden\" name=\"_wpcf7_recaptcha_response\" value=\"\" \/>\n<\/fieldset>\n<p style=\"font-size: 28px; font-family: 'Montserrat', sans-serif; color:#ffffff; margin-bottom: 16px; line-height: 1.25em; font-weight: bold;\">Obtenga una consulta gratuita\n<\/p>\n<div class=\"form-row\">\n\t<p><span class=\"wpcf7-form-control-wrap\" data-name=\"your-name\"><input size=\"40\" maxlength=\"400\" class=\"wpcf7-form-control wpcf7-text wpcf7-validates-as-required\" aria-required=\"true\" aria-invalid=\"false\" placeholder=\"Nombre\" value=\"\" type=\"text\" name=\"your-name\" \/><\/span>\n\t<\/p>\n<\/div>\n<div class=\"form-row\">\n\t<p><span class=\"wpcf7-form-control-wrap\" data-name=\"your-email\"><input size=\"40\" maxlength=\"400\" class=\"wpcf7-form-control wpcf7-email wpcf7-validates-as-required wpcf7-text wpcf7-validates-as-email\" aria-required=\"true\" aria-invalid=\"false\" placeholder=\"E-Mail\" value=\"\" type=\"email\" name=\"your-email\" \/><\/span>\n\t<\/p>\n<\/div>\n<div class=\"form-row\">\n\t<p><span class=\"wpcf7-form-control-wrap\" data-name=\"your-phone\"><input size=\"40\" maxlength=\"400\" class=\"wpcf7-form-control wpcf7-text wpcf7-validates-as-required\" aria-required=\"true\" aria-invalid=\"false\" placeholder=\"tel\u00e9fono\" value=\"\" type=\"text\" name=\"your-phone\" \/><\/span>\n\t<\/p>\n<\/div>\n<div class=\"form-row\">\n\t<p><span class=\"wpcf7-form-control-wrap\" data-name=\"your-message\"><textarea cols=\"40\" rows=\"10\" maxlength=\"2000\" class=\"wpcf7-form-control wpcf7-textarea\" aria-invalid=\"false\" placeholder=\"Breve descripci\u00f3n de su problema legal\" name=\"your-message\"><\/textarea><\/span>\n\t<\/p>\n<\/div>\n<div class=\"form-row\">\n\t<p><span class=\"wpcf7-form-control-wrap\" data-name=\"checkbox-335\"><span class=\"wpcf7-form-control wpcf7-checkbox wpcf7-validates-as-required\"><span class=\"wpcf7-list-item first last\"><input type=\"checkbox\" name=\"checkbox-335[]\" value=\"He le\u00eddo\" \/><span class=\"wpcf7-list-item-label\">He le\u00eddo<\/span><\/span><\/span><\/span><label> <a href=\"https:\/\/www.criminalaw.net\/disclaimer\/\">del descargo de responsabilidad.<\/a>.<\/label>\n\t<\/p>\n<\/div>\n<span class=\"wpcf7-form-control-wrap text-url\" data-name=\"text-url\"><input type=\"hidden\" name=\"text-url\" class=\"wpcf7-form-control wpcf7-hidden wpcf7dtx wpcf7dtx-hidden\" aria-invalid=\"false\" value=\"https:\/\/www.criminalaw.net\/es\/wp-json\/wp\/v2\/pages\/262\"><\/span>\n<div class=\"form-row\">\n\t<p><input class=\"wpcf7-form-control wpcf7-submit has-spinner\" type=\"submit\" value=\"Contacta con nosotros hoy &gt;\" \/>\n\t<\/p>\n<\/div><div class=\"wpcf7-response-output\" aria-hidden=\"true\"><\/div>\n<\/form>\n<\/div>\n[\/vc_column][\/vc_row]<\/p>\n<\/div>","protected":false},"excerpt":{"rendered":"<p>[vc_row css_animation=\u00bb\u00bb row_type=\u00bbrow\u00bb use_row_as_full_screen_section=\u00bbno\u00bb type=\u00bbgrid\u00bb angled_section=\u00bbno\u00bb text_align=\u00bbcenter\u00bb background_image_as_pattern=\u00bbwithout_pattern\u00bb z_index=\u00bb\u00bb background_color=\u00bb#4b122e\u00bb css=\u00bb.vc_custom_1568651590466{background-position: 0 0 !important;background-repeat: no-repeat !important;}\u00bb][vc_column][vc_single_image image=\u00bb470&#8243; img_size=\u00bbfull\u00bb alignment=\u00bbcenter\u00bb qode_css_animation=\u00bb\u00bb el_class=\u00bbheader-left-img\u00bb][\/vc_column][\/vc_row][vc_row css_animation=\u00bb\u00bb row_type=\u00bbrow\u00bb use_row_as_full_screen_section=\u00bbno\u00bb type=\u00bbgrid\u00bb angled_section=\u00bbno\u00bb text_align=\u00bbleft\u00bb background_image_as_pattern=\u00bbwithout_pattern\u00bb z_index=\u00bb\u00bb css=\u00bb.vc_custom_1567617379611{padding-top: 80px !important;padding-bottom: 80px !important;}\u00bb][vc_column width=\u00bb2\/3&#8243;][vc_column_text] PROTEJA A SU HIJO DE LAS FUTURAS RAMIFICACIONES DE UNA&#8230;<\/p>\n","protected":false},"author":5,"featured_media":0,"parent":257,"menu_order":0,"comment_status":"closed","ping_status":"closed","template":"full_width.php","meta":{"_metasync_otto_title":"","_metasync_otto_description":"","_metasync_otto_keywords":"","_metasync_otto_og_title":"","_metasync_otto_og_description":"","_metasync_otto_twitter_title":"","_metasync_otto_twitter_description":"","rank_math_title":"","rank_math_description":"Si su familia necesita un abogado de defensa juvenil agresivo y experimentado que proteja los derechos y el futuro de su hijo, cont\u00e1ctenos hoy.","_yoast_wpseo_title":"","_yoast_wpseo_metadesc":"Si su familia necesita un abogado de defensa juvenil agresivo y experimentado que proteja los derechos y el futuro de su hijo, cont\u00e1ctenos hoy.","_aioseo_title":"","_aioseo_description":"","_metasync_seo_title":"","_metasync_seo_desc":"","_metasync_breadcrumb_title":"","_metasync_primary_category":0,"_metasync_primary_product_cat":0,"_metasync_otto_disabled":"","_metasync_hreflang":"","footnotes":""},"class_list":["post-262","page","type-page","status-publish","hentry"],"_links":{"self":[{"href":"https:\/\/www.criminalaw.net\/es\/wp-json\/wp\/v2\/pages\/262","targetHints":{"allow":["GET"]}}],"collection":[{"href":"https:\/\/www.criminalaw.net\/es\/wp-json\/wp\/v2\/pages"}],"about":[{"href":"https:\/\/www.criminalaw.net\/es\/wp-json\/wp\/v2\/types\/page"}],"author":[{"embeddable":true,"href":"https:\/\/www.criminalaw.net\/es\/wp-json\/wp\/v2\/users\/5"}],"replies":[{"embeddable":true,"href":"https:\/\/www.criminalaw.net\/es\/wp-json\/wp\/v2\/comments?post=262"}],"version-history":[{"count":0,"href":"https:\/\/www.criminalaw.net\/es\/wp-json\/wp\/v2\/pages\/262\/revisions"}],"up":[{"embeddable":true,"href":"https:\/\/www.criminalaw.net\/es\/wp-json\/wp\/v2\/pages\/257"}],"wp:attachment":[{"href":"https:\/\/www.criminalaw.net\/es\/wp-json\/wp\/v2\/media?parent=262"}],"curies":[{"name":"wp","href":"https:\/\/api.w.org\/{rel}","templated":true}]}}