{"id":264,"date":"2019-09-03T08:08:45","date_gmt":"2019-09-03T08:08:45","guid":{"rendered":"http:\/\/www.criminalaw.net\/defensa-criminal\/theft-and-fraud\/"},"modified":"2024-04-12T12:03:38","modified_gmt":"2024-04-12T19:03:38","slug":"ofensas-de-robo","status":"publish","type":"page","link":"https:\/\/www.criminalaw.net\/es\/defensa-criminal\/ofensas-de-robo\/","title":{"rendered":"Ofensas de Robo"},"content":{"rendered":"<div class=\"wpb-content-wrapper\"><p>[vc_row css_animation=\u00bb\u00bb row_type=\u00bbrow\u00bb use_row_as_full_screen_section=\u00bbno\u00bb type=\u00bbgrid\u00bb angled_section=\u00bbno\u00bb text_align=\u00bbcenter\u00bb background_image_as_pattern=\u00bbwithout_pattern\u00bb z_index=\u00bb\u00bb background_color=\u00bb#4b122e\u00bb css=\u00bb.vc_custom_1568652036902{background-position: 0 0 !important;background-repeat: no-repeat !important;}\u00bb][vc_column][vc_single_image image=\u00bb470&#8243; img_size=\u00bbfull\u00bb alignment=\u00bbcenter\u00bb qode_css_animation=\u00bb\u00bb el_class=\u00bbheader-left-img\u00bb][\/vc_column][\/vc_row][vc_row css_animation=\u00bb\u00bb row_type=\u00bbrow\u00bb use_row_as_full_screen_section=\u00bbno\u00bb type=\u00bbgrid\u00bb angled_section=\u00bbno\u00bb text_align=\u00bbleft\u00bb background_image_as_pattern=\u00bbwithout_pattern\u00bb z_index=\u00bb\u00bb css=\u00bb.vc_custom_1567617379611{padding-top: 80px !important;padding-bottom: 80px !important;}\u00bb][vc_column][vc_column_text]<\/p>\n<h1>DEFENDI\u00c9NDOLO CONTRA ACUSACIONES DE ROBO Y FRAUDE<\/h1>\n<p>[\/vc_column_text][vc_column_text]Los abogados de <strong><span class=\"firm-name\">Rien, Adams &amp; Cox, LLP<\/span><\/strong> defienden a las personas acusadas de delitos de cuello blanco. Nuestro prop\u00f3sito es proporcionar representaci\u00f3n de defensa criminal de alta calidad con excelente servicio al cliente. <strong><span class=\"firm-name\">Rien, Adams &amp; Cox, LLP<\/span><\/strong> sirve los mejores intereses de los clientes con honestidad e integridad.<\/p>\n<h2>\u00bfQu\u00e9 es un crimen de cuello blanco?<\/h2>\n<p>Un delito de cuello blanco es un delito en el que el acusado suele ser un profesional y empleado de la empresa o entidad que ha sido estafado. El crimen de cuello blanco incluye una gran cantidad de delitos, que incluyen:<\/p>\n<ul>\n<li>Robo y malversaci\u00f3n de empleados<\/li>\n<li>Fraude empresarial<\/li>\n<li>El robo de identidad<\/li>\n<li>fRaude de Internet<\/li>\n<li>Fraude en subastas de internet<\/li>\n<li>Fraude de tarjeta de credito<\/li>\n<li>Fraude bancario<\/li>\n<li>Pasando cheques sin fondos<\/li>\n<li class=\"last-child\">Fraude de facturaci\u00f3n<\/li>\n<\/ul>\n<p>La firma defiende a las personas acusadas de fraude y otros delitos de cuello blanco en un tribunal estatal. Las personas que han sido acusadas de un delito de cuello blanco, piensan que est\u00e1n bajo investigaci\u00f3n o creen que ser\u00e1n acusadas en el futuro necesitan un abogado familiarizado con la ley para aconsejarles sobre c\u00f3mo proceder.<\/p>\n<p>Nuestros abogados tienen la experiencia de defender agresivamente a las personas acusadas de fraude y delitos de cuello blanco. El Sr. Rien fue certificado por primera vez como Especialista en Derecho Penal por la Junta de Especializaci\u00f3n Legal del Colegio de Abogados del Estado de California hace m\u00e1s de 30 a\u00f1os. Ha sido recertificado cada cinco a\u00f1os desde entonces. El Sr. Rien trabaja arduamente para mantenerse a la vanguardia de la pr\u00e1ctica de defensa criminal para brindar a los clientes el servicio que merecen.<\/p>\n<h2>Cuando Necesita una Defensa Agresiva, Nuestra Empresa Puede Ayudar<\/h2>\n<p><a href=\"https:\/\/www.criminalaw.net\/es\/contact\/\">Comun\u00edquese con <strong><span class=\"firm-name\">Rien, Adams &amp; Cox, LLP<\/span><\/strong><\/a> hoy mismo para programar una consulta inicial gratuita con un abogado de fraude del \u00e1rea de la Bah\u00eda de San Francisco y un abogado defensor de delitos de cuello blanco. Desde el fraude a la facturaci\u00f3n de m\u00e9dicos y quiropr\u00e1cticos hasta el fraude por Internet, la empresa entiende c\u00f3mo proteger los derechos de los clientes.[\/vc_column_text][\/vc_column][\/vc_row]<\/p>\n<\/div>","protected":false},"excerpt":{"rendered":"<p>[vc_row css_animation=\u00bb\u00bb row_type=\u00bbrow\u00bb use_row_as_full_screen_section=\u00bbno\u00bb type=\u00bbgrid\u00bb angled_section=\u00bbno\u00bb text_align=\u00bbcenter\u00bb background_image_as_pattern=\u00bbwithout_pattern\u00bb z_index=\u00bb\u00bb background_color=\u00bb#4b122e\u00bb css=\u00bb.vc_custom_1568652036902{background-position: 0 0 !important;background-repeat: no-repeat !important;}\u00bb][vc_column][vc_single_image image=\u00bb470&#8243; img_size=\u00bbfull\u00bb alignment=\u00bbcenter\u00bb qode_css_animation=\u00bb\u00bb el_class=\u00bbheader-left-img\u00bb][\/vc_column][\/vc_row][vc_row css_animation=\u00bb\u00bb row_type=\u00bbrow\u00bb use_row_as_full_screen_section=\u00bbno\u00bb type=\u00bbgrid\u00bb angled_section=\u00bbno\u00bb text_align=\u00bbleft\u00bb background_image_as_pattern=\u00bbwithout_pattern\u00bb z_index=\u00bb\u00bb css=\u00bb.vc_custom_1567617379611{padding-top: 80px !important;padding-bottom: 80px !important;}\u00bb][vc_column][vc_column_text] DEFENDI\u00c9NDOLO CONTRA ACUSACIONES DE ROBO Y FRAUDE [\/vc_column_text][vc_column_text]Los abogados de Rien,&#8230;<\/p>\n","protected":false},"author":5,"featured_media":0,"parent":257,"menu_order":0,"comment_status":"closed","ping_status":"closed","template":"full_width.php","meta":{"_metasync_otto_title":"","_metasync_otto_description":"","_metasync_otto_keywords":"","_metasync_otto_og_title":"","_metasync_otto_og_description":"","_metasync_otto_twitter_title":"","_metasync_otto_twitter_description":"","rank_math_title":"","rank_math_description":"Si su familia necesita un abogado de defensa juvenil agresivo y experimentado que proteja los derechos y el futuro de su hijo, cont\u00e1ctenos hoy.","_yoast_wpseo_title":"","_yoast_wpseo_metadesc":"Si su familia necesita un abogado de defensa juvenil agresivo y experimentado que proteja los derechos y el futuro de su hijo, cont\u00e1ctenos hoy.","_aioseo_title":"","_aioseo_description":"","_metasync_seo_title":"","_metasync_seo_desc":"","_metasync_breadcrumb_title":"","_metasync_primary_category":0,"_metasync_primary_product_cat":0,"_metasync_otto_disabled":"","_metasync_hreflang":"","footnotes":""},"class_list":["post-264","page","type-page","status-publish","hentry"],"_links":{"self":[{"href":"https:\/\/www.criminalaw.net\/es\/wp-json\/wp\/v2\/pages\/264","targetHints":{"allow":["GET"]}}],"collection":[{"href":"https:\/\/www.criminalaw.net\/es\/wp-json\/wp\/v2\/pages"}],"about":[{"href":"https:\/\/www.criminalaw.net\/es\/wp-json\/wp\/v2\/types\/page"}],"author":[{"embeddable":true,"href":"https:\/\/www.criminalaw.net\/es\/wp-json\/wp\/v2\/users\/5"}],"replies":[{"embeddable":true,"href":"https:\/\/www.criminalaw.net\/es\/wp-json\/wp\/v2\/comments?post=264"}],"version-history":[{"count":0,"href":"https:\/\/www.criminalaw.net\/es\/wp-json\/wp\/v2\/pages\/264\/revisions"}],"up":[{"embeddable":true,"href":"https:\/\/www.criminalaw.net\/es\/wp-json\/wp\/v2\/pages\/257"}],"wp:attachment":[{"href":"https:\/\/www.criminalaw.net\/es\/wp-json\/wp\/v2\/media?parent=264"}],"curies":[{"name":"wp","href":"https:\/\/api.w.org\/{rel}","templated":true}]}}