{"id":266,"date":"2019-09-13T22:48:20","date_gmt":"2019-09-13T22:48:20","guid":{"rendered":"http:\/\/www.criminalaw.net\/defensa-criminal\/weapons-gun-offenses\/"},"modified":"2024-04-12T11:53:18","modified_gmt":"2024-04-12T18:53:18","slug":"cargos-de-armas","status":"publish","type":"page","link":"https:\/\/www.criminalaw.net\/es\/defensa-criminal\/cargos-de-armas\/","title":{"rendered":"Cargos de Armas"},"content":{"rendered":"<div class=\"wpb-content-wrapper\"><p>[vc_row css_animation=\u00bb\u00bb row_type=\u00bbrow\u00bb use_row_as_full_screen_section=\u00bbno\u00bb type=\u00bbgrid\u00bb angled_section=\u00bbno\u00bb text_align=\u00bbcenter\u00bb background_image_as_pattern=\u00bbwithout_pattern\u00bb z_index=\u00bb\u00bb background_color=\u00bb#4b122e\u00bb css=\u00bb.vc_custom_1568652861980{background-position: 0 0 !important;background-repeat: no-repeat !important;}\u00bb][vc_column][vc_single_image image=\u00bb470&#8243; img_size=\u00bbfull\u00bb alignment=\u00bbcenter\u00bb qode_css_animation=\u00bb\u00bb el_class=\u00bbheader-left-img\u00bb][\/vc_column][\/vc_row][vc_row css_animation=\u00bb\u00bb row_type=\u00bbrow\u00bb use_row_as_full_screen_section=\u00bbno\u00bb type=\u00bbgrid\u00bb angled_section=\u00bbno\u00bb text_align=\u00bbleft\u00bb background_image_as_pattern=\u00bbwithout_pattern\u00bb z_index=\u00bb\u00bb css=\u00bb.vc_custom_1567617379611{padding-top: 80px !important;padding-bottom: 80px !important;}\u00bb][vc_column width=\u00bb2\/3&#8243;][vc_column_text]<\/p>\n<h1>UN ABOGADO CON EXPERIENCIA PUEDE AYUDARLE A EVITAR EL TIEMPO EN PRISI\u00d3N POR CARGOS DE ARMAS<\/h1>\n<p>[\/vc_column_text][vc_column_text]Los abogados de Oakland en <strong><span class=\"firm-name\">Rien, Adams &amp; Cox, LLP<\/span><\/strong> ayudan a los clientes brind\u00e1ndoles una defensa criminal con experiencia y competente en casos relacionados con cargos de armas.<\/p>\n<p>La pr\u00e1ctica de derecho penal de la firma cubre la defensa de muchas acusaciones criminales diferentes. Las personas en el \u00e1rea de la Bah\u00eda de San Francisco que han sido arrestadas, acusadas o piensan que podr\u00edan ser acusadas en un asunto criminal necesitan un abogado familiarizado con el sistema de justicia penal para ayudar a proteger sus derechos.<\/p>\n<p>Comun\u00edquese hoy mismo con las oficinas legales para programar una consulta gratuita con un experto en cargos de armas y un abogado de defensa criminal.<\/p>\n<h2>Cargos de Armas Graves y Tu Mejor Oportunidad en la Defensa<\/h2>\n<p>Los cr\u00edmenes con armas de fuego incluyen una variedad de ofensas. <strong><span class=\"firm-name\">Rien, Adams &amp; Cox, LLP<\/span><\/strong> defienden a clientes en casos penales relacionados con cargos por armas de fuego por:<\/p>\n<ul>\n<li>Posesi\u00f3n de un arma de fuego en un veh\u00edculo.<\/li>\n<li>Llevando un arma oculta<\/li>\n<li>Posesi\u00f3n de un arma de fuego por un delincuente condenado<\/li>\n<li>Posesi\u00f3n de un arma ilegal.<\/li>\n<li>Posesi\u00f3n de un tipo de arma de asalto militar.<\/li>\n<li>Posesi\u00f3n de cualquier otra arma prohibida.<\/li>\n<\/ul>\n<p>Algunos delitos con armas de fuego son delitos de estado como la ley contra los delincuentes que poseen un arma de fuego o la posesi\u00f3n de un arma de fuego dentro de los 10 a\u00f1os de una condena por delito menor por violencia dom\u00e9stica. Cualquiera que sea la ofensa, la confiscaci\u00f3n del arma de fuego y el tiempo de c\u00e1rcel potencial pueden estar en juego. El acusado necesita un abogado que entienda las leyes de armas de California para proteger sus derechos legales.<\/p>\n<h2>Estamos Aqu\u00ed Pata T\u00ed<\/h2>\n<p>El personal dedicado est\u00e1 disponible las 24 horas del d\u00eda, los 7 d\u00edas de la semana para garantizar que los clientes reciban la ayuda que necesitan. Cuando los fiscales apunten a los clientes de <strong><span class=\"firm-name\">Rien, Adams &amp; Cox, LLP<\/span><\/strong>, los clientes tendr\u00e1n la protecci\u00f3n necesaria para montar una defensa s\u00f3lida.<\/p>\n<p><a href=\"https:\/\/www.criminalaw.net\/es\/contact\/\">Comun\u00edquese con <strong><span class=\"firm-name\">Rien, Adams &amp; Cox, LLP<\/span><\/strong><\/a> hoy mismo para <strong>programar una consulta inicial gratuit<\/strong>a con un abogado con experiencia en el \u00c1rea de la Bah\u00eda de San Francisco.[\/vc_column_text][\/vc_column][vc_column width=\u00bb1\/3&#8243;][vc_single_image image=\u00bb203&#8243; img_size=\u00bbmedium\u00bb alignment=\u00bbcenter\u00bb qode_css_animation=\u00bb\u00bb][vc_single_image image=\u00bb453&#8243; img_size=\u00bbmedium\u00bb alignment=\u00bbcenter\u00bb qode_css_animation=\u00bb\u00bb]\n<div class=\"wpcf7 no-js\" id=\"wpcf7-f493-o1\" lang=\"es-ES\" dir=\"ltr\" data-wpcf7-id=\"493\">\n<div class=\"screen-reader-response\"><p role=\"status\" aria-live=\"polite\" aria-atomic=\"true\"><\/p> <ul><\/ul><\/div>\n<form action=\"\/es\/wp-json\/wp\/v2\/pages\/266#wpcf7-f493-o1\" method=\"post\" class=\"wpcf7-form init default\" aria-label=\"Formulario de contacto\" novalidate=\"novalidate\" data-status=\"init\">\n<fieldset class=\"hidden-fields-container\"><input type=\"hidden\" name=\"_wpcf7\" value=\"493\" \/><input type=\"hidden\" name=\"_wpcf7_version\" value=\"6.1.5\" \/><input type=\"hidden\" name=\"_wpcf7_locale\" value=\"es_ES\" \/><input type=\"hidden\" name=\"_wpcf7_unit_tag\" value=\"wpcf7-f493-o1\" \/><input type=\"hidden\" name=\"_wpcf7_container_post\" value=\"0\" \/><input type=\"hidden\" name=\"_wpcf7_posted_data_hash\" value=\"\" \/><input type=\"hidden\" name=\"_wpcf7dtx_version\" value=\"5.0.5\" \/><input type=\"hidden\" name=\"_wpcf7_recaptcha_response\" value=\"\" \/>\n<\/fieldset>\n<p style=\"font-size: 28px; font-family: 'Montserrat', sans-serif; color:#ffffff; margin-bottom: 16px; line-height: 1.25em; font-weight: bold;\">Obtenga una consulta gratuita\n<\/p>\n<div class=\"form-row\">\n\t<p><span class=\"wpcf7-form-control-wrap\" data-name=\"your-name\"><input size=\"40\" maxlength=\"400\" class=\"wpcf7-form-control wpcf7-text wpcf7-validates-as-required\" aria-required=\"true\" aria-invalid=\"false\" placeholder=\"Nombre\" value=\"\" type=\"text\" name=\"your-name\" \/><\/span>\n\t<\/p>\n<\/div>\n<div class=\"form-row\">\n\t<p><span class=\"wpcf7-form-control-wrap\" data-name=\"your-email\"><input size=\"40\" maxlength=\"400\" class=\"wpcf7-form-control wpcf7-email wpcf7-validates-as-required wpcf7-text wpcf7-validates-as-email\" aria-required=\"true\" aria-invalid=\"false\" placeholder=\"E-Mail\" value=\"\" type=\"email\" name=\"your-email\" \/><\/span>\n\t<\/p>\n<\/div>\n<div class=\"form-row\">\n\t<p><span class=\"wpcf7-form-control-wrap\" data-name=\"your-phone\"><input size=\"40\" maxlength=\"400\" class=\"wpcf7-form-control wpcf7-text wpcf7-validates-as-required\" aria-required=\"true\" aria-invalid=\"false\" placeholder=\"tel\u00e9fono\" value=\"\" type=\"text\" name=\"your-phone\" \/><\/span>\n\t<\/p>\n<\/div>\n<div class=\"form-row\">\n\t<p><span class=\"wpcf7-form-control-wrap\" data-name=\"your-message\"><textarea cols=\"40\" rows=\"10\" maxlength=\"2000\" class=\"wpcf7-form-control wpcf7-textarea\" aria-invalid=\"false\" placeholder=\"Breve descripci\u00f3n de su problema legal\" name=\"your-message\"><\/textarea><\/span>\n\t<\/p>\n<\/div>\n<div class=\"form-row\">\n\t<p><span class=\"wpcf7-form-control-wrap\" data-name=\"checkbox-335\"><span class=\"wpcf7-form-control wpcf7-checkbox wpcf7-validates-as-required\"><span class=\"wpcf7-list-item first last\"><input type=\"checkbox\" name=\"checkbox-335[]\" value=\"He le\u00eddo\" \/><span class=\"wpcf7-list-item-label\">He le\u00eddo<\/span><\/span><\/span><\/span><label> <a href=\"https:\/\/www.criminalaw.net\/disclaimer\/\">del descargo de responsabilidad.<\/a>.<\/label>\n\t<\/p>\n<\/div>\n<span class=\"wpcf7-form-control-wrap text-url\" data-name=\"text-url\"><input type=\"hidden\" name=\"text-url\" class=\"wpcf7-form-control wpcf7-hidden wpcf7dtx wpcf7dtx-hidden\" aria-invalid=\"false\" value=\"https:\/\/www.criminalaw.net\/es\/wp-json\/wp\/v2\/pages\/266\"><\/span>\n<div class=\"form-row\">\n\t<p><input class=\"wpcf7-form-control wpcf7-submit has-spinner\" type=\"submit\" value=\"Contacta con nosotros hoy &gt;\" \/>\n\t<\/p>\n<\/div><div class=\"wpcf7-response-output\" aria-hidden=\"true\"><\/div>\n<\/form>\n<\/div>\n[\/vc_column][\/vc_row]<\/p>\n<\/div>","protected":false},"excerpt":{"rendered":"<p>[vc_row css_animation=\u00bb\u00bb row_type=\u00bbrow\u00bb use_row_as_full_screen_section=\u00bbno\u00bb type=\u00bbgrid\u00bb angled_section=\u00bbno\u00bb text_align=\u00bbcenter\u00bb background_image_as_pattern=\u00bbwithout_pattern\u00bb z_index=\u00bb\u00bb background_color=\u00bb#4b122e\u00bb css=\u00bb.vc_custom_1568652861980{background-position: 0 0 !important;background-repeat: no-repeat !important;}\u00bb][vc_column][vc_single_image image=\u00bb470&#8243; img_size=\u00bbfull\u00bb alignment=\u00bbcenter\u00bb qode_css_animation=\u00bb\u00bb el_class=\u00bbheader-left-img\u00bb][\/vc_column][\/vc_row][vc_row css_animation=\u00bb\u00bb row_type=\u00bbrow\u00bb use_row_as_full_screen_section=\u00bbno\u00bb type=\u00bbgrid\u00bb angled_section=\u00bbno\u00bb text_align=\u00bbleft\u00bb background_image_as_pattern=\u00bbwithout_pattern\u00bb z_index=\u00bb\u00bb css=\u00bb.vc_custom_1567617379611{padding-top: 80px !important;padding-bottom: 80px !important;}\u00bb][vc_column width=\u00bb2\/3&#8243;][vc_column_text] UN ABOGADO CON EXPERIENCIA PUEDE AYUDARLE A EVITAR EL TIEMPO&#8230;<\/p>\n","protected":false},"author":5,"featured_media":0,"parent":257,"menu_order":0,"comment_status":"closed","ping_status":"closed","template":"full_width.php","meta":{"_metasync_otto_title":"","_metasync_otto_description":"","_metasync_otto_keywords":"","_metasync_otto_og_title":"","_metasync_otto_og_description":"","_metasync_otto_twitter_title":"","_metasync_otto_twitter_description":"","rank_math_title":"","rank_math_description":"Rien, Adams & Cox, LLP ayuda a los clientes al proporcionar defensa penal competente y con experiencia en casos relacionados con delitos con armas de fuego.","_yoast_wpseo_title":"","_yoast_wpseo_metadesc":"Rien, Adams & Cox, LLP ayuda a los clientes al proporcionar defensa penal competente y con experiencia en casos relacionados con delitos con armas de fuego.","_aioseo_title":"","_aioseo_description":"","_metasync_seo_title":"","_metasync_seo_desc":"","_metasync_otto_disabled":"","footnotes":""},"class_list":["post-266","page","type-page","status-publish","hentry"],"_links":{"self":[{"href":"https:\/\/www.criminalaw.net\/es\/wp-json\/wp\/v2\/pages\/266","targetHints":{"allow":["GET"]}}],"collection":[{"href":"https:\/\/www.criminalaw.net\/es\/wp-json\/wp\/v2\/pages"}],"about":[{"href":"https:\/\/www.criminalaw.net\/es\/wp-json\/wp\/v2\/types\/page"}],"author":[{"embeddable":true,"href":"https:\/\/www.criminalaw.net\/es\/wp-json\/wp\/v2\/users\/5"}],"replies":[{"embeddable":true,"href":"https:\/\/www.criminalaw.net\/es\/wp-json\/wp\/v2\/comments?post=266"}],"version-history":[{"count":0,"href":"https:\/\/www.criminalaw.net\/es\/wp-json\/wp\/v2\/pages\/266\/revisions"}],"up":[{"embeddable":true,"href":"https:\/\/www.criminalaw.net\/es\/wp-json\/wp\/v2\/pages\/257"}],"wp:attachment":[{"href":"https:\/\/www.criminalaw.net\/es\/wp-json\/wp\/v2\/media?parent=266"}],"curies":[{"name":"wp","href":"https:\/\/api.w.org\/{rel}","templated":true}]}}