{"id":268,"date":"2019-09-13T23:10:36","date_gmt":"2019-09-13T23:10:36","guid":{"rendered":"http:\/\/www.criminalaw.net\/defensa-criminal\/homicide\/"},"modified":"2025-02-05T19:27:18","modified_gmt":"2025-02-06T03:27:18","slug":"homicidio","status":"publish","type":"page","link":"https:\/\/www.criminalaw.net\/es\/defensa-criminal\/homicidio\/","title":{"rendered":"Homicidio"},"content":{"rendered":"<div class=\"wpb-content-wrapper\"><p>[vc_row css_animation=\u00bb\u00bb row_type=\u00bbrow\u00bb use_row_as_full_screen_section=\u00bbno\u00bb type=\u00bbgrid\u00bb angled_section=\u00bbno\u00bb text_align=\u00bbcenter\u00bb background_image_as_pattern=\u00bbwithout_pattern\u00bb z_index=\u00bb\u00bb background_color=\u00bb#4b122e\u00bb css=\u00bb.vc_custom_1568659372412{background-position: 0 0 !important;background-repeat: no-repeat !important;}\u00bb][vc_column][vc_single_image image=\u00bb470&#8243; img_size=\u00bbfull\u00bb alignment=\u00bbcenter\u00bb qode_css_animation=\u00bb\u00bb el_class=\u00bbheader-left-img\u00bb][\/vc_column][\/vc_row][vc_row css_animation=\u00bb\u00bb row_type=\u00bbrow\u00bb use_row_as_full_screen_section=\u00bbno\u00bb type=\u00bbgrid\u00bb angled_section=\u00bbno\u00bb text_align=\u00bbleft\u00bb background_image_as_pattern=\u00bbwithout_pattern\u00bb z_index=\u00bb\u00bb css=\u00bb.vc_custom_1567617379611{padding-top: 80px !important;padding-bottom: 80px !important;}\u00bb][vc_column width=\u00bb2\/3&#8243;][vc_column_text]<\/p>\n<h1>ELABORACI\u00d3N DE UNA DEFENSA EXPERTA CONTRA LOS CARGOS POR HOMICIDIO INVOLUNTARIO<\/h1>\n<p>[\/vc_column_text][vc_column_text css=\u00bb\u00bb]En California, hay tres tipos de homicidio culposo: voluntario, involuntario y vehicular. La gravedad de estos delitos puede ir desde un delito menor simple (donde la comisi\u00f3n de una infracci\u00f3n de tr\u00e1nsito menor resulte en la muerte de otro), hasta un delito mayor de hasta once a\u00f1os de prisi\u00f3n. Y, por supuesto, las penas pueden extenderse a \u00abcadena perpetua\u00bb en un caso en el que se usa un arma de fuego. Cuando sus derechos y libertades est\u00e1n en juego, necesita un abogado de defensa criminal altamente calificado.<\/p>\n<p>Si usted, o alguien que conoce, est\u00e1 bajo investigaci\u00f3n, o ha sido acusado de un delito menor o un homicidio culposo, no espere a solicitar ayuda legal especializada. Llame a <strong><span class=\"firm-name\">Rien, Adams &amp; Cox, LLP<\/span> h<\/strong>oy. La firma puede ser contactada al 925-449-0666. La firma ofrece consultas iniciales confidenciales y gratuitas y est\u00e1 disponible 24\/7.<\/p>\n<h2>Abogado Defensor de Homicidio Calificado que Protege Tus Derechos<\/h2>\n<p>Los abogados altamente capacitados de <strong><span class=\"firm-name\">Rien, Adams &amp; Cox, LLP<\/span><\/strong> comienzan por construir la mejor defensa posible en su nombre. Si los cargos involucran homicidio involuntario vehicular, incluido un DUI grave, la firma de abogados trabaja con expertos en reconstrucci\u00f3n de la escena del accidente para determinar c\u00f3mo ocurri\u00f3 el accidente.<\/p>\n<p>La firma analiza con cuidado y minuciosamente todas las pruebas relacionadas con el caso. Con una pr\u00e1ctica exitosa de defensa por asesinato, el bufete de abogados sabe que la preparaci\u00f3n es vital para la defensa. El abogado Timothy B. Rien utiliza tecnolog\u00eda forense de vanguardia y expertos en campos aplicables para reforzar la defensa de su cliente.<\/p>\n<p>Habla con <strong><span class=\"firm-name\">Rien, Adams &amp; Cox, LLP<\/span><\/strong> hoy para la defensa de:<\/p>\n<ul>\n<li><strong>Homicidio por DUI <\/strong>(drogas o alcohol)<\/li>\n<li><strong>Homicidio vehicular<\/strong> (velocidad excesiva, manejo imprudente, negligencia simple o grave)<\/li>\n<li><strong>Homicidio involuntario<\/strong> (un acto intencional que causa una muerte involuntaria)<\/li>\n<li><strong>Homicidio voluntario <\/strong>(s\u00fabita pelea o calor de la pasi\u00f3n)<\/li>\n<\/ul>\n<p>La firma de abogados est\u00e1 dedicado a construir una defensa s\u00f3lida que proteja completamente sus derechos. La firma se compromete a mitigar el da\u00f1o que los cargos tienen en su vida y asegurar el mejor resultado posible para su caso espec\u00edfico.<\/p>\n<h2>Llame a la Firma Hoy<\/h2>\n<p>Si necesita hablar con un abogado de inmediato con respecto a los cargos por homicidio involuntario, llame a <strong><span class=\"firm-name\">Rien, Adams &amp; Cox, LLP<\/span><\/strong> hoy mismo. La firma brinda un servicio personalizado: un operador en vivo est\u00e1 disponible para hablar con usted las 24 horas del d\u00eda, los 7 d\u00edas de la semana. Se lo pondr\u00e1 en contacto inmediato con un abogado que estar\u00e1 encantado de atender sus necesidades y preguntas.<\/p>\n<p><a href=\"https:\/\/www.criminalaw.net\/es\/contact\/\">P\u00f3ngase en contacto con la empresa<\/a> hoy para una consulta inicial confidencial y gratuita.[\/vc_column_text][\/vc_column][vc_column width=\u00bb1\/3&#8243;][vc_single_image image=\u00bb453&#8243; img_size=\u00bbmedium\u00bb alignment=\u00bbcenter\u00bb qode_css_animation=\u00bb\u00bb][vc_single_image image=\u00bb472&#8243; img_size=\u00bbmedium\u00bb alignment=\u00bbcenter\u00bb qode_css_animation=\u00bb\u00bb]\n<div class=\"wpcf7 no-js\" id=\"wpcf7-f493-o1\" lang=\"es-ES\" dir=\"ltr\" data-wpcf7-id=\"493\">\n<div class=\"screen-reader-response\"><p role=\"status\" aria-live=\"polite\" aria-atomic=\"true\"><\/p> <ul><\/ul><\/div>\n<form action=\"\/es\/wp-json\/wp\/v2\/pages\/268#wpcf7-f493-o1\" method=\"post\" class=\"wpcf7-form init default\" aria-label=\"Formulario de contacto\" novalidate=\"novalidate\" data-status=\"init\">\n<fieldset class=\"hidden-fields-container\"><input type=\"hidden\" name=\"_wpcf7\" value=\"493\" \/><input type=\"hidden\" name=\"_wpcf7_version\" value=\"6.1.5\" \/><input type=\"hidden\" name=\"_wpcf7_locale\" value=\"es_ES\" \/><input type=\"hidden\" name=\"_wpcf7_unit_tag\" value=\"wpcf7-f493-o1\" \/><input type=\"hidden\" name=\"_wpcf7_container_post\" value=\"0\" \/><input type=\"hidden\" name=\"_wpcf7_posted_data_hash\" value=\"\" \/><input type=\"hidden\" name=\"_wpcf7dtx_version\" value=\"5.0.5\" \/><input type=\"hidden\" name=\"_wpcf7_recaptcha_response\" value=\"\" \/>\n<\/fieldset>\n<p style=\"font-size: 28px; font-family: 'Montserrat', sans-serif; color:#ffffff; margin-bottom: 16px; line-height: 1.25em; font-weight: bold;\">Obtenga una consulta gratuita\n<\/p>\n<div class=\"form-row\">\n\t<p><span class=\"wpcf7-form-control-wrap\" data-name=\"your-name\"><input size=\"40\" maxlength=\"400\" class=\"wpcf7-form-control wpcf7-text wpcf7-validates-as-required\" aria-required=\"true\" aria-invalid=\"false\" placeholder=\"Nombre\" value=\"\" type=\"text\" name=\"your-name\" \/><\/span>\n\t<\/p>\n<\/div>\n<div class=\"form-row\">\n\t<p><span class=\"wpcf7-form-control-wrap\" data-name=\"your-email\"><input size=\"40\" maxlength=\"400\" class=\"wpcf7-form-control wpcf7-email wpcf7-validates-as-required wpcf7-text wpcf7-validates-as-email\" aria-required=\"true\" aria-invalid=\"false\" placeholder=\"E-Mail\" value=\"\" type=\"email\" name=\"your-email\" \/><\/span>\n\t<\/p>\n<\/div>\n<div class=\"form-row\">\n\t<p><span class=\"wpcf7-form-control-wrap\" data-name=\"your-phone\"><input size=\"40\" maxlength=\"400\" class=\"wpcf7-form-control wpcf7-text wpcf7-validates-as-required\" aria-required=\"true\" aria-invalid=\"false\" placeholder=\"tel\u00e9fono\" value=\"\" type=\"text\" name=\"your-phone\" \/><\/span>\n\t<\/p>\n<\/div>\n<div class=\"form-row\">\n\t<p><span class=\"wpcf7-form-control-wrap\" data-name=\"your-message\"><textarea cols=\"40\" rows=\"10\" maxlength=\"2000\" class=\"wpcf7-form-control wpcf7-textarea\" aria-invalid=\"false\" placeholder=\"Breve descripci\u00f3n de su problema legal\" name=\"your-message\"><\/textarea><\/span>\n\t<\/p>\n<\/div>\n<div class=\"form-row\">\n\t<p><span class=\"wpcf7-form-control-wrap\" data-name=\"checkbox-335\"><span class=\"wpcf7-form-control wpcf7-checkbox wpcf7-validates-as-required\"><span class=\"wpcf7-list-item first last\"><input type=\"checkbox\" name=\"checkbox-335[]\" value=\"He le\u00eddo\" \/><span class=\"wpcf7-list-item-label\">He le\u00eddo<\/span><\/span><\/span><\/span><label> <a href=\"https:\/\/www.criminalaw.net\/disclaimer\/\">del descargo de responsabilidad.<\/a>.<\/label>\n\t<\/p>\n<\/div>\n<span class=\"wpcf7-form-control-wrap text-url\" data-name=\"text-url\"><input type=\"hidden\" name=\"text-url\" class=\"wpcf7-form-control wpcf7-hidden wpcf7dtx wpcf7dtx-hidden\" aria-invalid=\"false\" value=\"https:\/\/www.criminalaw.net\/es\/wp-json\/wp\/v2\/pages\/268\"><\/span>\n<div class=\"form-row\">\n\t<p><input class=\"wpcf7-form-control wpcf7-submit has-spinner\" type=\"submit\" value=\"Contacta con nosotros hoy &gt;\" \/>\n\t<\/p>\n<\/div><div class=\"wpcf7-response-output\" aria-hidden=\"true\"><\/div>\n<\/form>\n<\/div>\n[\/vc_column][\/vc_row]<\/p>\n<\/div>","protected":false},"excerpt":{"rendered":"<p>[vc_row css_animation=\u00bb\u00bb row_type=\u00bbrow\u00bb use_row_as_full_screen_section=\u00bbno\u00bb type=\u00bbgrid\u00bb angled_section=\u00bbno\u00bb text_align=\u00bbcenter\u00bb background_image_as_pattern=\u00bbwithout_pattern\u00bb z_index=\u00bb\u00bb background_color=\u00bb#4b122e\u00bb css=\u00bb.vc_custom_1568659372412{background-position: 0 0 !important;background-repeat: no-repeat !important;}\u00bb][vc_column][vc_single_image image=\u00bb470&#8243; img_size=\u00bbfull\u00bb alignment=\u00bbcenter\u00bb qode_css_animation=\u00bb\u00bb el_class=\u00bbheader-left-img\u00bb][\/vc_column][\/vc_row][vc_row css_animation=\u00bb\u00bb row_type=\u00bbrow\u00bb use_row_as_full_screen_section=\u00bbno\u00bb type=\u00bbgrid\u00bb angled_section=\u00bbno\u00bb text_align=\u00bbleft\u00bb background_image_as_pattern=\u00bbwithout_pattern\u00bb z_index=\u00bb\u00bb css=\u00bb.vc_custom_1567617379611{padding-top: 80px !important;padding-bottom: 80px !important;}\u00bb][vc_column width=\u00bb2\/3&#8243;][vc_column_text] ELABORACI\u00d3N DE UNA DEFENSA EXPERTA CONTRA LOS CARGOS POR HOMICIDIO&#8230;<\/p>\n","protected":false},"author":5,"featured_media":0,"parent":257,"menu_order":0,"comment_status":"closed","ping_status":"closed","template":"full_width.php","meta":{"_metasync_otto_title":"","_metasync_otto_description":"","_metasync_otto_keywords":"","_metasync_otto_og_title":"","_metasync_otto_og_description":"","_metasync_otto_twitter_title":"","_metasync_otto_twitter_description":"","rank_math_title":"","rank_math_description":"Rien, Adams & Cox, LLP defiende los casos de homicidio con vasta experiencia y defensa en\u00e9rgica. No dude en contactarnos para discutir sus opciones.","_yoast_wpseo_title":"","_yoast_wpseo_metadesc":"Rien, Adams & Cox, LLP defiende los casos de homicidio con vasta experiencia y defensa en\u00e9rgica. No dude en contactarnos para discutir sus opciones.","_aioseo_title":"","_aioseo_description":"","_metasync_seo_title":"","_metasync_seo_desc":"","_metasync_breadcrumb_title":"","_metasync_primary_category":0,"_metasync_primary_product_cat":0,"_metasync_otto_disabled":"","_metasync_hreflang":"","_metasync_plugin_sync_ts":"","_metasync_robots_advanced":"","footnotes":""},"class_list":["post-268","page","type-page","status-publish","hentry"],"_links":{"self":[{"href":"https:\/\/www.criminalaw.net\/es\/wp-json\/wp\/v2\/pages\/268","targetHints":{"allow":["GET"]}}],"collection":[{"href":"https:\/\/www.criminalaw.net\/es\/wp-json\/wp\/v2\/pages"}],"about":[{"href":"https:\/\/www.criminalaw.net\/es\/wp-json\/wp\/v2\/types\/page"}],"author":[{"embeddable":true,"href":"https:\/\/www.criminalaw.net\/es\/wp-json\/wp\/v2\/users\/5"}],"replies":[{"embeddable":true,"href":"https:\/\/www.criminalaw.net\/es\/wp-json\/wp\/v2\/comments?post=268"}],"version-history":[{"count":0,"href":"https:\/\/www.criminalaw.net\/es\/wp-json\/wp\/v2\/pages\/268\/revisions"}],"up":[{"embeddable":true,"href":"https:\/\/www.criminalaw.net\/es\/wp-json\/wp\/v2\/pages\/257"}],"wp:attachment":[{"href":"https:\/\/www.criminalaw.net\/es\/wp-json\/wp\/v2\/media?parent=268"}],"curies":[{"name":"wp","href":"https:\/\/api.w.org\/{rel}","templated":true}]}}