{"id":272,"date":"2019-09-13T22:53:16","date_gmt":"2019-09-13T22:53:16","guid":{"rendered":"http:\/\/www.criminalaw.net\/defensa-criminal\/what-to-do-if-you-are-under-investigation\/"},"modified":"2024-04-12T11:56:15","modified_gmt":"2024-04-12T18:56:15","slug":"cuando-consultar-a-un-abogado-de-defensa-criminal","status":"publish","type":"page","link":"https:\/\/www.criminalaw.net\/es\/defensa-criminal\/cuando-consultar-a-un-abogado-de-defensa-criminal\/","title":{"rendered":"Cu\u00e1ndo Consultar a un Abogado de Defensa Criminal"},"content":{"rendered":"<div class=\"wpb-content-wrapper\"><p>[vc_row css_animation=\u00bb\u00bb row_type=\u00bbrow\u00bb use_row_as_full_screen_section=\u00bbno\u00bb type=\u00bbgrid\u00bb angled_section=\u00bbno\u00bb text_align=\u00bbcenter\u00bb background_image_as_pattern=\u00bbwithout_pattern\u00bb z_index=\u00bb\u00bb background_color=\u00bb#4b122e\u00bb css=\u00bb.vc_custom_1568660076805{background-position: 0 0 !important;background-repeat: no-repeat !important;}\u00bb][vc_column][vc_single_image image=\u00bb470&#8243; img_size=\u00bbfull\u00bb alignment=\u00bbcenter\u00bb qode_css_animation=\u00bb\u00bb el_class=\u00bbheader-left-img\u00bb][\/vc_column][\/vc_row][vc_row css_animation=\u00bb\u00bb row_type=\u00bbrow\u00bb use_row_as_full_screen_section=\u00bbno\u00bb type=\u00bbgrid\u00bb angled_section=\u00bbno\u00bb text_align=\u00bbleft\u00bb background_image_as_pattern=\u00bbwithout_pattern\u00bb z_index=\u00bb\u00bb css=\u00bb.vc_custom_1567617379611{padding-top: 80px !important;padding-bottom: 80px !important;}\u00bb][vc_column width=\u00bb2\/3&#8243;][vc_column_text]<\/p>\n<h1>CONSULTAR A UN ABOGADO DE DEFENSA PUEDE PREVENIR UNA CONVICCI\u00d3N INCORRECTA<\/h1>\n<p>[\/vc_column_text][vc_column_text]La investigaci\u00f3n por parte de las autoridades policiales sobre la comisi\u00f3n de un delito puede comenzar de varias maneras. Una v\u00edctima del crimen puede llamar a la polic\u00eda directamente; los testigos pueden denunciar el crimen; o la polic\u00eda puede presenciar la comisi\u00f3n del delito o sus consecuencias inmediatas.<\/p>\n<p>En algunos casos, la polic\u00eda comienza la investigaci\u00f3n antes de que se cometa un delito, ya sea monitoreando una preocupaci\u00f3n emergente o participando con informantes en un evento que se desarrolla, como una transacci\u00f3n de drogas, esgrima o lavado de dinero.<\/p>\n<p>A menudo, una persona sabe que la atenci\u00f3n policial se ha centrado en ellos, incluso antes de ser contactado, y si esa persona est\u00e1 realmente involucrada o no.<\/p>\n<p><strong>Recuerde:<\/strong> los informes de delitos a menudo son falsos o exagerados, y las personas acusadas pueden ser objeto de un error, de manera injusta o falsa.<\/p>\n<p>Si un individuo est\u00e1 realmente involucrado en la comisi\u00f3n de un delito, de manera m\u00ednima o exagerada, o est\u00e1 implicado de manera falsa o err\u00f3nea, el mejor seguro contra una condena injusta y \/ o un trato cruel y cruel de la polic\u00eda es consultar de inmediato a un abogado de defensa criminal bien calificado.<\/p>\n<p><strong>\u00bfPor qu\u00e9?<\/strong> Porque cuando una persona es el foco de una investigaci\u00f3n policial, absolutamente nada de lo que dice es \u00fatil, incluso si no estuvieron involucrados en absoluto. Demasiadas personas creen que \u00absu lado de la historia\u00bb debe ser escuchado, y la polic\u00eda alentar\u00e1 ese falso sentido.<\/p>\n<p>Decirle a la polic\u00eda que \u00abpreferir\u00eda no responder a ninguna pregunta sin consultar a un abogado\u00bb es un derecho protegido constitucionalmente de todos los ciudadanos seg\u00fan las enmiendas 5 y 6 de la Constituci\u00f3n de los Estados Unidos. Nuestros padres fundadores consagraron esta protecci\u00f3n por una raz\u00f3n: el gobierno tiene el poder y los recursos para abrumar a un individuo sin esta protecci\u00f3n. Y, ni el ejercicio del derecho a guardar silencio ni contar con la asistencia de un abogado antes de cooperar con la polic\u00eda se puede usar contra esa persona.<\/p>\n<p>En otras palabras, un fiscal tiene prohibido reclamar: \u00abSi el sospechoso era realmente inocente, \u00bfpor qu\u00e9 necesitar\u00eda un abogado o se negar\u00eda a hablar?\u00bb La polic\u00eda y los jueces lo saben.<\/p>\n<p><strong>Recuerde:<\/strong> Su lado de la historia, ya sea que se le acuse falsamente o por error, o tiene una explicaci\u00f3n que ofrecer, siempre se puede contar. Usted no pierde la oportunidad de explicar o decir su lado al negarse a hablar con la polic\u00eda. Un abogado puede guiarlo hacia la mejor manera de que su punto de vista sea escuchado. (A pesar de lo que la polic\u00eda pueda decir, realmente entienden este principio porque cuando los agentes de la ley son acusados de cometer delitos, primero son los abogados defensores los que consultan).<\/p>\n<h2>T\u00e1cticas Policiales<\/h2>\n<p>Cuando a la polic\u00eda le preocupa si un individuo puede cooperar ofreci\u00e9ndose como voluntario en una declaraci\u00f3n, a menudo dir\u00e1 cosas como: \u00abEl juez lo ver\u00e1 m\u00e1s favorablemente si colabora\u00bb o \u00abSi no tiene nada que ocultar, me dir\u00e1 su lado de la historia \u00abo\u00bb esto es solo una rutina \u00abo\u00bb a menos que coopere, tendr\u00e9 que llevarlo a la c\u00e1rcel \u00abo\u00bb no creo que haya hecho nada malo, Solo necesito tu lado para completar mi papeleo \u00ab.<\/p>\n<p>Si se le promete algo o se le amenaza, siempre debe consultar con un abogado antes de dar una declaraci\u00f3n. Tenga en cuenta que los tribunales han descubierto que una mentira de la polic\u00eda puede ser una \u00abt\u00e9cnica de investigaci\u00f3n adecuada\u00bb.<\/p>\n<p>Finalmente, la polic\u00eda puede usar a otros para obtener una declaraci\u00f3n de un sospechoso, como cuando una presunta v\u00edctima llama al sospechoso para obtener una disculpa o una explicaci\u00f3n por el presunto mal comportamiento. Estos se llaman \u00abllamadas pretexuales\u00bb y son perfectamente legales. No hable con NADIE sobre la acusaci\u00f3n sin consultar primero con un abogado.<\/p>\n<h2>Reciba Consejos Esenciales, D\u00eda o Noche<\/h2>\n<p>Si le preocupa ser el centro de atenci\u00f3n de una investigaci\u00f3n policial, cont\u00e1ctese o consulte con los abogados de defensa criminal de <strong><span class=\"firm-name\">Rien, Adams &amp; Cox, LLP<\/span><\/strong>. Un abogado est\u00e1 disponible las 24 horas del d\u00eda, los 7 d\u00edas de la semana. <strong>NO HAY CARGO POR ESTA CONSULTA INICIAL<\/strong>. Llame antes de ir a una entrevista con la polic\u00eda, incluso si eso significa que tiene que reprogramar la entrevista. Da el primer paso para salvar tu vida, libertad, carrera y reputaci\u00f3n. Llame a <strong><span class=\"firm-name\">Rien, Adams &amp; Cox, LLP<\/span><\/strong>: 925-449-0666 o <a href=\"https:\/\/www.criminalaw.net\/es\/contact\/\">cont\u00e1ctenos en l\u00ednea<\/a>.[\/vc_column_text][\/vc_column][vc_column width=\u00bb1\/3&#8243;][vc_single_image image=\u00bb467&#8243; img_size=\u00bb300&#215;474&#8243; alignment=\u00bbcenter\u00bb qode_css_animation=\u00bb\u00bb][vc_single_image image=\u00bb453&#8243; img_size=\u00bbmedium\u00bb alignment=\u00bbcenter\u00bb qode_css_animation=\u00bb\u00bb][vc_single_image image=\u00bb456&#8243; img_size=\u00bbmedium\u00bb alignment=\u00bbcenter\u00bb qode_css_animation=\u00bb\u00bb]\n<div class=\"wpcf7 no-js\" id=\"wpcf7-f493-o1\" lang=\"es-ES\" dir=\"ltr\" data-wpcf7-id=\"493\">\n<div class=\"screen-reader-response\"><p role=\"status\" aria-live=\"polite\" aria-atomic=\"true\"><\/p> <ul><\/ul><\/div>\n<form action=\"\/es\/wp-json\/wp\/v2\/pages\/272#wpcf7-f493-o1\" method=\"post\" class=\"wpcf7-form init default\" aria-label=\"Formulario de contacto\" novalidate=\"novalidate\" data-status=\"init\">\n<fieldset class=\"hidden-fields-container\"><input type=\"hidden\" name=\"_wpcf7\" value=\"493\" \/><input type=\"hidden\" name=\"_wpcf7_version\" value=\"6.1.5\" \/><input type=\"hidden\" name=\"_wpcf7_locale\" value=\"es_ES\" \/><input type=\"hidden\" name=\"_wpcf7_unit_tag\" value=\"wpcf7-f493-o1\" \/><input type=\"hidden\" name=\"_wpcf7_container_post\" value=\"0\" \/><input type=\"hidden\" name=\"_wpcf7_posted_data_hash\" value=\"\" \/><input type=\"hidden\" name=\"_wpcf7dtx_version\" value=\"5.0.5\" \/><input type=\"hidden\" name=\"_wpcf7_recaptcha_response\" value=\"\" \/>\n<\/fieldset>\n<p style=\"font-size: 28px; font-family: 'Montserrat', sans-serif; color:#ffffff; margin-bottom: 16px; line-height: 1.25em; font-weight: bold;\">Obtenga una consulta gratuita\n<\/p>\n<div class=\"form-row\">\n\t<p><span class=\"wpcf7-form-control-wrap\" data-name=\"your-name\"><input size=\"40\" maxlength=\"400\" class=\"wpcf7-form-control wpcf7-text wpcf7-validates-as-required\" aria-required=\"true\" aria-invalid=\"false\" placeholder=\"Nombre\" value=\"\" type=\"text\" name=\"your-name\" \/><\/span>\n\t<\/p>\n<\/div>\n<div class=\"form-row\">\n\t<p><span class=\"wpcf7-form-control-wrap\" data-name=\"your-email\"><input size=\"40\" maxlength=\"400\" class=\"wpcf7-form-control wpcf7-email wpcf7-validates-as-required wpcf7-text wpcf7-validates-as-email\" aria-required=\"true\" aria-invalid=\"false\" placeholder=\"E-Mail\" value=\"\" type=\"email\" name=\"your-email\" \/><\/span>\n\t<\/p>\n<\/div>\n<div class=\"form-row\">\n\t<p><span class=\"wpcf7-form-control-wrap\" data-name=\"your-phone\"><input size=\"40\" maxlength=\"400\" class=\"wpcf7-form-control wpcf7-text wpcf7-validates-as-required\" aria-required=\"true\" aria-invalid=\"false\" placeholder=\"tel\u00e9fono\" value=\"\" type=\"text\" name=\"your-phone\" \/><\/span>\n\t<\/p>\n<\/div>\n<div class=\"form-row\">\n\t<p><span class=\"wpcf7-form-control-wrap\" data-name=\"your-message\"><textarea cols=\"40\" rows=\"10\" maxlength=\"2000\" class=\"wpcf7-form-control wpcf7-textarea\" aria-invalid=\"false\" placeholder=\"Breve descripci\u00f3n de su problema legal\" name=\"your-message\"><\/textarea><\/span>\n\t<\/p>\n<\/div>\n<div class=\"form-row\">\n\t<p><span class=\"wpcf7-form-control-wrap\" data-name=\"checkbox-335\"><span class=\"wpcf7-form-control wpcf7-checkbox wpcf7-validates-as-required\"><span class=\"wpcf7-list-item first last\"><input type=\"checkbox\" name=\"checkbox-335[]\" value=\"He le\u00eddo\" \/><span class=\"wpcf7-list-item-label\">He le\u00eddo<\/span><\/span><\/span><\/span><label> <a href=\"https:\/\/www.criminalaw.net\/disclaimer\/\">del descargo de responsabilidad.<\/a>.<\/label>\n\t<\/p>\n<\/div>\n<span class=\"wpcf7-form-control-wrap text-url\" data-name=\"text-url\"><input type=\"hidden\" name=\"text-url\" class=\"wpcf7-form-control wpcf7-hidden wpcf7dtx wpcf7dtx-hidden\" aria-invalid=\"false\" value=\"https:\/\/www.criminalaw.net\/es\/wp-json\/wp\/v2\/pages\/272\"><\/span>\n<div class=\"form-row\">\n\t<p><input class=\"wpcf7-form-control wpcf7-submit has-spinner\" type=\"submit\" value=\"Contacta con nosotros hoy &gt;\" \/>\n\t<\/p>\n<\/div><div class=\"wpcf7-response-output\" aria-hidden=\"true\"><\/div>\n<\/form>\n<\/div>\n[\/vc_column][\/vc_row]<\/p>\n<\/div>","protected":false},"excerpt":{"rendered":"<p>[vc_row css_animation=\u00bb\u00bb row_type=\u00bbrow\u00bb use_row_as_full_screen_section=\u00bbno\u00bb type=\u00bbgrid\u00bb angled_section=\u00bbno\u00bb text_align=\u00bbcenter\u00bb background_image_as_pattern=\u00bbwithout_pattern\u00bb z_index=\u00bb\u00bb background_color=\u00bb#4b122e\u00bb css=\u00bb.vc_custom_1568660076805{background-position: 0 0 !important;background-repeat: no-repeat !important;}\u00bb][vc_column][vc_single_image image=\u00bb470&#8243; img_size=\u00bbfull\u00bb alignment=\u00bbcenter\u00bb qode_css_animation=\u00bb\u00bb el_class=\u00bbheader-left-img\u00bb][\/vc_column][\/vc_row][vc_row css_animation=\u00bb\u00bb row_type=\u00bbrow\u00bb use_row_as_full_screen_section=\u00bbno\u00bb type=\u00bbgrid\u00bb angled_section=\u00bbno\u00bb text_align=\u00bbleft\u00bb background_image_as_pattern=\u00bbwithout_pattern\u00bb z_index=\u00bb\u00bb css=\u00bb.vc_custom_1567617379611{padding-top: 80px !important;padding-bottom: 80px !important;}\u00bb][vc_column width=\u00bb2\/3&#8243;][vc_column_text] CONSULTAR A UN ABOGADO DE DEFENSA PUEDE PREVENIR UNA CONVICCI\u00d3N&#8230;<\/p>\n","protected":false},"author":5,"featured_media":0,"parent":257,"menu_order":0,"comment_status":"closed","ping_status":"closed","template":"full_width.php","meta":{"_metasync_otto_title":"","_metasync_otto_description":"","_metasync_otto_keywords":"","_metasync_otto_og_title":"","_metasync_otto_og_description":"","_metasync_otto_twitter_title":"","_metasync_otto_twitter_description":"","rank_math_title":"","rank_math_description":"Si se encuentra acusado de un delito, sepa qu\u00e9 esperar durante su primera consulta con el equipo de Rien, Adams & Cox, LLP.","_yoast_wpseo_title":"","_yoast_wpseo_metadesc":"Si se encuentra acusado de un delito, sepa qu\u00e9 esperar durante su primera consulta con el equipo de Rien, Adams & Cox, LLP.","_aioseo_title":"","_aioseo_description":"","_metasync_seo_title":"","_metasync_seo_desc":"","_metasync_breadcrumb_title":"","_metasync_primary_category":0,"_metasync_primary_product_cat":0,"_metasync_otto_disabled":"","_metasync_hreflang":"","_metasync_plugin_sync_ts":"","_metasync_robots_advanced":"","footnotes":""},"class_list":["post-272","page","type-page","status-publish","hentry"],"_links":{"self":[{"href":"https:\/\/www.criminalaw.net\/es\/wp-json\/wp\/v2\/pages\/272","targetHints":{"allow":["GET"]}}],"collection":[{"href":"https:\/\/www.criminalaw.net\/es\/wp-json\/wp\/v2\/pages"}],"about":[{"href":"https:\/\/www.criminalaw.net\/es\/wp-json\/wp\/v2\/types\/page"}],"author":[{"embeddable":true,"href":"https:\/\/www.criminalaw.net\/es\/wp-json\/wp\/v2\/users\/5"}],"replies":[{"embeddable":true,"href":"https:\/\/www.criminalaw.net\/es\/wp-json\/wp\/v2\/comments?post=272"}],"version-history":[{"count":0,"href":"https:\/\/www.criminalaw.net\/es\/wp-json\/wp\/v2\/pages\/272\/revisions"}],"up":[{"embeddable":true,"href":"https:\/\/www.criminalaw.net\/es\/wp-json\/wp\/v2\/pages\/257"}],"wp:attachment":[{"href":"https:\/\/www.criminalaw.net\/es\/wp-json\/wp\/v2\/media?parent=272"}],"curies":[{"name":"wp","href":"https:\/\/api.w.org\/{rel}","templated":true}]}}