{"id":273,"date":"2019-09-05T21:47:16","date_gmt":"2019-09-05T21:47:16","guid":{"rendered":"http:\/\/www.criminalaw.net\/contact-us\/"},"modified":"2025-01-07T15:06:21","modified_gmt":"2025-01-07T23:06:21","slug":"contact","status":"publish","type":"page","link":"https:\/\/www.criminalaw.net\/es\/contact\/","title":{"rendered":"Cont\u00e1ctenos"},"content":{"rendered":"<div class=\"wpb-content-wrapper\"><p>[vc_row css_animation=\u00bb\u00bb row_type=\u00bbrow\u00bb use_row_as_full_screen_section=\u00bbno\u00bb type=\u00bbfull_width\u00bb angled_section=\u00bbno\u00bb text_align=\u00bbcenter\u00bb background_image_as_pattern=\u00bbwithout_pattern\u00bb z_index=\u00bb\u00bb background_color=\u00bb#4b122e\u00bb css=\u00bb.vc_custom_1568234036800{background-position: 0 0 !important;background-repeat: no-repeat !important;}\u00bb][vc_column][vc_single_image image=\u00bb159&#8243; img_size=\u00bbfull\u00bb alignment=\u00bbcenter\u00bb qode_css_animation=\u00bb\u00bb][vc_column_text css=\u00bb.vc_custom_1736290050550{margin-top: 30px !important;}\u00bb]<\/p>\n<h2>Un poderoso aliado y defensor<\/h2>\n<p>[\/vc_column_text][\/vc_column][\/vc_row][vc_row css_animation=\u00bb\u00bb row_type=\u00bbrow\u00bb use_row_as_full_screen_section=\u00bbno\u00bb type=\u00bbgrid\u00bb angled_section=\u00bbno\u00bb text_align=\u00bbleft\u00bb background_image_as_pattern=\u00bbwithout_pattern\u00bb z_index=\u00bb\u00bb css=\u00bb.vc_custom_1567617379611{padding-top: 80px !important;padding-bottom: 80px !important;}\u00bb][vc_column][vc_column_text css=\u00bb.vc_custom_1736291178647{margin-bottom: 5px !important;}\u00bb]<\/p>\n<h1 class=\"page-title\">P\u00f3ngase en contacto con Rien, Adams &amp; Cox, LLP<\/h1>\n<p>[\/vc_column_text][vc_column_text css=\u00bb\u00bb]Si bien este sitio web proporciona informaci\u00f3n general, no constituye asesoramiento legal. La mejor manera de obtener orientaci\u00f3n sobre su problema legal espec\u00edfico es ponerse en contacto con un abogado. Para programar una reuni\u00f3n con un abogado, llame o complete el formulario de admisi\u00f3n a continuaci\u00f3n.<\/p>\n<p><strong>Su direcci\u00f3n de correo electr\u00f3nico<\/strong> es un campo obligatorio.[\/vc_column_text][\/vc_column][\/vc_row][vc_row css_animation=\u00bb\u00bb row_type=\u00bbrow\u00bb use_row_as_full_screen_section=\u00bbno\u00bb type=\u00bbgrid\u00bb angled_section=\u00bbno\u00bb text_align=\u00bbleft\u00bb background_image_as_pattern=\u00bbwithout_pattern\u00bb z_index=\u00bb\u00bb][vc_column]\n<div class=\"wpcf7 no-js\" id=\"wpcf7-f494-o1\" lang=\"es-ES\" dir=\"ltr\" data-wpcf7-id=\"494\">\n<div class=\"screen-reader-response\"><p role=\"status\" aria-live=\"polite\" aria-atomic=\"true\"><\/p> <ul><\/ul><\/div>\n<form action=\"\/es\/wp-json\/wp\/v2\/pages\/273#wpcf7-f494-o1\" method=\"post\" class=\"wpcf7-form init default\" aria-label=\"Formulario de contacto\" novalidate=\"novalidate\" data-status=\"init\">\n<fieldset class=\"hidden-fields-container\"><input type=\"hidden\" name=\"_wpcf7\" value=\"494\" \/><input type=\"hidden\" name=\"_wpcf7_version\" value=\"6.1.5\" \/><input type=\"hidden\" name=\"_wpcf7_locale\" value=\"es_ES\" \/><input type=\"hidden\" name=\"_wpcf7_unit_tag\" value=\"wpcf7-f494-o1\" \/><input type=\"hidden\" name=\"_wpcf7_container_post\" value=\"0\" \/><input type=\"hidden\" name=\"_wpcf7_posted_data_hash\" value=\"\" \/><input type=\"hidden\" name=\"_wpcf7dtx_version\" value=\"5.0.5\" \/><input type=\"hidden\" name=\"_wpcf7_recaptcha_response\" value=\"\" \/>\n<\/fieldset>\n<div class=\"form-row\">\n\t<p><span class=\"wpcf7-form-control-wrap\" data-name=\"your-name\"><input size=\"40\" maxlength=\"400\" class=\"wpcf7-form-control wpcf7-text\" aria-invalid=\"false\" placeholder=\"Nombre\" value=\"\" type=\"text\" name=\"your-name\" \/><\/span>\n\t<\/p>\n<\/div>\n<div class=\"form-row\">\n\t<p><span class=\"wpcf7-form-control-wrap\" data-name=\"your-email\"><input size=\"40\" maxlength=\"400\" class=\"wpcf7-form-control wpcf7-email wpcf7-validates-as-required wpcf7-text wpcf7-validates-as-email\" aria-required=\"true\" aria-invalid=\"false\" placeholder=\"E-Mail\" value=\"\" type=\"email\" name=\"your-email\" \/><\/span>\n\t<\/p>\n<\/div>\n<div class=\"form-row\">\n\t<p><span class=\"wpcf7-form-control-wrap\" data-name=\"your-zip\"><input size=\"40\" maxlength=\"400\" class=\"wpcf7-form-control wpcf7-text wpcf7-validates-as-required\" aria-required=\"true\" aria-invalid=\"false\" placeholder=\"Zip\" value=\"\" type=\"text\" name=\"your-zip\" \/><\/span>\n\t<\/p>\n<\/div>\n<div class=\"form-row\">\n\t<p><span class=\"wpcf7-form-control-wrap\" data-name=\"your-phone\"><input size=\"40\" maxlength=\"400\" class=\"wpcf7-form-control wpcf7-text\" aria-invalid=\"false\" placeholder=\"tel\u00e9fono\" value=\"\" type=\"text\" name=\"your-phone\" \/><\/span>\n\t<\/p>\n<\/div>\n<div class=\"form-row\">\n\t<p>\u00bfC\u00f3mo le gustar\u00eda que nos comuniquemos con usted?<br \/>\nMarque todas las opciones que correspondan.<br \/>\n<span class=\"wpcf7-form-control-wrap\" data-name=\"contact-preferences\"><span class=\"wpcf7-form-control wpcf7-checkbox\"><span class=\"wpcf7-list-item first\"><input type=\"checkbox\" name=\"contact-preferences[]\" value=\"Email\" \/><span class=\"wpcf7-list-item-label\">Email<\/span><\/span><span class=\"wpcf7-list-item last\"><input type=\"checkbox\" name=\"contact-preferences[]\" value=\"tel\u00e9fono\" \/><span class=\"wpcf7-list-item-label\">tel\u00e9fono<\/span><\/span><\/span><\/span>\n\t<\/p>\n<\/div>\n<div class=\"form-row\">\n\t<p><span class=\"wpcf7-form-control-wrap\" data-name=\"your-message\"><textarea cols=\"40\" rows=\"10\" maxlength=\"2000\" class=\"wpcf7-form-control wpcf7-textarea\" aria-invalid=\"false\" placeholder=\"Breve descripci\u00f3n de su problema legal\" name=\"your-message\"><\/textarea><\/span>\n\t<\/p>\n<\/div>\n<div class=\"form-row\">\n\t<p><label><span class=\"wpcf7-form-control-wrap\" data-name=\"acceptance-335\"><span class=\"wpcf7-form-control wpcf7-acceptance\"><span class=\"wpcf7-list-item\"><label><input type=\"checkbox\" name=\"acceptance-335\" value=\"1\" aria-invalid=\"false\" \/><span class=\"wpcf7-list-item-label\">He le\u00eddo <a href=\"https:\/\/www.criminalaw.net\/es\/descargo-de-responsabilidad\/\";>el descargo de responsabilidad.<\/a>.<br>\u00a0\u00a0\u00a0\u00a0\u00a0\u00a0\u00a0\u00a0<a href=\"https:\/\/www.criminalaw.net\/privacy-policy\/\">pol\u00edtica de privacidad<\/a><\/span><\/label><\/span><\/span><\/span><\/label>\n\t<\/p>\n<\/div>\n<div class=\"form-row\">\n\t<p><input class=\"wpcf7-form-control wpcf7-submit has-spinner\" type=\"submit\" value=\"Enviar mensaje\" \/>\n\t<\/p>\n<\/div><div class=\"wpcf7-response-output\" aria-hidden=\"true\"><\/div>\n<\/form>\n<\/div>\n[\/vc_column][\/vc_row][vc_row css_animation=\u00bb\u00bb row_type=\u00bbrow\u00bb use_row_as_full_screen_section=\u00bbno\u00bb type=\u00bbfull_width\u00bb angled_section=\u00bbno\u00bb text_align=\u00bbleft\u00bb background_image_as_pattern=\u00bbwithout_pattern\u00bb][vc_column][vc_empty_space][\/vc_column][\/vc_row]<\/p>\n<\/div>","protected":false},"excerpt":{"rendered":"<p>[vc_row css_animation=\u00bb\u00bb row_type=\u00bbrow\u00bb use_row_as_full_screen_section=\u00bbno\u00bb type=\u00bbfull_width\u00bb angled_section=\u00bbno\u00bb text_align=\u00bbcenter\u00bb background_image_as_pattern=\u00bbwithout_pattern\u00bb z_index=\u00bb\u00bb background_color=\u00bb#4b122e\u00bb css=\u00bb.vc_custom_1568234036800{background-position: 0 0 !important;background-repeat: no-repeat !important;}\u00bb][vc_column][vc_single_image image=\u00bb159&#8243; img_size=\u00bbfull\u00bb alignment=\u00bbcenter\u00bb qode_css_animation=\u00bb\u00bb][vc_column_text css=\u00bb.vc_custom_1736290050550{margin-top: 30px !important;}\u00bb] Un poderoso aliado y defensor [\/vc_column_text][\/vc_column][\/vc_row][vc_row css_animation=\u00bb\u00bb row_type=\u00bbrow\u00bb use_row_as_full_screen_section=\u00bbno\u00bb type=\u00bbgrid\u00bb angled_section=\u00bbno\u00bb text_align=\u00bbleft\u00bb background_image_as_pattern=\u00bbwithout_pattern\u00bb z_index=\u00bb\u00bb css=\u00bb.vc_custom_1567617379611{padding-top: 80px !important;padding-bottom: 80px !important;}\u00bb][vc_column][vc_column_text css=\u00bb.vc_custom_1736291178647{margin-bottom: 5px !important;}\u00bb]&#8230;<\/p>\n","protected":false},"author":5,"featured_media":0,"parent":0,"menu_order":0,"comment_status":"closed","ping_status":"closed","template":"full_width.php","meta":{"_metasync_otto_title":"","_metasync_otto_description":"","_metasync_otto_keywords":"","_metasync_otto_og_title":"","_metasync_otto_og_description":"","_metasync_otto_twitter_title":"","_metasync_otto_twitter_description":"","rank_math_title":"","rank_math_description":"Si se encuentra acusado de un delito, comun\u00edquese con los Abogados de Defensa en Rien, Adams & Cox, LLP al (925) 449-0666 para una consulta inicial gratuita.","_yoast_wpseo_title":"","_yoast_wpseo_metadesc":"Si se encuentra acusado de un delito, comun\u00edquese con los Abogados de Defensa en Rien, Adams & Cox, LLP al (925) 449-0666 para una consulta inicial gratuita.","_aioseo_title":"","_aioseo_description":"","_metasync_seo_title":"","_metasync_seo_desc":"","_metasync_breadcrumb_title":"","_metasync_primary_category":0,"_metasync_primary_product_cat":0,"_metasync_otto_disabled":"","_metasync_hreflang":"","footnotes":""},"class_list":["post-273","page","type-page","status-publish","hentry"],"_links":{"self":[{"href":"https:\/\/www.criminalaw.net\/es\/wp-json\/wp\/v2\/pages\/273","targetHints":{"allow":["GET"]}}],"collection":[{"href":"https:\/\/www.criminalaw.net\/es\/wp-json\/wp\/v2\/pages"}],"about":[{"href":"https:\/\/www.criminalaw.net\/es\/wp-json\/wp\/v2\/types\/page"}],"author":[{"embeddable":true,"href":"https:\/\/www.criminalaw.net\/es\/wp-json\/wp\/v2\/users\/5"}],"replies":[{"embeddable":true,"href":"https:\/\/www.criminalaw.net\/es\/wp-json\/wp\/v2\/comments?post=273"}],"version-history":[{"count":0,"href":"https:\/\/www.criminalaw.net\/es\/wp-json\/wp\/v2\/pages\/273\/revisions"}],"wp:attachment":[{"href":"https:\/\/www.criminalaw.net\/es\/wp-json\/wp\/v2\/media?parent=273"}],"curies":[{"name":"wp","href":"https:\/\/api.w.org\/{rel}","templated":true}]}}