{"id":276,"date":"2019-09-03T08:07:06","date_gmt":"2019-09-03T08:07:06","guid":{"rendered":"http:\/\/www.criminalaw.net\/defensa-criminal\/drug-offenses\/"},"modified":"2024-04-12T11:57:34","modified_gmt":"2024-04-12T18:57:34","slug":"delitos-de-drogas","status":"publish","type":"page","link":"https:\/\/www.criminalaw.net\/es\/defensa-criminal\/delitos-de-drogas\/","title":{"rendered":"Delitos de Drogas"},"content":{"rendered":"<div class=\"wpb-content-wrapper\"><p>[vc_row css_animation=\u00bb\u00bb row_type=\u00bbrow\u00bb use_row_as_full_screen_section=\u00bbno\u00bb type=\u00bbgrid\u00bb angled_section=\u00bbno\u00bb text_align=\u00bbcenter\u00bb background_image_as_pattern=\u00bbwithout_pattern\u00bb z_index=\u00bb\u00bb background_color=\u00bb#4b122e\u00bb css=\u00bb.vc_custom_1568660841809{background-position: 0 0 !important;background-repeat: no-repeat !important;}\u00bb][vc_column][vc_single_image image=\u00bb470&#8243; img_size=\u00bbfull\u00bb alignment=\u00bbcenter\u00bb qode_css_animation=\u00bb\u00bb el_class=\u00bbheader-left-img\u00bb][\/vc_column][\/vc_row][vc_row css_animation=\u00bb\u00bb row_type=\u00bbrow\u00bb use_row_as_full_screen_section=\u00bbno\u00bb type=\u00bbgrid\u00bb angled_section=\u00bbno\u00bb text_align=\u00bbleft\u00bb background_image_as_pattern=\u00bbwithout_pattern\u00bb z_index=\u00bb\u00bb css=\u00bb.vc_custom_1567617379611{padding-top: 80px !important;padding-bottom: 80px !important;}\u00bb][vc_column width=\u00bb2\/3&#8243;][vc_column_text]<\/p>\n<h1>UNA DEFENSA FEROZ CONTRA LOS CARGOS DE DROGAS<\/h1>\n<p>[\/vc_column_text][vc_column_text]Los recursos policiales y la determinaci\u00f3n de descubrir, arrestar y encarcelar a los infractores de estupefacientes pueden ser desalentadores. Es esencial que una persona bajo investigaci\u00f3n o acusada de posesi\u00f3n de drogas, transporte, manufactura o ventas tenga un abogado efectivo, uno con recursos, un conocimiento profundo y una determinaci\u00f3n feroz para enfrentar el desaf\u00edo.<\/p>\n<p>Los abogados de <strong><span class=\"firm-name\">Rien, Adams &amp; Cox, LLP<\/span><\/strong> tienen la experiencia, el conocimiento legal y la tenaz determinaci\u00f3n de defender con \u00e9xito a las personas acusadas de violaciones de narc\u00f3ticos, que pueden incluir drogas de venta libre o con receta.<\/p>\n<h2>Defensa Vigorosa de los Derechos Constitucionales<\/h2>\n<p>A menudo sucede que, en su celo por hacer cumplir las leyes de narc\u00f3ticos, los oficiales de polic\u00eda sobrepasan deliberadamente o por error a su autoridad constitucional en la b\u00fasqueda de personas, hogares, veh\u00edculos o pertenencias personales, o en la incautaci\u00f3n de pruebas o contrabando. Existen remedios para las violaciones de la 4ta Enmienda a la Constituci\u00f3n de los Estados Unidos, as\u00ed como tambi\u00e9n para las protecciones constitucionales y estatutarias en California. La evidencia de venta de drogas, tr\u00e1fico o contrabando incautado en violaci\u00f3n de estas protecciones puede ser excluida por el tribunal del uso contra un acusado.<\/p>\n<p>Los abogados de <strong><span class=\"firm-name\">Rien, Adams &amp; Cox, LLP<\/span>,<\/strong> son abogados constitucionales capacitados, comprometidos a defender el derecho de toda persona a estar libre de registros e incautaciones irrazonables, seg\u00fan lo garantiza la Constituci\u00f3n. La empresa lucha agresivamente para que los cargos sean reducidos o desestimados, o para desarrollar alternativas a la condena y al castigo.<\/p>\n<ul>\n<li><strong>Posesi\u00f3n de drogas:<\/strong> la firma defiende a los clientes acusados de todos los delitos de posesi\u00f3n, que pueden incluir una amplia gama de drogas (drogas prescritas e il\u00edcitas) y parafernalia asociada, como marihuana, coca\u00edna, hero\u00edna y metanfetamina.<\/li>\n<li><strong>Fabricaci\u00f3n y transporte de drogas:<\/strong> estos delitos pueden ser mucho m\u00e1s graves, pueden excluirse de programas de procesamiento u otros procedimientos alternativos de enjuiciamiento, y pueden, sin una defensa exitosa, resultar en un compromiso con la c\u00e1rcel del condado o la prisi\u00f3n estatal.<\/li>\n<li><strong>Mejoras de drogas:<\/strong> existen circunstancias en las que la condena por un delito de drogas puede conllevar sanciones y \/ o denegaci\u00f3n de libertad condicional. Estas circunstancias son alegadas por los fiscales como \u00abmejoras\u00bb y pueden incluir cl\u00e1usulas de exceso de peso, afiliaciones o actividades de pandillas, uso de armas o armas de fuego.<\/li>\n<li class=\"last-child\"><strong>Programas de desv\u00edo y rehabilitaci\u00f3n de drogas<\/strong>: existen muchas circunstancias en las que un delincuente por primera vez o bajo contenido de sustancias controladas puede calificar para recibir tratamiento o educaci\u00f3n en lugar de enjuiciamiento y castigo. Un abogado defensor calificado puede muchas veces asegurar estas alternativas en nombre de un cliente, incluso en circunstancias que inicialmente no califiquen.<\/li>\n<\/ul>\n<h2>Registrado Como un Delincuente de Drogas<\/h2>\n<p>El C\u00f3digo de Salud y Seguridad de California requiere que las personas condenadas por delitos espec\u00edficos de drogas se registren como delincuentes de narc\u00f3ticos en sus agencias locales de aplicaci\u00f3n de la ley. Esto puede ser una obligaci\u00f3n onerosa y vergonzosa, por no mencionar una circunstancia que puede elevar el perfil de un registrante al de un sospechoso cuando la polic\u00eda emprende futuras investigaciones de narc\u00f3ticos.<\/p>\n<p>Los abogados de <strong><span class=\"firm-name\">Rien, Adams &amp; Cox, LLP<\/span><\/strong> saben lo que se necesita para evitar el registro como delincuente de drogas, y har\u00e1n todo lo posible legalmente para garantizar que un cliente nunca est\u00e9 sujeto a esta obligaci\u00f3n.<\/p>\n<h2>Protege Tus Derechos Constitucionales<\/h2>\n<p>Si est\u00e1 bajo investigaci\u00f3n o ha sido arrestado por un delito de drogas, comun\u00edquese con los abogados constitucionales especializados en <span class=\"firm-name\">Rien, Adams &amp; Cox, LLP<\/span> de inmediato. Recuerde: la mejor manera de evitar un arresto, enjuiciamiento, condena, encarcelamiento y \/ o registro inminente como delincuente de drogas es comenzar su defensa lo antes posible.<\/p>\n<p>Los abogados est\u00e1n disponibles las 24 horas del d\u00eda, los 7 d\u00edas de la semana. <a href=\"https:\/\/www.criminalaw.net\/es\/contact\/\">P\u00f3ngase en contacto con ellos hoy<\/a> para una <strong>consulta inicial gratuita<\/strong>.[\/vc_column_text][\/vc_column][vc_column width=\u00bb1\/3&#8243;][vc_single_image image=\u00bb204&#8243; img_size=\u00bbmedium\u00bb alignment=\u00bbcenter\u00bb qode_css_animation=\u00bb\u00bb][vc_single_image image=\u00bb465&#8243; img_size=\u00bbmedium\u00bb alignment=\u00bbcenter\u00bb qode_css_animation=\u00bb\u00bb][vc_single_image image=\u00bb453&#8243; img_size=\u00bbmedium\u00bb alignment=\u00bbcenter\u00bb qode_css_animation=\u00bb\u00bb]\n<div class=\"wpcf7 no-js\" id=\"wpcf7-f493-o1\" lang=\"es-ES\" dir=\"ltr\" data-wpcf7-id=\"493\">\n<div class=\"screen-reader-response\"><p role=\"status\" aria-live=\"polite\" aria-atomic=\"true\"><\/p> <ul><\/ul><\/div>\n<form action=\"\/es\/wp-json\/wp\/v2\/pages\/276#wpcf7-f493-o1\" method=\"post\" class=\"wpcf7-form init default\" aria-label=\"Formulario de contacto\" novalidate=\"novalidate\" data-status=\"init\">\n<fieldset class=\"hidden-fields-container\"><input type=\"hidden\" name=\"_wpcf7\" value=\"493\" \/><input type=\"hidden\" name=\"_wpcf7_version\" value=\"6.1.5\" \/><input type=\"hidden\" name=\"_wpcf7_locale\" value=\"es_ES\" \/><input type=\"hidden\" name=\"_wpcf7_unit_tag\" value=\"wpcf7-f493-o1\" \/><input type=\"hidden\" name=\"_wpcf7_container_post\" value=\"0\" \/><input type=\"hidden\" name=\"_wpcf7_posted_data_hash\" value=\"\" \/><input type=\"hidden\" name=\"_wpcf7dtx_version\" value=\"5.0.5\" \/><input type=\"hidden\" name=\"_wpcf7_recaptcha_response\" value=\"\" \/>\n<\/fieldset>\n<p style=\"font-size: 28px; font-family: 'Montserrat', sans-serif; color:#ffffff; margin-bottom: 16px; line-height: 1.25em; font-weight: bold;\">Obtenga una consulta gratuita\n<\/p>\n<div class=\"form-row\">\n\t<p><span class=\"wpcf7-form-control-wrap\" data-name=\"your-name\"><input size=\"40\" maxlength=\"400\" class=\"wpcf7-form-control wpcf7-text wpcf7-validates-as-required\" aria-required=\"true\" aria-invalid=\"false\" placeholder=\"Nombre\" value=\"\" type=\"text\" name=\"your-name\" \/><\/span>\n\t<\/p>\n<\/div>\n<div class=\"form-row\">\n\t<p><span class=\"wpcf7-form-control-wrap\" data-name=\"your-email\"><input size=\"40\" maxlength=\"400\" class=\"wpcf7-form-control wpcf7-email wpcf7-validates-as-required wpcf7-text wpcf7-validates-as-email\" aria-required=\"true\" aria-invalid=\"false\" placeholder=\"E-Mail\" value=\"\" type=\"email\" name=\"your-email\" \/><\/span>\n\t<\/p>\n<\/div>\n<div class=\"form-row\">\n\t<p><span class=\"wpcf7-form-control-wrap\" data-name=\"your-phone\"><input size=\"40\" maxlength=\"400\" class=\"wpcf7-form-control wpcf7-text wpcf7-validates-as-required\" aria-required=\"true\" aria-invalid=\"false\" placeholder=\"tel\u00e9fono\" value=\"\" type=\"text\" name=\"your-phone\" \/><\/span>\n\t<\/p>\n<\/div>\n<div class=\"form-row\">\n\t<p><span class=\"wpcf7-form-control-wrap\" data-name=\"your-message\"><textarea cols=\"40\" rows=\"10\" maxlength=\"2000\" class=\"wpcf7-form-control wpcf7-textarea\" aria-invalid=\"false\" placeholder=\"Breve descripci\u00f3n de su problema legal\" name=\"your-message\"><\/textarea><\/span>\n\t<\/p>\n<\/div>\n<div class=\"form-row\">\n\t<p><span class=\"wpcf7-form-control-wrap\" data-name=\"checkbox-335\"><span class=\"wpcf7-form-control wpcf7-checkbox wpcf7-validates-as-required\"><span class=\"wpcf7-list-item first last\"><input type=\"checkbox\" name=\"checkbox-335[]\" value=\"He le\u00eddo\" \/><span class=\"wpcf7-list-item-label\">He le\u00eddo<\/span><\/span><\/span><\/span><label> <a href=\"https:\/\/www.criminalaw.net\/disclaimer\/\">del descargo de responsabilidad.<\/a>.<\/label>\n\t<\/p>\n<\/div>\n<span class=\"wpcf7-form-control-wrap text-url\" data-name=\"text-url\"><input type=\"hidden\" name=\"text-url\" class=\"wpcf7-form-control wpcf7-hidden wpcf7dtx wpcf7dtx-hidden\" aria-invalid=\"false\" value=\"https:\/\/www.criminalaw.net\/es\/wp-json\/wp\/v2\/pages\/276\"><\/span>\n<div class=\"form-row\">\n\t<p><input class=\"wpcf7-form-control wpcf7-submit has-spinner\" type=\"submit\" value=\"Contacta con nosotros hoy &gt;\" \/>\n\t<\/p>\n<\/div><div class=\"wpcf7-response-output\" aria-hidden=\"true\"><\/div>\n<\/form>\n<\/div>\n[\/vc_column][\/vc_row]<\/p>\n<\/div>","protected":false},"excerpt":{"rendered":"<p>[vc_row css_animation=\u00bb\u00bb row_type=\u00bbrow\u00bb use_row_as_full_screen_section=\u00bbno\u00bb type=\u00bbgrid\u00bb angled_section=\u00bbno\u00bb text_align=\u00bbcenter\u00bb background_image_as_pattern=\u00bbwithout_pattern\u00bb z_index=\u00bb\u00bb background_color=\u00bb#4b122e\u00bb css=\u00bb.vc_custom_1568660841809{background-position: 0 0 !important;background-repeat: no-repeat !important;}\u00bb][vc_column][vc_single_image image=\u00bb470&#8243; img_size=\u00bbfull\u00bb alignment=\u00bbcenter\u00bb qode_css_animation=\u00bb\u00bb el_class=\u00bbheader-left-img\u00bb][\/vc_column][\/vc_row][vc_row css_animation=\u00bb\u00bb row_type=\u00bbrow\u00bb use_row_as_full_screen_section=\u00bbno\u00bb type=\u00bbgrid\u00bb angled_section=\u00bbno\u00bb text_align=\u00bbleft\u00bb background_image_as_pattern=\u00bbwithout_pattern\u00bb z_index=\u00bb\u00bb css=\u00bb.vc_custom_1567617379611{padding-top: 80px !important;padding-bottom: 80px !important;}\u00bb][vc_column width=\u00bb2\/3&#8243;][vc_column_text] UNA DEFENSA FEROZ CONTRA LOS CARGOS DE DROGAS [\/vc_column_text][vc_column_text]Los recursos&#8230;<\/p>\n","protected":false},"author":5,"featured_media":0,"parent":257,"menu_order":0,"comment_status":"closed","ping_status":"closed","template":"full_width.php","meta":{"_metasync_otto_title":"","_metasync_otto_description":"","_metasync_otto_keywords":"","_metasync_otto_og_title":"","_metasync_otto_og_description":"","_metasync_otto_twitter_title":"","_metasync_otto_twitter_description":"","rank_math_title":"","rank_math_description":"Los abogados de Rien, Adams & Cox, LLP tienen la experiencia, el conocimiento y la determinaci\u00f3n para defender con \u00e9xito a las personas acusadas de delitos de drogas.","_yoast_wpseo_title":"","_yoast_wpseo_metadesc":"Los abogados de Rien, Adams & Cox, LLP tienen la experiencia, el conocimiento y la determinaci\u00f3n para defender con \u00e9xito a las personas acusadas de delitos de drogas.","_aioseo_title":"","_aioseo_description":"","_metasync_seo_title":"","_metasync_seo_desc":"","_metasync_breadcrumb_title":"","_metasync_primary_category":0,"_metasync_primary_product_cat":0,"_metasync_otto_disabled":"","_metasync_hreflang":"","footnotes":""},"class_list":["post-276","page","type-page","status-publish","hentry"],"_links":{"self":[{"href":"https:\/\/www.criminalaw.net\/es\/wp-json\/wp\/v2\/pages\/276","targetHints":{"allow":["GET"]}}],"collection":[{"href":"https:\/\/www.criminalaw.net\/es\/wp-json\/wp\/v2\/pages"}],"about":[{"href":"https:\/\/www.criminalaw.net\/es\/wp-json\/wp\/v2\/types\/page"}],"author":[{"embeddable":true,"href":"https:\/\/www.criminalaw.net\/es\/wp-json\/wp\/v2\/users\/5"}],"replies":[{"embeddable":true,"href":"https:\/\/www.criminalaw.net\/es\/wp-json\/wp\/v2\/comments?post=276"}],"version-history":[{"count":0,"href":"https:\/\/www.criminalaw.net\/es\/wp-json\/wp\/v2\/pages\/276\/revisions"}],"up":[{"embeddable":true,"href":"https:\/\/www.criminalaw.net\/es\/wp-json\/wp\/v2\/pages\/257"}],"wp:attachment":[{"href":"https:\/\/www.criminalaw.net\/es\/wp-json\/wp\/v2\/media?parent=276"}],"curies":[{"name":"wp","href":"https:\/\/api.w.org\/{rel}","templated":true}]}}