{"id":278,"date":"2019-09-13T23:06:59","date_gmt":"2019-09-13T23:06:59","guid":{"rendered":"http:\/\/www.criminalaw.net\/defensa-criminal\/white-collar-crime-embezzlement\/"},"modified":"2024-04-12T12:04:36","modified_gmt":"2024-04-12T19:04:36","slug":"robo-malversacion","status":"publish","type":"page","link":"https:\/\/www.criminalaw.net\/es\/defensa-criminal\/robo-malversacion\/","title":{"rendered":"Robo Malversacion"},"content":{"rendered":"<div class=\"wpb-content-wrapper\"><p>[vc_row css_animation=\u00bb\u00bb row_type=\u00bbrow\u00bb use_row_as_full_screen_section=\u00bbno\u00bb type=\u00bbgrid\u00bb angled_section=\u00bbno\u00bb text_align=\u00bbcenter\u00bb background_image_as_pattern=\u00bbwithout_pattern\u00bb z_index=\u00bb\u00bb background_color=\u00bb#4b122e\u00bb css=\u00bb.vc_custom_1568661845883{background-position: 0 0 !important;background-repeat: no-repeat !important;}\u00bb][vc_column][vc_single_image image=\u00bb470&#8243; img_size=\u00bbfull\u00bb alignment=\u00bbcenter\u00bb qode_css_animation=\u00bb\u00bb el_class=\u00bbheader-left-img\u00bb][\/vc_column][\/vc_row][vc_row css_animation=\u00bb\u00bb row_type=\u00bbrow\u00bb use_row_as_full_screen_section=\u00bbno\u00bb type=\u00bbgrid\u00bb angled_section=\u00bbno\u00bb text_align=\u00bbleft\u00bb background_image_as_pattern=\u00bbwithout_pattern\u00bb z_index=\u00bb\u00bb css=\u00bb.vc_custom_1567617379611{padding-top: 80px !important;padding-bottom: 80px !important;}\u00bb][vc_column width=\u00bb2\/3&#8243;][vc_column_text]<\/p>\n<h1>M\u00c1S DE 40 A\u00d1OS ABOGANDO POR ACUSADOS DE ROBO Y MALVERSACI\u00d3N<\/h1>\n<p>[\/vc_column_text][vc_column_text]<\/p>\n<article id=\"content\" class=\"content\">\n<div class=\"content-0\">\n<p>Los abogados defensores de <strong><span class=\"firm-name\">Rien, Adams &amp; Cox, LLP<\/span><\/strong> defienden las acusaciones de robo y malversaci\u00f3n en todo el \u00e1rea de la Bah\u00eda de San Francisco y el Valle Central.<\/p>\n<p><strong>Con casi 40 a\u00f1os de experiencia en derecho penal, Timothy B. Rien ha brindado a sus clientes una representaci\u00f3n respetuosa y sin prejuicios. Es un defensor valiente y tenaz ante los tribunales y es ampliamente respetado en toda la comunidad legal.<\/strong><\/p>\n<p>Si usted o alguien que conoce ha sido arrestado, acusado o est\u00e1 en riesgo de cobrar o ser arrestado por un cargo de robo o malversaci\u00f3n, comun\u00edquese con <strong><span class=\"firm-name\">Rien, Adams &amp; Cox, LLP<\/span><\/strong> inmediatamente para obtener orientaci\u00f3n antes de proporcionar una declaraci\u00f3n a un empleador, compa\u00f1\u00eda de seguros o polic\u00eda. . Comun\u00edquese hoy mismo con <strong><span class=\"firm-name\">Rien, Adams &amp; Cox, LLP<\/span><\/strong> para una consulta inicial gratuita.<\/p>\n<h2>Defensa Contra Cargos por Robo en California<\/h2>\n<p>Los delitos de robo vienen en varias formas, y el castigo puede ser severo e impactar su vida en los a\u00f1os venideros. <strong><span class=\"firm-name\">Rien, Adams &amp; Cox, LLP<\/span> <\/strong>en Livermore tiene experiencia en la defensa de personas contra cargos criminales relacionados con robos, como:<\/p>\n<ul>\n<li>Hurto<\/li>\n<li>Robo Mayor<\/li>\n<li>Malversaci\u00f3n<\/li>\n<li>Robo y allanamiento de morada<\/li>\n<li>Robo a mano armada<\/li>\n<li>Fraude<\/li>\n<li>Hurto<\/li>\n<li>Recibir propiedad robada<\/li>\n<li>Robo de identidad<\/li>\n<li>Pasar cheques sin fondos<\/li>\n<li class=\"last-child\">Robo de autom\u00f3viles<\/li>\n<\/ul>\n<p>Los cargos de robo de identidad a menudo pueden surgir de las denuncias de abuso de ancianos. Nuestros abogados brindan vigorosos servicios de defensa a los trabajadores de hogares de ancianos, a los asistentes de salud en el hogar, a las personas que desempe\u00f1an un papel fiduciario con los ancianos y otras personas acusadas de utilizar la informaci\u00f3n personal de una persona mayor para obtener beneficios econ\u00f3micos.<\/p>\n<p>Adem\u00e1s, la firma ayuda a los clientes con la defensa contra los \u00abdelitos de intento\u00bb, incluido el intento de robo. Los abogados de la firma manejan casos de delitos graves y delitos menores para personas en todo Pleasanton y las \u00e1reas circundantes. Se anima a las personas que han sido acusadas de cualquier cosa, desde robo a robo en relaci\u00f3n con otros delitos, a buscar la representaci\u00f3n agresiva de la empresa.<\/p>\n<h2>Abogados Experimentados y Especializados en Cargos por Robo<\/h2>\n<p>Timothy B. Rien ha ejercido el derecho penal por m\u00e1s de 35 a\u00f1os y ha sido certificado por la Junta de Especializaci\u00f3n Legal del Colegio de Abogados del Estado de California como Especialista Certificado en Derecho Penal por m\u00e1s de 30 a\u00f1os. Esta certificaci\u00f3n se otorga a abogados que tienen una competencia demostrada en su campo de especializaci\u00f3n y deben renovarse cada cinco a\u00f1os. El Sr. Rien ha cumplido con estos altos est\u00e1ndares cada cinco a\u00f1os desde que se certific\u00f3 y ofrece este nivel de representaci\u00f3n de calidad a cada cliente.<\/p>\n<p>La firma mantiene los m\u00e1s altos est\u00e1ndares de comportamiento \u00e9tico y competencia legal reconocida por Martindale-Hubbell en su calificaci\u00f3n \u00abAV\u00bb de la firma. (Consulte la p\u00e1gina de inicio para obtener una explicaci\u00f3n de este sistema nacional de calificaci\u00f3n)<\/p>\n<p><a href=\"https:\/\/www.criminalaw.net\/es\/contact\/\">Comun\u00edquese con<strong> <span class=\"firm-name\">Rien, Adams &amp; Cox, LLP<\/span><\/strong><\/a> para programar una <strong>consulta inicial gratuita<\/strong> y confidencial.<\/p>\n<\/div>\n<\/article>\n<p>[\/vc_column_text][\/vc_column][vc_column width=\u00bb1\/3&#8243;][vc_single_image image=\u00bb463&#8243; img_size=\u00bbmedium\u00bb alignment=\u00bbcenter\u00bb qode_css_animation=\u00bb\u00bb][vc_single_image image=\u00bb453&#8243; img_size=\u00bbmedium\u00bb alignment=\u00bbcenter\u00bb qode_css_animation=\u00bb\u00bb]\n<div class=\"wpcf7 no-js\" id=\"wpcf7-f493-o1\" lang=\"es-ES\" dir=\"ltr\" data-wpcf7-id=\"493\">\n<div class=\"screen-reader-response\"><p role=\"status\" aria-live=\"polite\" aria-atomic=\"true\"><\/p> <ul><\/ul><\/div>\n<form action=\"\/es\/wp-json\/wp\/v2\/pages\/278#wpcf7-f493-o1\" method=\"post\" class=\"wpcf7-form init default\" aria-label=\"Formulario de contacto\" novalidate=\"novalidate\" data-status=\"init\">\n<fieldset class=\"hidden-fields-container\"><input type=\"hidden\" name=\"_wpcf7\" value=\"493\" \/><input type=\"hidden\" name=\"_wpcf7_version\" value=\"6.1.5\" \/><input type=\"hidden\" name=\"_wpcf7_locale\" value=\"es_ES\" \/><input type=\"hidden\" name=\"_wpcf7_unit_tag\" value=\"wpcf7-f493-o1\" \/><input type=\"hidden\" name=\"_wpcf7_container_post\" value=\"0\" \/><input type=\"hidden\" name=\"_wpcf7_posted_data_hash\" value=\"\" \/><input type=\"hidden\" name=\"_wpcf7dtx_version\" value=\"5.0.5\" \/><input type=\"hidden\" name=\"_wpcf7_recaptcha_response\" value=\"\" \/>\n<\/fieldset>\n<p style=\"font-size: 28px; font-family: 'Montserrat', sans-serif; color:#ffffff; margin-bottom: 16px; line-height: 1.25em; font-weight: bold;\">Obtenga una consulta gratuita\n<\/p>\n<div class=\"form-row\">\n\t<p><span class=\"wpcf7-form-control-wrap\" data-name=\"your-name\"><input size=\"40\" maxlength=\"400\" class=\"wpcf7-form-control wpcf7-text wpcf7-validates-as-required\" aria-required=\"true\" aria-invalid=\"false\" placeholder=\"Nombre\" value=\"\" type=\"text\" name=\"your-name\" \/><\/span>\n\t<\/p>\n<\/div>\n<div class=\"form-row\">\n\t<p><span class=\"wpcf7-form-control-wrap\" data-name=\"your-email\"><input size=\"40\" maxlength=\"400\" class=\"wpcf7-form-control wpcf7-email wpcf7-validates-as-required wpcf7-text wpcf7-validates-as-email\" aria-required=\"true\" aria-invalid=\"false\" placeholder=\"E-Mail\" value=\"\" type=\"email\" name=\"your-email\" \/><\/span>\n\t<\/p>\n<\/div>\n<div class=\"form-row\">\n\t<p><span class=\"wpcf7-form-control-wrap\" data-name=\"your-phone\"><input size=\"40\" maxlength=\"400\" class=\"wpcf7-form-control wpcf7-text wpcf7-validates-as-required\" aria-required=\"true\" aria-invalid=\"false\" placeholder=\"tel\u00e9fono\" value=\"\" type=\"text\" name=\"your-phone\" \/><\/span>\n\t<\/p>\n<\/div>\n<div class=\"form-row\">\n\t<p><span class=\"wpcf7-form-control-wrap\" data-name=\"your-message\"><textarea cols=\"40\" rows=\"10\" maxlength=\"2000\" class=\"wpcf7-form-control wpcf7-textarea\" aria-invalid=\"false\" placeholder=\"Breve descripci\u00f3n de su problema legal\" name=\"your-message\"><\/textarea><\/span>\n\t<\/p>\n<\/div>\n<div class=\"form-row\">\n\t<p><span class=\"wpcf7-form-control-wrap\" data-name=\"checkbox-335\"><span class=\"wpcf7-form-control wpcf7-checkbox wpcf7-validates-as-required\"><span class=\"wpcf7-list-item first last\"><input type=\"checkbox\" name=\"checkbox-335[]\" value=\"He le\u00eddo\" \/><span class=\"wpcf7-list-item-label\">He le\u00eddo<\/span><\/span><\/span><\/span><label> <a href=\"https:\/\/www.criminalaw.net\/disclaimer\/\">del descargo de responsabilidad.<\/a>.<\/label>\n\t<\/p>\n<\/div>\n<span class=\"wpcf7-form-control-wrap text-url\" data-name=\"text-url\"><input type=\"hidden\" name=\"text-url\" class=\"wpcf7-form-control wpcf7-hidden wpcf7dtx wpcf7dtx-hidden\" aria-invalid=\"false\" value=\"https:\/\/www.criminalaw.net\/es\/wp-json\/wp\/v2\/pages\/278\"><\/span>\n<div class=\"form-row\">\n\t<p><input class=\"wpcf7-form-control wpcf7-submit has-spinner\" type=\"submit\" value=\"Contacta con nosotros hoy &gt;\" \/>\n\t<\/p>\n<\/div><div class=\"wpcf7-response-output\" aria-hidden=\"true\"><\/div>\n<\/form>\n<\/div>\n[\/vc_column][\/vc_row]<\/p>\n<\/div>","protected":false},"excerpt":{"rendered":"<p>[vc_row css_animation=\u00bb\u00bb row_type=\u00bbrow\u00bb use_row_as_full_screen_section=\u00bbno\u00bb type=\u00bbgrid\u00bb angled_section=\u00bbno\u00bb text_align=\u00bbcenter\u00bb background_image_as_pattern=\u00bbwithout_pattern\u00bb z_index=\u00bb\u00bb background_color=\u00bb#4b122e\u00bb css=\u00bb.vc_custom_1568661845883{background-position: 0 0 !important;background-repeat: no-repeat !important;}\u00bb][vc_column][vc_single_image image=\u00bb470&#8243; img_size=\u00bbfull\u00bb alignment=\u00bbcenter\u00bb qode_css_animation=\u00bb\u00bb el_class=\u00bbheader-left-img\u00bb][\/vc_column][\/vc_row][vc_row css_animation=\u00bb\u00bb row_type=\u00bbrow\u00bb use_row_as_full_screen_section=\u00bbno\u00bb type=\u00bbgrid\u00bb angled_section=\u00bbno\u00bb text_align=\u00bbleft\u00bb background_image_as_pattern=\u00bbwithout_pattern\u00bb z_index=\u00bb\u00bb css=\u00bb.vc_custom_1567617379611{padding-top: 80px !important;padding-bottom: 80px !important;}\u00bb][vc_column width=\u00bb2\/3&#8243;][vc_column_text] M\u00c1S DE 40 A\u00d1OS ABOGANDO POR ACUSADOS DE ROBO Y&#8230;<\/p>\n","protected":false},"author":5,"featured_media":0,"parent":257,"menu_order":0,"comment_status":"closed","ping_status":"closed","template":"full_width.php","meta":{"_metasync_otto_title":"","_metasync_otto_description":"","_metasync_otto_keywords":"","_metasync_otto_og_title":"","_metasync_otto_og_description":"","_metasync_otto_twitter_title":"","_metasync_otto_twitter_description":"","rank_math_title":"","rank_math_description":"Si ha sido acusado de un delito sexual, nuestros abogados est\u00e1n aqu\u00ed para ayudarlo. Llame a nuestra oficina al 925-449-0666 para concertar una consulta inicial gratuita.","_yoast_wpseo_title":"","_yoast_wpseo_metadesc":"Si ha sido acusado de un delito sexual, nuestros abogados est\u00e1n aqu\u00ed para ayudarlo. Llame a nuestra oficina al 925-449-0666 para concertar una consulta inicial gratuita.","_aioseo_title":"","_aioseo_description":"","_metasync_seo_title":"","_metasync_seo_desc":"","_metasync_breadcrumb_title":"","_metasync_primary_category":0,"_metasync_primary_product_cat":0,"_metasync_otto_disabled":"","_metasync_hreflang":"","_metasync_plugin_sync_ts":"","_metasync_robots_advanced":"","footnotes":""},"class_list":["post-278","page","type-page","status-publish","hentry"],"_links":{"self":[{"href":"https:\/\/www.criminalaw.net\/es\/wp-json\/wp\/v2\/pages\/278","targetHints":{"allow":["GET"]}}],"collection":[{"href":"https:\/\/www.criminalaw.net\/es\/wp-json\/wp\/v2\/pages"}],"about":[{"href":"https:\/\/www.criminalaw.net\/es\/wp-json\/wp\/v2\/types\/page"}],"author":[{"embeddable":true,"href":"https:\/\/www.criminalaw.net\/es\/wp-json\/wp\/v2\/users\/5"}],"replies":[{"embeddable":true,"href":"https:\/\/www.criminalaw.net\/es\/wp-json\/wp\/v2\/comments?post=278"}],"version-history":[{"count":0,"href":"https:\/\/www.criminalaw.net\/es\/wp-json\/wp\/v2\/pages\/278\/revisions"}],"up":[{"embeddable":true,"href":"https:\/\/www.criminalaw.net\/es\/wp-json\/wp\/v2\/pages\/257"}],"wp:attachment":[{"href":"https:\/\/www.criminalaw.net\/es\/wp-json\/wp\/v2\/media?parent=278"}],"curies":[{"name":"wp","href":"https:\/\/api.w.org\/{rel}","templated":true}]}}