{"id":284,"date":"2019-09-13T23:57:14","date_gmt":"2019-09-13T23:57:14","guid":{"rendered":"http:\/\/www.criminalaw.net\/defensa-dui\/commercial-truck-driver-dui-s-violations\/"},"modified":"2024-04-12T12:09:52","modified_gmt":"2024-04-12T19:09:52","slug":"dui-y-violaciones-de-conductores-de-camion-comercial","status":"publish","type":"page","link":"https:\/\/www.criminalaw.net\/es\/defensa-dui\/dui-y-violaciones-de-conductores-de-camion-comercial\/","title":{"rendered":"DUI y Violaciones de Conductores de Cami\u00f3n Comercial"},"content":{"rendered":"<div class=\"wpb-content-wrapper\"><p>[vc_row css_animation=\u00bb\u00bb row_type=\u00bbrow\u00bb use_row_as_full_screen_section=\u00bbno\u00bb type=\u00bbgrid\u00bb angled_section=\u00bbno\u00bb text_align=\u00bbcenter\u00bb background_image_as_pattern=\u00bbwithout_pattern\u00bb z_index=\u00bb\u00bb background_color=\u00bb#4b122e\u00bb css=\u00bb.vc_custom_1568671533081{background-position: 0 0 !important;background-repeat: no-repeat !important;}\u00bb][vc_column][vc_single_image image=\u00bb470&#8243; img_size=\u00bbfull\u00bb alignment=\u00bbcenter\u00bb qode_css_animation=\u00bb\u00bb el_class=\u00bbheader-left-img\u00bb][\/vc_column][\/vc_row][vc_row css_animation=\u00bb\u00bb row_type=\u00bbrow\u00bb use_row_as_full_screen_section=\u00bbno\u00bb type=\u00bbgrid\u00bb angled_section=\u00bbno\u00bb text_align=\u00bbleft\u00bb background_image_as_pattern=\u00bbwithout_pattern\u00bb z_index=\u00bb\u00bb css=\u00bb.vc_custom_1567617379611{padding-top: 80px !important;padding-bottom: 80px !important;}\u00bb][vc_column width=\u00bb2\/3&#8243;][vc_column_text]<\/p>\n<h1 class=\"page-title\">PROTEGIENDO A LOS CONDUCTORES DE CAMIONES COMERCIALES DE LAS VIOLACIONES QUE AMENAZAN SUS MEDIOS DE VIDA<\/h1>\n<p>[\/vc_column_text][vc_column_text]Hay graves repercusiones para cualquier persona que haya sido condenada por DUI, pero si tiene una licencia de conducir comercial, las consecuencias pueden ser especialmente onerosas, incluso si no estaba operando un veh\u00edculo comercial en el momento de su arresto. Desea hacer todo lo posible para mantener su registro limpio, para mantener su licencia y su trabajo.<\/p>\n<p>En <strong><span class=\"firm-name\">Rien, Adams &amp; Cox, LLP<\/span><\/strong>, la firma protege los derechos de los conductores comerciales.<\/p>\n<h2>Prevenci\u00f3n de que su Licencia de Conductor Comercial (CDL) se suspenda y Violaciones de Conductores Comerciales<\/h2>\n<p>Independientemente de si estaba manejando un veh\u00edculo comercial o su propio veh\u00edculo personal en el momento de su arresto por conducir ebrio, una condena por DUI afectar\u00e1 tanto su licencia de operador regular como su licencia de conducir comercial. Una licencia de conducir comercial suspendida obviamente puede afectar su empleo o su capacidad para encontrar un empleo. Los abogados de <strong><span class=\"firm-name\">Rien, Adams &amp; Cox, LLP<\/span>,<\/strong> defender\u00e1n vigorosamente su caso, teniendo en cuenta las graves consecuencias potenciales de su capacidad para operar un veh\u00edculo comercial.<\/p>\n<h2>California DUI y CDL Fuera del Estado<\/h2>\n<p>Muchos titulares de licencias de CDL (conductores comerciales) arrestados por conducir ebrio en California provienen de fuera del estado. Si su licencia est\u00e1 amenazada, como resultado de un DUI en California, su licencia de conducir comercial est\u00e1 amenazada en todas partes. Afortunadamente, no necesariamente tiene que regresar a California para proteger sus derechos. En muchos casos, puede contratar a un abogado local que puede comparecer en todas las audiencias penales y administrativas en su nombre. En <strong><span class=\"firm-name\">Rien, Adams &amp; Cox, LLP<\/span><\/strong>, la firma representa a personas de fuera del estado acusadas de delitos de California.<\/p>\n<h2>Violaciones del Operador Comercial<\/h2>\n<p>Las infracciones simples de equipos, como las infracciones de restricci\u00f3n de peso, pueden resultar en multas de hasta $ 20,000. Cuando se gana la vida en la carretera, no puede pagar un boleto de este tipo, y muchas de esas violaciones son imputables no solo al propietario del veh\u00edculo, sino al operador. Adem\u00e1s de las multas, estas violaciones pueden resultar en la suspensi\u00f3n de la licencia de conducir. Los abogados de <strong><span class=\"firm-name\">Rien, Adams &amp; Cox, LLP<\/span>,<\/strong> pueden ayudarlo a combatir estas violaciones comerciales.<\/p>\n<h2>Cont\u00e1ctenos<\/h2>\n<p><strong><span class=\"firm-name\">Rien, Adams &amp; Cox, LLP<\/span>,<\/strong> tiene los recursos para ayudar a los conductores comerciales de todo el pa\u00eds que enfrentan infracciones de tr\u00e1nsito, incluidos los cargos de DUI en los tribunales de Livermore, Pleasanton, el Valle Central y todo el norte de California.<\/p>\n<p>Su contestador nunca ser\u00e1 contestado por un contestador autom\u00e1tico o un correo de voz. Un operador en vivo est\u00e1 disponible para atender llamadas las 24 horas del d\u00eda, los 7 d\u00edas de la semana. <a href=\"https:\/\/www.criminalaw.net\/es\/contact\/\">P\u00f3ngase en contacto con la empresa hoy<\/a> para una <strong>consulta inicial gratuita.<\/strong>[\/vc_column_text][\/vc_column][vc_column width=\u00bb1\/3&#8243;][vc_single_image image=\u00bb463&#8243; img_size=\u00bbmedium\u00bb alignment=\u00bbcenter\u00bb qode_css_animation=\u00bb\u00bb][vc_single_image image=\u00bb453&#8243; img_size=\u00bbmedium\u00bb alignment=\u00bbcenter\u00bb qode_css_animation=\u00bb\u00bb][vc_single_image image=\u00bb456&#8243; img_size=\u00bbmedium\u00bb alignment=\u00bbcenter\u00bb qode_css_animation=\u00bb\u00bb]\n<div class=\"wpcf7 no-js\" id=\"wpcf7-f493-o1\" lang=\"es-ES\" dir=\"ltr\" data-wpcf7-id=\"493\">\n<div class=\"screen-reader-response\"><p role=\"status\" aria-live=\"polite\" aria-atomic=\"true\"><\/p> <ul><\/ul><\/div>\n<form action=\"\/es\/wp-json\/wp\/v2\/pages\/284#wpcf7-f493-o1\" method=\"post\" class=\"wpcf7-form init default\" aria-label=\"Formulario de contacto\" novalidate=\"novalidate\" data-status=\"init\">\n<fieldset class=\"hidden-fields-container\"><input type=\"hidden\" name=\"_wpcf7\" value=\"493\" \/><input type=\"hidden\" name=\"_wpcf7_version\" value=\"6.1.5\" \/><input type=\"hidden\" name=\"_wpcf7_locale\" value=\"es_ES\" \/><input type=\"hidden\" name=\"_wpcf7_unit_tag\" value=\"wpcf7-f493-o1\" \/><input type=\"hidden\" name=\"_wpcf7_container_post\" value=\"0\" \/><input type=\"hidden\" name=\"_wpcf7_posted_data_hash\" value=\"\" \/><input type=\"hidden\" name=\"_wpcf7dtx_version\" value=\"5.0.5\" \/><input type=\"hidden\" name=\"_wpcf7_recaptcha_response\" value=\"\" \/>\n<\/fieldset>\n<p style=\"font-size: 28px; font-family: 'Montserrat', sans-serif; color:#ffffff; margin-bottom: 16px; line-height: 1.25em; font-weight: bold;\">Obtenga una consulta gratuita\n<\/p>\n<div class=\"form-row\">\n\t<p><span class=\"wpcf7-form-control-wrap\" data-name=\"your-name\"><input size=\"40\" maxlength=\"400\" class=\"wpcf7-form-control wpcf7-text wpcf7-validates-as-required\" aria-required=\"true\" aria-invalid=\"false\" placeholder=\"Nombre\" value=\"\" type=\"text\" name=\"your-name\" \/><\/span>\n\t<\/p>\n<\/div>\n<div class=\"form-row\">\n\t<p><span class=\"wpcf7-form-control-wrap\" data-name=\"your-email\"><input size=\"40\" maxlength=\"400\" class=\"wpcf7-form-control wpcf7-email wpcf7-validates-as-required wpcf7-text wpcf7-validates-as-email\" aria-required=\"true\" aria-invalid=\"false\" placeholder=\"E-Mail\" value=\"\" type=\"email\" name=\"your-email\" \/><\/span>\n\t<\/p>\n<\/div>\n<div class=\"form-row\">\n\t<p><span class=\"wpcf7-form-control-wrap\" data-name=\"your-phone\"><input size=\"40\" maxlength=\"400\" class=\"wpcf7-form-control wpcf7-text wpcf7-validates-as-required\" aria-required=\"true\" aria-invalid=\"false\" placeholder=\"tel\u00e9fono\" value=\"\" type=\"text\" name=\"your-phone\" \/><\/span>\n\t<\/p>\n<\/div>\n<div class=\"form-row\">\n\t<p><span class=\"wpcf7-form-control-wrap\" data-name=\"your-message\"><textarea cols=\"40\" rows=\"10\" maxlength=\"2000\" class=\"wpcf7-form-control wpcf7-textarea\" aria-invalid=\"false\" placeholder=\"Breve descripci\u00f3n de su problema legal\" name=\"your-message\"><\/textarea><\/span>\n\t<\/p>\n<\/div>\n<div class=\"form-row\">\n\t<p><span class=\"wpcf7-form-control-wrap\" data-name=\"checkbox-335\"><span class=\"wpcf7-form-control wpcf7-checkbox wpcf7-validates-as-required\"><span class=\"wpcf7-list-item first last\"><input type=\"checkbox\" name=\"checkbox-335[]\" value=\"He le\u00eddo\" \/><span class=\"wpcf7-list-item-label\">He le\u00eddo<\/span><\/span><\/span><\/span><label> <a href=\"https:\/\/www.criminalaw.net\/disclaimer\/\">del descargo de responsabilidad.<\/a>.<\/label>\n\t<\/p>\n<\/div>\n<span class=\"wpcf7-form-control-wrap text-url\" data-name=\"text-url\"><input type=\"hidden\" name=\"text-url\" class=\"wpcf7-form-control wpcf7-hidden wpcf7dtx wpcf7dtx-hidden\" aria-invalid=\"false\" value=\"https:\/\/www.criminalaw.net\/es\/wp-json\/wp\/v2\/pages\/284\"><\/span>\n<div class=\"form-row\">\n\t<p><input class=\"wpcf7-form-control wpcf7-submit has-spinner\" type=\"submit\" value=\"Contacta con nosotros hoy &gt;\" \/>\n\t<\/p>\n<\/div><div class=\"wpcf7-response-output\" aria-hidden=\"true\"><\/div>\n<\/form>\n<\/div>\n[\/vc_column][\/vc_row]<\/p>\n<\/div>","protected":false},"excerpt":{"rendered":"<p>[vc_row css_animation=\u00bb\u00bb row_type=\u00bbrow\u00bb use_row_as_full_screen_section=\u00bbno\u00bb type=\u00bbgrid\u00bb angled_section=\u00bbno\u00bb text_align=\u00bbcenter\u00bb background_image_as_pattern=\u00bbwithout_pattern\u00bb z_index=\u00bb\u00bb background_color=\u00bb#4b122e\u00bb css=\u00bb.vc_custom_1568671533081{background-position: 0 0 !important;background-repeat: no-repeat !important;}\u00bb][vc_column][vc_single_image image=\u00bb470&#8243; img_size=\u00bbfull\u00bb alignment=\u00bbcenter\u00bb qode_css_animation=\u00bb\u00bb el_class=\u00bbheader-left-img\u00bb][\/vc_column][\/vc_row][vc_row css_animation=\u00bb\u00bb row_type=\u00bbrow\u00bb use_row_as_full_screen_section=\u00bbno\u00bb type=\u00bbgrid\u00bb angled_section=\u00bbno\u00bb text_align=\u00bbleft\u00bb background_image_as_pattern=\u00bbwithout_pattern\u00bb z_index=\u00bb\u00bb css=\u00bb.vc_custom_1567617379611{padding-top: 80px !important;padding-bottom: 80px !important;}\u00bb][vc_column width=\u00bb2\/3&#8243;][vc_column_text] PROTEGIENDO A LOS CONDUCTORES DE CAMIONES COMERCIALES DE LAS VIOLACIONES&#8230;<\/p>\n","protected":false},"author":5,"featured_media":0,"parent":282,"menu_order":0,"comment_status":"closed","ping_status":"closed","template":"full_width.php","meta":{"_metasync_otto_title":"","_metasync_otto_description":"","_metasync_otto_keywords":"","_metasync_otto_og_title":"","_metasync_otto_og_description":"","_metasync_otto_twitter_title":"","_metasync_otto_twitter_description":"","rank_math_title":"","rank_math_description":"En Rien, Adams & Cox, LLP protegemos los derechos de los conductores comerciales que han sido acusados \u200b\u200bde un DUI. Ll\u00e1menos para una consulta inicial gratuita.","_yoast_wpseo_title":"","_yoast_wpseo_metadesc":"En Rien, Adams & Cox, LLP protegemos los derechos de los conductores comerciales que han sido acusados \u200b\u200bde un DUI. Ll\u00e1menos para una consulta inicial gratuita.","_aioseo_title":"","_aioseo_description":"","_metasync_seo_title":"","_metasync_seo_desc":"","_metasync_breadcrumb_title":"","_metasync_primary_category":0,"_metasync_primary_product_cat":0,"_metasync_otto_disabled":"","_metasync_hreflang":"","_metasync_plugin_sync_ts":"","_metasync_robots_advanced":"","footnotes":""},"class_list":["post-284","page","type-page","status-publish","hentry"],"_links":{"self":[{"href":"https:\/\/www.criminalaw.net\/es\/wp-json\/wp\/v2\/pages\/284","targetHints":{"allow":["GET"]}}],"collection":[{"href":"https:\/\/www.criminalaw.net\/es\/wp-json\/wp\/v2\/pages"}],"about":[{"href":"https:\/\/www.criminalaw.net\/es\/wp-json\/wp\/v2\/types\/page"}],"author":[{"embeddable":true,"href":"https:\/\/www.criminalaw.net\/es\/wp-json\/wp\/v2\/users\/5"}],"replies":[{"embeddable":true,"href":"https:\/\/www.criminalaw.net\/es\/wp-json\/wp\/v2\/comments?post=284"}],"version-history":[{"count":0,"href":"https:\/\/www.criminalaw.net\/es\/wp-json\/wp\/v2\/pages\/284\/revisions"}],"up":[{"embeddable":true,"href":"https:\/\/www.criminalaw.net\/es\/wp-json\/wp\/v2\/pages\/282"}],"wp:attachment":[{"href":"https:\/\/www.criminalaw.net\/es\/wp-json\/wp\/v2\/media?parent=284"}],"curies":[{"name":"wp","href":"https:\/\/api.w.org\/{rel}","templated":true}]}}