{"id":289,"date":"2019-09-13T23:49:06","date_gmt":"2019-09-13T23:49:06","guid":{"rendered":"http:\/\/www.criminalaw.net\/defensa-dui\/dui-felony\/"},"modified":"2025-02-05T20:01:13","modified_gmt":"2025-02-06T04:01:13","slug":"delito-grave-de-dui-evadir-choque-y-fuga-lesiones-y-muerte","status":"publish","type":"page","link":"https:\/\/www.criminalaw.net\/es\/defensa-dui\/delito-grave-de-dui-evadir-choque-y-fuga-lesiones-y-muerte\/","title":{"rendered":"Delito grave de DUI"},"content":{"rendered":"<div class=\"wpb-content-wrapper\"><p>[vc_row css_animation=\u00bb\u00bb row_type=\u00bbrow\u00bb use_row_as_full_screen_section=\u00bbno\u00bb type=\u00bbgrid\u00bb angled_section=\u00bbno\u00bb text_align=\u00bbcenter\u00bb background_image_as_pattern=\u00bbwithout_pattern\u00bb z_index=\u00bb\u00bb background_color=\u00bb#4b122e\u00bb css=\u00bb.vc_custom_1568672124276{background-position: 0 0 !important;background-repeat: no-repeat !important;}\u00bb][vc_column][vc_single_image image=\u00bb470&#8243; img_size=\u00bbfull\u00bb alignment=\u00bbcenter\u00bb qode_css_animation=\u00bb\u00bb el_class=\u00bbheader-left-img\u00bb][\/vc_column][\/vc_row][vc_row css_animation=\u00bb\u00bb row_type=\u00bbrow\u00bb use_row_as_full_screen_section=\u00bbno\u00bb type=\u00bbgrid\u00bb angled_section=\u00bbno\u00bb text_align=\u00bbleft\u00bb background_image_as_pattern=\u00bbwithout_pattern\u00bb z_index=\u00bb\u00bb css=\u00bb.vc_custom_1567617379611{padding-top: 80px !important;padding-bottom: 80px !important;}\u00bb][vc_column width=\u00bb2\/3&#8243;][vc_column_text]<\/p>\n<h1>UNA CONVICCI\u00d3N POR UN DELITO DE DUI PUEDE LLEVAR A UNA SENTENCIA DE PRISI\u00d3N<\/h1>\n<p>[\/vc_column_text][vc_column_text css=\u00bb\u00bb]Un cargo por delito grave de conducir bajo la influencia puede surgir como resultado de haber sido arrestado por DUI y haber sufrido tres o m\u00e1s condenas previas por conducir bajo la influencia o imprudentemente en los \u00faltimos 10 a\u00f1os; o por estar involucrado en un accidente y causar lesiones o la muerte en el curso de la conducci\u00f3n bajo la influencia. En el caso de una muerte, una persona tambi\u00e9n podr\u00eda ser acusada de asesinato en segundo grado. En cualquier caso, el cargo es grave y puede resultar en el confinamiento en una prisi\u00f3n estatal.<\/p>\n<p>Un abogado de defensa criminal experimentado y respetado es esencial en la defensa contra tal cargo. Los abogados defensores de <strong><span class=\"firm-name\">Rien, Adams &amp; Cox, LLP<\/span>,<\/strong> tienen la experiencia justa para proteger los derechos de las personas que enfrentan cargos de DUI por delitos graves, o el asesinato que se derive de un accidente por <a class=\" current\" href=\"https:\/\/www.criminalaw.net\/es\/Defensa-DUI\/\">conducir ebrio<\/a>. Desde infracciones m\u00faltiples hasta homicidios vehiculares, trabajar\u00e1n vigorosamente para proteger y defender sus derechos. La firma atiende a clientes en Livermore, Pleasanton, el Valle Central y en todo el norte de California.<\/p>\n<h2>Abogados de Livermore que Manejan Casos de Homicidio Vehicular y Casos de Choque y Fuga<\/h2>\n<p>Los abogados de <strong><span class=\"firm-name\">Rien, Adams &amp; Cox, LLP<\/span><\/strong>, analizar\u00e1n las fortalezas y debilidades del caso del gobierno y formular\u00e1n la defensa m\u00e1s efectiva posible. Los investigadores e ingenieros de la defensa trabajar\u00e1n para reconstruir los accidentes y, cuando corresponda, los abogados trabajar\u00e1n para lograr condenas previas por motivos constitucionales. Finalmente, no todo DUI con antecedentes o un accidente tiene que ser un delito grave. En algunos casos, los cargos se pueden negociar a un cargo reducido de un delito menor.<\/p>\n<ul>\n<li><strong>Choque y fuga: <\/strong>un choque y fuga que involucre el consumo de alcohol es un delito serio y, en algunas circunstancias, puede ser acusado de delito grave. Un abogado experimentado y respetado es esencial en la defensa de este caso.<\/li>\n<li><strong>Evadir a un oficial de polic\u00eda<\/strong>: Al igual que los delitos de choque y fuga, evadir a un oficial de polic\u00eda puede ser acusado de delito grave cuando la conducta se considera intencional e imprudente. Un abogado experimentado y respetado es esencial en la defensa de este caso.<\/li>\n<\/ul>\n<p>Los abogados de <strong><span class=\"firm-name\">Rien, Adams &amp; Cox, LLP<\/span><\/strong>, est\u00e1n altamente calificados para manejar todos los delitos de conducci\u00f3n relacionados con delitos graves.<\/p>\n<h2>Cont\u00e1ctenos<\/h2>\n<p><strong><span class=\"firm-name\">Rien, Adams &amp; Cox, LLP<\/span>,<\/strong> est\u00e1 listo para ayudarlo a luchar contra un cargo de DUI por delitos graves. No encontrar\u00e1s el correo de voz aqu\u00ed. Un operador en vivo est\u00e1 disponible las 24 horas del d\u00eda, los 7 d\u00edas de la semana, para ponerlo en contacto con un abogado y responder sus preguntas. <a href=\"https:\/\/www.criminalaw.net\/es\/contact\/\">P\u00f3ngase en contacto con ellos hoy<\/a> para una <strong>consulta inicial gratuita<\/strong>.[\/vc_column_text][\/vc_column][vc_column width=\u00bb1\/3&#8243;][vc_single_image image=\u00bb463&#8243; img_size=\u00bbmedium\u00bb alignment=\u00bbcenter\u00bb qode_css_animation=\u00bb\u00bb][vc_single_image image=\u00bb453&#8243; img_size=\u00bbmedium\u00bb alignment=\u00bbcenter\u00bb qode_css_animation=\u00bb\u00bb][vc_single_image image=\u00bb456&#8243; img_size=\u00bbmedium\u00bb alignment=\u00bbcenter\u00bb qode_css_animation=\u00bb\u00bb]\n<div class=\"wpcf7 no-js\" id=\"wpcf7-f493-o1\" lang=\"es-ES\" dir=\"ltr\" data-wpcf7-id=\"493\">\n<div class=\"screen-reader-response\"><p role=\"status\" aria-live=\"polite\" aria-atomic=\"true\"><\/p> <ul><\/ul><\/div>\n<form action=\"\/es\/wp-json\/wp\/v2\/pages\/289#wpcf7-f493-o1\" method=\"post\" class=\"wpcf7-form init default\" aria-label=\"Formulario de contacto\" novalidate=\"novalidate\" data-status=\"init\">\n<fieldset class=\"hidden-fields-container\"><input type=\"hidden\" name=\"_wpcf7\" value=\"493\" \/><input type=\"hidden\" name=\"_wpcf7_version\" value=\"6.1.5\" \/><input type=\"hidden\" name=\"_wpcf7_locale\" value=\"es_ES\" \/><input type=\"hidden\" name=\"_wpcf7_unit_tag\" value=\"wpcf7-f493-o1\" \/><input type=\"hidden\" name=\"_wpcf7_container_post\" value=\"0\" \/><input type=\"hidden\" name=\"_wpcf7_posted_data_hash\" value=\"\" \/><input type=\"hidden\" name=\"_wpcf7dtx_version\" value=\"5.0.5\" \/><input type=\"hidden\" name=\"_wpcf7_recaptcha_response\" value=\"\" \/>\n<\/fieldset>\n<p style=\"font-size: 28px; font-family: 'Montserrat', sans-serif; color:#ffffff; margin-bottom: 16px; line-height: 1.25em; font-weight: bold;\">Obtenga una consulta gratuita\n<\/p>\n<div class=\"form-row\">\n\t<p><span class=\"wpcf7-form-control-wrap\" data-name=\"your-name\"><input size=\"40\" maxlength=\"400\" class=\"wpcf7-form-control wpcf7-text wpcf7-validates-as-required\" aria-required=\"true\" aria-invalid=\"false\" placeholder=\"Nombre\" value=\"\" type=\"text\" name=\"your-name\" \/><\/span>\n\t<\/p>\n<\/div>\n<div class=\"form-row\">\n\t<p><span class=\"wpcf7-form-control-wrap\" data-name=\"your-email\"><input size=\"40\" maxlength=\"400\" class=\"wpcf7-form-control wpcf7-email wpcf7-validates-as-required wpcf7-text wpcf7-validates-as-email\" aria-required=\"true\" aria-invalid=\"false\" placeholder=\"E-Mail\" value=\"\" type=\"email\" name=\"your-email\" \/><\/span>\n\t<\/p>\n<\/div>\n<div class=\"form-row\">\n\t<p><span class=\"wpcf7-form-control-wrap\" data-name=\"your-phone\"><input size=\"40\" maxlength=\"400\" class=\"wpcf7-form-control wpcf7-text wpcf7-validates-as-required\" aria-required=\"true\" aria-invalid=\"false\" placeholder=\"tel\u00e9fono\" value=\"\" type=\"text\" name=\"your-phone\" \/><\/span>\n\t<\/p>\n<\/div>\n<div class=\"form-row\">\n\t<p><span class=\"wpcf7-form-control-wrap\" data-name=\"your-message\"><textarea cols=\"40\" rows=\"10\" maxlength=\"2000\" class=\"wpcf7-form-control wpcf7-textarea\" aria-invalid=\"false\" placeholder=\"Breve descripci\u00f3n de su problema legal\" name=\"your-message\"><\/textarea><\/span>\n\t<\/p>\n<\/div>\n<div class=\"form-row\">\n\t<p><span class=\"wpcf7-form-control-wrap\" data-name=\"checkbox-335\"><span class=\"wpcf7-form-control wpcf7-checkbox wpcf7-validates-as-required\"><span class=\"wpcf7-list-item first last\"><input type=\"checkbox\" name=\"checkbox-335[]\" value=\"He le\u00eddo\" \/><span class=\"wpcf7-list-item-label\">He le\u00eddo<\/span><\/span><\/span><\/span><label> <a href=\"https:\/\/www.criminalaw.net\/disclaimer\/\">del descargo de responsabilidad.<\/a>.<\/label>\n\t<\/p>\n<\/div>\n<span class=\"wpcf7-form-control-wrap text-url\" data-name=\"text-url\"><input type=\"hidden\" name=\"text-url\" class=\"wpcf7-form-control wpcf7-hidden wpcf7dtx wpcf7dtx-hidden\" aria-invalid=\"false\" value=\"https:\/\/www.criminalaw.net\/es\/wp-json\/wp\/v2\/pages\/289\"><\/span>\n<div class=\"form-row\">\n\t<p><input class=\"wpcf7-form-control wpcf7-submit has-spinner\" type=\"submit\" value=\"Contacta con nosotros hoy &gt;\" \/>\n\t<\/p>\n<\/div><div class=\"wpcf7-response-output\" aria-hidden=\"true\"><\/div>\n<\/form>\n<\/div>\n[\/vc_column][\/vc_row]<\/p>\n<\/div>","protected":false},"excerpt":{"rendered":"<p>[vc_row css_animation=\u00bb\u00bb row_type=\u00bbrow\u00bb use_row_as_full_screen_section=\u00bbno\u00bb type=\u00bbgrid\u00bb angled_section=\u00bbno\u00bb text_align=\u00bbcenter\u00bb background_image_as_pattern=\u00bbwithout_pattern\u00bb z_index=\u00bb\u00bb background_color=\u00bb#4b122e\u00bb css=\u00bb.vc_custom_1568672124276{background-position: 0 0 !important;background-repeat: no-repeat !important;}\u00bb][vc_column][vc_single_image image=\u00bb470&#8243; img_size=\u00bbfull\u00bb alignment=\u00bbcenter\u00bb qode_css_animation=\u00bb\u00bb el_class=\u00bbheader-left-img\u00bb][\/vc_column][\/vc_row][vc_row css_animation=\u00bb\u00bb row_type=\u00bbrow\u00bb use_row_as_full_screen_section=\u00bbno\u00bb type=\u00bbgrid\u00bb angled_section=\u00bbno\u00bb text_align=\u00bbleft\u00bb background_image_as_pattern=\u00bbwithout_pattern\u00bb z_index=\u00bb\u00bb css=\u00bb.vc_custom_1567617379611{padding-top: 80px !important;padding-bottom: 80px !important;}\u00bb][vc_column width=\u00bb2\/3&#8243;][vc_column_text] UNA CONVICCI\u00d3N POR UN DELITO DE DUI PUEDE LLEVAR A&#8230;<\/p>\n","protected":false},"author":5,"featured_media":0,"parent":282,"menu_order":0,"comment_status":"closed","ping_status":"closed","template":"full_width.php","meta":{"_metasync_otto_title":"","_metasync_otto_description":"","_metasync_otto_keywords":"","_metasync_otto_og_title":"","_metasync_otto_og_description":"","_metasync_otto_twitter_title":"","_metasync_otto_twitter_description":"","rank_math_title":"","rank_math_description":"Somos abogados experimentados y respetados por delitos graves de DUI que trabajar\u00e1n en\u00e9rgicamente para proteger y defender sus derechos. Ll\u00e1menos para una consulta inicial gratuita.","_yoast_wpseo_title":"","_yoast_wpseo_metadesc":"Somos abogados experimentados y respetados por delitos graves de DUI que trabajar\u00e1n en\u00e9rgicamente para proteger y defender sus derechos. Ll\u00e1menos para una consulta inicial gratuita.","_aioseo_title":"","_aioseo_description":"","_metasync_seo_title":"","_metasync_seo_desc":"","_metasync_breadcrumb_title":"","_metasync_primary_category":0,"_metasync_primary_product_cat":0,"_metasync_otto_disabled":"","_metasync_hreflang":"","_metasync_plugin_sync_ts":"","_metasync_robots_advanced":"","footnotes":""},"class_list":["post-289","page","type-page","status-publish","hentry"],"_links":{"self":[{"href":"https:\/\/www.criminalaw.net\/es\/wp-json\/wp\/v2\/pages\/289","targetHints":{"allow":["GET"]}}],"collection":[{"href":"https:\/\/www.criminalaw.net\/es\/wp-json\/wp\/v2\/pages"}],"about":[{"href":"https:\/\/www.criminalaw.net\/es\/wp-json\/wp\/v2\/types\/page"}],"author":[{"embeddable":true,"href":"https:\/\/www.criminalaw.net\/es\/wp-json\/wp\/v2\/users\/5"}],"replies":[{"embeddable":true,"href":"https:\/\/www.criminalaw.net\/es\/wp-json\/wp\/v2\/comments?post=289"}],"version-history":[{"count":0,"href":"https:\/\/www.criminalaw.net\/es\/wp-json\/wp\/v2\/pages\/289\/revisions"}],"up":[{"embeddable":true,"href":"https:\/\/www.criminalaw.net\/es\/wp-json\/wp\/v2\/pages\/282"}],"wp:attachment":[{"href":"https:\/\/www.criminalaw.net\/es\/wp-json\/wp\/v2\/media?parent=289"}],"curies":[{"name":"wp","href":"https:\/\/api.w.org\/{rel}","templated":true}]}}