{"id":291,"date":"2019-09-13T23:50:32","date_gmt":"2019-09-13T23:50:32","guid":{"rendered":"http:\/\/www.criminalaw.net\/defensa-dui\/multiple-dui-s\/"},"modified":"2025-02-05T19:26:24","modified_gmt":"2025-02-06T03:26:24","slug":"multiples-duis","status":"publish","type":"page","link":"https:\/\/www.criminalaw.net\/es\/defensa-dui\/multiples-duis\/","title":{"rendered":"M\u00faltiples DUIs"},"content":{"rendered":"<div class=\"wpb-content-wrapper\"><p>[vc_row css_animation=\u00bb\u00bb row_type=\u00bbrow\u00bb use_row_as_full_screen_section=\u00bbno\u00bb type=\u00bbgrid\u00bb angled_section=\u00bbno\u00bb text_align=\u00bbcenter\u00bb background_image_as_pattern=\u00bbwithout_pattern\u00bb z_index=\u00bb\u00bb background_color=\u00bb#4b122e\u00bb css=\u00bb.vc_custom_1568672249167{background-position: 0 0 !important;background-repeat: no-repeat !important;}\u00bb][vc_column][vc_single_image image=\u00bb470&#8243; img_size=\u00bbfull\u00bb alignment=\u00bbcenter\u00bb qode_css_animation=\u00bb\u00bb el_class=\u00bbheader-left-img\u00bb][\/vc_column][\/vc_row][vc_row css_animation=\u00bb\u00bb row_type=\u00bbrow\u00bb use_row_as_full_screen_section=\u00bbno\u00bb type=\u00bbgrid\u00bb angled_section=\u00bbno\u00bb text_align=\u00bbleft\u00bb background_image_as_pattern=\u00bbwithout_pattern\u00bb z_index=\u00bb\u00bb css=\u00bb.vc_custom_1567617379611{padding-top: 80px !important;padding-bottom: 80px !important;}\u00bb][vc_column width=\u00bb2\/3&#8243;][vc_column_text]<\/p>\n<h1 class=\"page-title\">OFENSORES CON REPETIDOS CARGOS POR DUI ENFRENTAN CASTIGOS POTENCIALMENTE MAS SEVEROS<\/h1>\n<p>[\/vc_column_text][vc_column_text css=\u00bb\u00bb]Si ha sido arrestado por conducir bajo la influencia del alcohol o las drogas despu\u00e9s de haber sido condenado previamente, enfrenta obst\u00e1culos a\u00fan m\u00e1s graves, incluidos posibles cargos por delitos mayores. Usted quiere un abogado experimentado que proteja sus derechos. En <strong><span class=\"firm-name\">Rien, Adams &amp; Cox, LLP<\/span>,<\/strong> la firma protege los derechos de los infractores reincidentes que enfrentan cargos por conducir ebrio en los tribunales de todo California.<\/p>\n<h2>Defensa Vigorosa Contra Cargos por Conducir en Estado de Ebriedad<\/h2>\n<p>Para las personas que enfrentan m\u00faltiples cargos de DUI, una de las primeras cosas que debe hacer su abogado es hacer un examen exhaustivo de las condenas anteriores por su validez constitucional. Una moci\u00f3n exitosa para atacar tal convicci\u00f3n previa podr\u00eda reducir inmediatamente el impacto de una nueva ofensa.<\/p>\n<p>Despu\u00e9s de haber explorado todas las opciones con respecto a un cargo anterior por conducir en estado de ebriedad, los abogados de <span class=\"firm-name\">Rien, Adams &amp; Cox, LLP<\/span>, dirigir\u00e1n su atenci\u00f3n hacia la construcci\u00f3n de una defensa efectiva contra el cargo actual. Dicho an\u00e1lisis incluye:<\/p>\n<ul>\n<li>Legalidad del arresto.<\/li>\n<li>Exactitud de las pruebas qu\u00edmicas (sangre, aliento u orina)<\/li>\n<li>Exactitud de una prueba de aliento preliminar de alcohol en pantalla (PAS)<\/li>\n<li>Problemas de b\u00fasqueda e incautaci\u00f3n<\/li>\n<li class=\"last-child\">Calidad y validez de los equipos de prueba.<\/li>\n<\/ul>\n<p>Al igual que con todos los <a class=\"current\" href=\"https:\/\/www.criminalaw.net\/es\/Defensa-DUI\/\">arrestos por conducir en estado de ebriedad<\/a>, las personas que enfrentan una segunda o tercera ofensa se enfrentan a sanciones penales y administrativas. La firma proteger\u00e1 sus derechos en todas las audiencias del DMV en todo esfuerzo para evitar la p\u00e9rdida de sus privilegios de conducir.<\/p>\n<p>Si tiene tres o m\u00e1s condenas por DUI en los \u00faltimos 10 a\u00f1os, su pr\u00f3ximo delito podr\u00eda ser acusado de delito mayor por el estado de California. En el caso de un <a href=\"https:\/\/www.criminalaw.net\/es\/defensa-dui\/delito-grave-de-dui-evadir-choque-y-fuga-lesiones-y-muerte\/\">delito grave de DUI<\/a>, se enfrenta a una pena de prisi\u00f3n de hasta tres a\u00f1os en una prisi\u00f3n estatal. Debe hacer todo lo posible para minimizar dicha amenaza.<\/p>\n<h2>P\u00f3ngase en Contacto con la Empresa<\/h2>\n<p>Las consecuencias de conducir en estado de ebriedad se vuelven cada vez m\u00e1s serias. Si ha sido arrestado por m\u00faltiples delitos de DUI, un abogado de <strong><span class=\"firm-name\">Rien, Adams &amp; Cox, LLP<\/span><\/strong>, puede ayudarlo. Un operador en vivo est\u00e1 disponible las 24 horas del d\u00eda, los 7 d\u00edas de la semana para atender su llamada y programar una consulta inicial gratuita. <a href=\"https:\/\/www.criminalaw.net\/es\/contact\/\">P\u00f3ngase en contacto con ellos hoy<\/a>. La firma atiende a clientes en Livermore, Pleasanton, el Valle Central y las partes circundantes del norte de California.[\/vc_column_text][\/vc_column][vc_column width=\u00bb1\/3&#8243;][vc_single_image image=\u00bb463&#8243; img_size=\u00bbmedium\u00bb alignment=\u00bbcenter\u00bb qode_css_animation=\u00bb\u00bb][vc_single_image image=\u00bb453&#8243; img_size=\u00bbmedium\u00bb alignment=\u00bbcenter\u00bb qode_css_animation=\u00bb\u00bb]\n<div class=\"wpcf7 no-js\" id=\"wpcf7-f493-o1\" lang=\"es-ES\" dir=\"ltr\" data-wpcf7-id=\"493\">\n<div class=\"screen-reader-response\"><p role=\"status\" aria-live=\"polite\" aria-atomic=\"true\"><\/p> <ul><\/ul><\/div>\n<form action=\"\/es\/wp-json\/wp\/v2\/pages\/291#wpcf7-f493-o1\" method=\"post\" class=\"wpcf7-form init default\" aria-label=\"Formulario de contacto\" novalidate=\"novalidate\" data-status=\"init\">\n<fieldset class=\"hidden-fields-container\"><input type=\"hidden\" name=\"_wpcf7\" value=\"493\" \/><input type=\"hidden\" name=\"_wpcf7_version\" value=\"6.1.5\" \/><input type=\"hidden\" name=\"_wpcf7_locale\" value=\"es_ES\" \/><input type=\"hidden\" name=\"_wpcf7_unit_tag\" value=\"wpcf7-f493-o1\" \/><input type=\"hidden\" name=\"_wpcf7_container_post\" value=\"0\" \/><input type=\"hidden\" name=\"_wpcf7_posted_data_hash\" value=\"\" \/><input type=\"hidden\" name=\"_wpcf7dtx_version\" value=\"5.0.5\" \/><input type=\"hidden\" name=\"_wpcf7_recaptcha_response\" value=\"\" \/>\n<\/fieldset>\n<p style=\"font-size: 28px; font-family: 'Montserrat', sans-serif; color:#ffffff; margin-bottom: 16px; line-height: 1.25em; font-weight: bold;\">Obtenga una consulta gratuita\n<\/p>\n<div class=\"form-row\">\n\t<p><span class=\"wpcf7-form-control-wrap\" data-name=\"your-name\"><input size=\"40\" maxlength=\"400\" class=\"wpcf7-form-control wpcf7-text wpcf7-validates-as-required\" aria-required=\"true\" aria-invalid=\"false\" placeholder=\"Nombre\" value=\"\" type=\"text\" name=\"your-name\" \/><\/span>\n\t<\/p>\n<\/div>\n<div class=\"form-row\">\n\t<p><span class=\"wpcf7-form-control-wrap\" data-name=\"your-email\"><input size=\"40\" maxlength=\"400\" class=\"wpcf7-form-control wpcf7-email wpcf7-validates-as-required wpcf7-text wpcf7-validates-as-email\" aria-required=\"true\" aria-invalid=\"false\" placeholder=\"E-Mail\" value=\"\" type=\"email\" name=\"your-email\" \/><\/span>\n\t<\/p>\n<\/div>\n<div class=\"form-row\">\n\t<p><span class=\"wpcf7-form-control-wrap\" data-name=\"your-phone\"><input size=\"40\" maxlength=\"400\" class=\"wpcf7-form-control wpcf7-text wpcf7-validates-as-required\" aria-required=\"true\" aria-invalid=\"false\" placeholder=\"tel\u00e9fono\" value=\"\" type=\"text\" name=\"your-phone\" \/><\/span>\n\t<\/p>\n<\/div>\n<div class=\"form-row\">\n\t<p><span class=\"wpcf7-form-control-wrap\" data-name=\"your-message\"><textarea cols=\"40\" rows=\"10\" maxlength=\"2000\" class=\"wpcf7-form-control wpcf7-textarea\" aria-invalid=\"false\" placeholder=\"Breve descripci\u00f3n de su problema legal\" name=\"your-message\"><\/textarea><\/span>\n\t<\/p>\n<\/div>\n<div class=\"form-row\">\n\t<p><span class=\"wpcf7-form-control-wrap\" data-name=\"checkbox-335\"><span class=\"wpcf7-form-control wpcf7-checkbox wpcf7-validates-as-required\"><span class=\"wpcf7-list-item first last\"><input type=\"checkbox\" name=\"checkbox-335[]\" value=\"He le\u00eddo\" \/><span class=\"wpcf7-list-item-label\">He le\u00eddo<\/span><\/span><\/span><\/span><label> <a href=\"https:\/\/www.criminalaw.net\/disclaimer\/\">del descargo de responsabilidad.<\/a>.<\/label>\n\t<\/p>\n<\/div>\n<span class=\"wpcf7-form-control-wrap text-url\" data-name=\"text-url\"><input type=\"hidden\" name=\"text-url\" class=\"wpcf7-form-control wpcf7-hidden wpcf7dtx wpcf7dtx-hidden\" aria-invalid=\"false\" value=\"https:\/\/www.criminalaw.net\/es\/wp-json\/wp\/v2\/pages\/291\"><\/span>\n<div class=\"form-row\">\n\t<p><input class=\"wpcf7-form-control wpcf7-submit has-spinner\" type=\"submit\" value=\"Contacta con nosotros hoy &gt;\" \/>\n\t<\/p>\n<\/div><div class=\"wpcf7-response-output\" aria-hidden=\"true\"><\/div>\n<\/form>\n<\/div>\n[\/vc_column][\/vc_row]<\/p>\n<\/div>","protected":false},"excerpt":{"rendered":"<p>[vc_row css_animation=\u00bb\u00bb row_type=\u00bbrow\u00bb use_row_as_full_screen_section=\u00bbno\u00bb type=\u00bbgrid\u00bb angled_section=\u00bbno\u00bb text_align=\u00bbcenter\u00bb background_image_as_pattern=\u00bbwithout_pattern\u00bb z_index=\u00bb\u00bb background_color=\u00bb#4b122e\u00bb css=\u00bb.vc_custom_1568672249167{background-position: 0 0 !important;background-repeat: no-repeat !important;}\u00bb][vc_column][vc_single_image image=\u00bb470&#8243; img_size=\u00bbfull\u00bb alignment=\u00bbcenter\u00bb qode_css_animation=\u00bb\u00bb el_class=\u00bbheader-left-img\u00bb][\/vc_column][\/vc_row][vc_row css_animation=\u00bb\u00bb row_type=\u00bbrow\u00bb use_row_as_full_screen_section=\u00bbno\u00bb type=\u00bbgrid\u00bb angled_section=\u00bbno\u00bb text_align=\u00bbleft\u00bb background_image_as_pattern=\u00bbwithout_pattern\u00bb z_index=\u00bb\u00bb css=\u00bb.vc_custom_1567617379611{padding-top: 80px !important;padding-bottom: 80px !important;}\u00bb][vc_column width=\u00bb2\/3&#8243;][vc_column_text] OFENSORES CON REPETIDOS CARGOS POR DUI ENFRENTAN CASTIGOS POTENCIALMENTE MAS&#8230;<\/p>\n","protected":false},"author":5,"featured_media":0,"parent":282,"menu_order":0,"comment_status":"closed","ping_status":"closed","template":"full_width.php","meta":{"_metasync_otto_title":"","_metasync_otto_description":"","_metasync_otto_keywords":"","_metasync_otto_og_title":"","_metasync_otto_og_description":"","_metasync_otto_twitter_title":"","_metasync_otto_twitter_description":"","rank_math_title":"","rank_math_description":"Rien, Adams & Cox, LLP protege los derechos de los infractores reincidentes que enfrentan cargos de DUI en todo California. Llama para una consulta inicial gratuita.","_yoast_wpseo_title":"","_yoast_wpseo_metadesc":"Rien, Adams & Cox, LLP protege los derechos de los infractores reincidentes que enfrentan cargos de DUI en todo California. Llama para una consulta inicial gratuita.","_aioseo_title":"","_aioseo_description":"","_metasync_seo_title":"","_metasync_seo_desc":"","_metasync_breadcrumb_title":"","_metasync_primary_category":0,"_metasync_primary_product_cat":0,"_metasync_otto_disabled":"","_metasync_hreflang":"","footnotes":""},"class_list":["post-291","page","type-page","status-publish","hentry"],"_links":{"self":[{"href":"https:\/\/www.criminalaw.net\/es\/wp-json\/wp\/v2\/pages\/291","targetHints":{"allow":["GET"]}}],"collection":[{"href":"https:\/\/www.criminalaw.net\/es\/wp-json\/wp\/v2\/pages"}],"about":[{"href":"https:\/\/www.criminalaw.net\/es\/wp-json\/wp\/v2\/types\/page"}],"author":[{"embeddable":true,"href":"https:\/\/www.criminalaw.net\/es\/wp-json\/wp\/v2\/users\/5"}],"replies":[{"embeddable":true,"href":"https:\/\/www.criminalaw.net\/es\/wp-json\/wp\/v2\/comments?post=291"}],"version-history":[{"count":0,"href":"https:\/\/www.criminalaw.net\/es\/wp-json\/wp\/v2\/pages\/291\/revisions"}],"up":[{"embeddable":true,"href":"https:\/\/www.criminalaw.net\/es\/wp-json\/wp\/v2\/pages\/282"}],"wp:attachment":[{"href":"https:\/\/www.criminalaw.net\/es\/wp-json\/wp\/v2\/media?parent=291"}],"curies":[{"name":"wp","href":"https:\/\/api.w.org\/{rel}","templated":true}]}}