{"id":293,"date":"2019-09-13T23:55:20","date_gmt":"2019-09-13T23:55:20","guid":{"rendered":"http:\/\/www.criminalaw.net\/defensa-dui\/what-drivers-under-21-need-to-know\/"},"modified":"2025-02-05T19:34:07","modified_gmt":"2025-02-06T03:34:07","slug":"lo-que-los-conductores-menores-de-21-anos-necesitan-saber","status":"publish","type":"page","link":"https:\/\/www.criminalaw.net\/es\/defensa-dui\/lo-que-los-conductores-menores-de-21-anos-necesitan-saber\/","title":{"rendered":"Lo que los conductores menores de 21 a\u00f1os necesitan saber"},"content":{"rendered":"<div class=\"wpb-content-wrapper\"><p>[vc_row css_animation=\u00bb\u00bb row_type=\u00bbrow\u00bb use_row_as_full_screen_section=\u00bbno\u00bb type=\u00bbgrid\u00bb angled_section=\u00bbno\u00bb text_align=\u00bbcenter\u00bb background_image_as_pattern=\u00bbwithout_pattern\u00bb z_index=\u00bb\u00bb background_color=\u00bb#4b122e\u00bb css=\u00bb.vc_custom_1568672488746{background-position: 0 0 !important;background-repeat: no-repeat !important;}\u00bb][vc_column][vc_single_image image=\u00bb470&#8243; img_size=\u00bbfull\u00bb alignment=\u00bbcenter\u00bb qode_css_animation=\u00bb\u00bb el_class=\u00bbheader-left-img\u00bb][\/vc_column][\/vc_row][vc_row css_animation=\u00bb\u00bb row_type=\u00bbrow\u00bb use_row_as_full_screen_section=\u00bbno\u00bb type=\u00bbgrid\u00bb angled_section=\u00bbno\u00bb text_align=\u00bbleft\u00bb background_image_as_pattern=\u00bbwithout_pattern\u00bb z_index=\u00bb\u00bb css=\u00bb.vc_custom_1567617379611{padding-top: 80px !important;padding-bottom: 80px !important;}\u00bb][vc_column width=\u00bb2\/3&#8243;][vc_column_text]<\/p>\n<h1>UN ARRESTO POR DUI NO TIENE QUE PONER EN PELIGRO EL FUTURO DE UN CONDUCTOR MENOR DE EDAD<\/h1>\n<p>[\/vc_column_text][vc_column_text css=\u00bb\u00bb]Cuando se trata de beber y conducir, las personas menores de 21 a\u00f1os aprenden r\u00e1pidamente que la ley es a\u00fan m\u00e1s estricta para ellos que para los adultos. Si tiene menos de 21 a\u00f1os y se enfrenta a un cargo por DUI, uno de los abogados con experiencia en <strong><span class=\"firm-name\">Rien, Adams &amp; Cox, LLP<\/span><\/strong>, puede ayudarlo a manejar estos asuntos complicados.<\/p>\n<p>Ofrecemos asesor\u00eda especializada, compasi\u00f3n y asesoramiento sin prejuicios a todos nuestros clientes. P\u00f3ngase en contacto con nuestra oficina de Livermore para una consulta gratuita: 925-344-4634.<\/p>\n<h2>S\u00f3lo Una Cerveza Puede Ponerte M\u00e1s All\u00e1 del L\u00edmite<\/h2>\n<p>Si bien la mayor\u00eda de los adultos en California son considerados m\u00e1s all\u00e1 del l\u00edmite legal cuando su nivel de alcohol en la sangre (BAC) alcanza .08 o m\u00e1s, el est\u00e1ndar es m\u00e1s estricto para los menores de 21 a\u00f1os.<\/p>\n<p>Se considera que los conductores menores de 21 a\u00f1os conducen ilegalmente si su BAC se registra como .01 o superior. Para poner este nivel en perspectiva, la mayor\u00eda de los hombres y mujeres j\u00f3venes de estatura y peso promedio alcanzar\u00e1n ese nivel de alcohol en la sangre despu\u00e9s de consumir menos de una lata de cerveza o un vaso de vino.<\/p>\n<h2>Leyes de Cero Tolerancia<\/h2>\n<p>California tiene leyes de \u00abtolerancia cero\u00bb para los conductores menores de edad que son sorprendidos <a class=\" current\" href=\"https:\/\/www.criminalaw.net\/es\/Defensa-DUI\/\">bebiendo y manejando<\/a>. Los arrestados corren el riesgo de perder su licencia por un a\u00f1o completo.<\/p>\n<p>Esta respuesta estricta est\u00e1 destinada a disuadir un problema grave. De acuerdo con la Administraci\u00f3n Nacional de Seguridad del Tr\u00e1fico en Carreteras, los accidentes automovil\u00edsticos que involucran a conductores adolescentes tienen el doble de probabilidades de ser causados \u200b\u200bpor el consumo de alcohol, y tambi\u00e9n es m\u00e1s probable que resulten en una fatalidad.<\/p>\n<h2>\u00bfCu\u00e1les Son Sus Opciones?<\/h2>\n<p>Si lo arrestan y lo acusan de un DUI siendo menor de edad, tiene derecho a solicitar una suspensi\u00f3n de su licencia, as\u00ed como una audiencia con el Departamento de Veh\u00edculos Motorizados. Esta solicitud debe realizarse dentro de los 10 d\u00edas posteriores a la fecha de su arresto o citaci\u00f3n.<\/p>\n<p>Tambi\u00e9n puede ser posible obtener una \u00abrestricci\u00f3n de necesidad cr\u00edtica\u00bb si puede probar que necesita conducir para ir al trabajo o a la escuela.<\/p>\n<p>Si cree que su nivel de BAC era incorrecto, que se violaron sus derechos o que necesita ayuda para navegar en esta complicada \u00e1rea de la ley, deje que los abogados de <strong><span class=\"firm-name\">Rien, Adams &amp; Cox, LLP<\/span><\/strong> sean sus defensores. Uno de nuestros abogados expertos tambi\u00e9n puede trabajar con usted para solicitar una suspensi\u00f3n de su licencia suspendida o buscar una restricci\u00f3n de necesidad cr\u00edtica. Cont\u00e1ctenos para obtener m\u00e1s informaci\u00f3n en una <a href=\"https:\/\/www.criminalaw.net\/es\/contact\/\">consulta inicial gratuita<\/a>: 925-449-0666.[\/vc_column_text][\/vc_column][vc_column width=\u00bb1\/3&#8243;][vc_single_image image=\u00bb463&#8243; img_size=\u00bbmedium\u00bb alignment=\u00bbcenter\u00bb qode_css_animation=\u00bb\u00bb][vc_single_image image=\u00bb453&#8243; img_size=\u00bbmedium\u00bb alignment=\u00bbcenter\u00bb qode_css_animation=\u00bb\u00bb][vc_single_image image=\u00bb456&#8243; img_size=\u00bbmedium\u00bb alignment=\u00bbcenter\u00bb qode_css_animation=\u00bb\u00bb]\n<div class=\"wpcf7 no-js\" id=\"wpcf7-f493-o1\" lang=\"es-ES\" dir=\"ltr\" data-wpcf7-id=\"493\">\n<div class=\"screen-reader-response\"><p role=\"status\" aria-live=\"polite\" aria-atomic=\"true\"><\/p> <ul><\/ul><\/div>\n<form action=\"\/es\/wp-json\/wp\/v2\/pages\/293#wpcf7-f493-o1\" method=\"post\" class=\"wpcf7-form init default\" aria-label=\"Formulario de contacto\" novalidate=\"novalidate\" data-status=\"init\">\n<fieldset class=\"hidden-fields-container\"><input type=\"hidden\" name=\"_wpcf7\" value=\"493\" \/><input type=\"hidden\" name=\"_wpcf7_version\" value=\"6.1.5\" \/><input type=\"hidden\" name=\"_wpcf7_locale\" value=\"es_ES\" \/><input type=\"hidden\" name=\"_wpcf7_unit_tag\" value=\"wpcf7-f493-o1\" \/><input type=\"hidden\" name=\"_wpcf7_container_post\" value=\"0\" \/><input type=\"hidden\" name=\"_wpcf7_posted_data_hash\" value=\"\" \/><input type=\"hidden\" name=\"_wpcf7dtx_version\" value=\"5.0.5\" \/><input type=\"hidden\" name=\"_wpcf7_recaptcha_response\" value=\"\" \/>\n<\/fieldset>\n<p style=\"font-size: 28px; font-family: 'Montserrat', sans-serif; color:#ffffff; margin-bottom: 16px; line-height: 1.25em; font-weight: bold;\">Obtenga una consulta gratuita\n<\/p>\n<div class=\"form-row\">\n\t<p><span class=\"wpcf7-form-control-wrap\" data-name=\"your-name\"><input size=\"40\" maxlength=\"400\" class=\"wpcf7-form-control wpcf7-text wpcf7-validates-as-required\" aria-required=\"true\" aria-invalid=\"false\" placeholder=\"Nombre\" value=\"\" type=\"text\" name=\"your-name\" \/><\/span>\n\t<\/p>\n<\/div>\n<div class=\"form-row\">\n\t<p><span class=\"wpcf7-form-control-wrap\" data-name=\"your-email\"><input size=\"40\" maxlength=\"400\" class=\"wpcf7-form-control wpcf7-email wpcf7-validates-as-required wpcf7-text wpcf7-validates-as-email\" aria-required=\"true\" aria-invalid=\"false\" placeholder=\"E-Mail\" value=\"\" type=\"email\" name=\"your-email\" \/><\/span>\n\t<\/p>\n<\/div>\n<div class=\"form-row\">\n\t<p><span class=\"wpcf7-form-control-wrap\" data-name=\"your-phone\"><input size=\"40\" maxlength=\"400\" class=\"wpcf7-form-control wpcf7-text wpcf7-validates-as-required\" aria-required=\"true\" aria-invalid=\"false\" placeholder=\"tel\u00e9fono\" value=\"\" type=\"text\" name=\"your-phone\" \/><\/span>\n\t<\/p>\n<\/div>\n<div class=\"form-row\">\n\t<p><span class=\"wpcf7-form-control-wrap\" data-name=\"your-message\"><textarea cols=\"40\" rows=\"10\" maxlength=\"2000\" class=\"wpcf7-form-control wpcf7-textarea\" aria-invalid=\"false\" placeholder=\"Breve descripci\u00f3n de su problema legal\" name=\"your-message\"><\/textarea><\/span>\n\t<\/p>\n<\/div>\n<div class=\"form-row\">\n\t<p><span class=\"wpcf7-form-control-wrap\" data-name=\"checkbox-335\"><span class=\"wpcf7-form-control wpcf7-checkbox wpcf7-validates-as-required\"><span class=\"wpcf7-list-item first last\"><input type=\"checkbox\" name=\"checkbox-335[]\" value=\"He le\u00eddo\" \/><span class=\"wpcf7-list-item-label\">He le\u00eddo<\/span><\/span><\/span><\/span><label> <a href=\"https:\/\/www.criminalaw.net\/disclaimer\/\">del descargo de responsabilidad.<\/a>.<\/label>\n\t<\/p>\n<\/div>\n<span class=\"wpcf7-form-control-wrap text-url\" data-name=\"text-url\"><input type=\"hidden\" name=\"text-url\" class=\"wpcf7-form-control wpcf7-hidden wpcf7dtx wpcf7dtx-hidden\" aria-invalid=\"false\" value=\"https:\/\/www.criminalaw.net\/es\/wp-json\/wp\/v2\/pages\/293\"><\/span>\n<div class=\"form-row\">\n\t<p><input class=\"wpcf7-form-control wpcf7-submit has-spinner\" type=\"submit\" value=\"Contacta con nosotros hoy &gt;\" \/>\n\t<\/p>\n<\/div><div class=\"wpcf7-response-output\" aria-hidden=\"true\"><\/div>\n<\/form>\n<\/div>\n[\/vc_column][\/vc_row]<\/p>\n<\/div>","protected":false},"excerpt":{"rendered":"<p>[vc_row css_animation=\u00bb\u00bb row_type=\u00bbrow\u00bb use_row_as_full_screen_section=\u00bbno\u00bb type=\u00bbgrid\u00bb angled_section=\u00bbno\u00bb text_align=\u00bbcenter\u00bb background_image_as_pattern=\u00bbwithout_pattern\u00bb z_index=\u00bb\u00bb background_color=\u00bb#4b122e\u00bb css=\u00bb.vc_custom_1568672488746{background-position: 0 0 !important;background-repeat: no-repeat !important;}\u00bb][vc_column][vc_single_image image=\u00bb470&#8243; img_size=\u00bbfull\u00bb alignment=\u00bbcenter\u00bb qode_css_animation=\u00bb\u00bb el_class=\u00bbheader-left-img\u00bb][\/vc_column][\/vc_row][vc_row css_animation=\u00bb\u00bb row_type=\u00bbrow\u00bb use_row_as_full_screen_section=\u00bbno\u00bb type=\u00bbgrid\u00bb angled_section=\u00bbno\u00bb text_align=\u00bbleft\u00bb background_image_as_pattern=\u00bbwithout_pattern\u00bb z_index=\u00bb\u00bb css=\u00bb.vc_custom_1567617379611{padding-top: 80px !important;padding-bottom: 80px !important;}\u00bb][vc_column width=\u00bb2\/3&#8243;][vc_column_text] UN ARRESTO POR DUI NO TIENE QUE PONER EN PELIGRO&#8230;<\/p>\n","protected":false},"author":5,"featured_media":0,"parent":282,"menu_order":0,"comment_status":"closed","ping_status":"closed","template":"full_width.php","meta":{"_metasync_otto_title":"","_metasync_otto_description":"","_metasync_otto_keywords":"","_metasync_otto_og_title":"","_metasync_otto_og_description":"","_metasync_otto_twitter_title":"","_metasync_otto_twitter_description":"","rank_math_title":"","rank_math_description":"Si tiene menos de 21 a\u00f1os y enfrenta un cargo por DUI, los abogados de Rien, Adamx & Cox, LLP pueden ayudarlo a resolver estos complicados asuntos.","_yoast_wpseo_title":"","_yoast_wpseo_metadesc":"Si tiene menos de 21 a\u00f1os y enfrenta un cargo por DUI, los abogados de Rien, Adamx & Cox, LLP pueden ayudarlo a resolver estos complicados asuntos.","_aioseo_title":"","_aioseo_description":"","_metasync_seo_title":"","_metasync_seo_desc":"","_metasync_breadcrumb_title":"","_metasync_primary_category":0,"_metasync_primary_product_cat":0,"_metasync_otto_disabled":"","_metasync_hreflang":"","footnotes":""},"class_list":["post-293","page","type-page","status-publish","hentry"],"_links":{"self":[{"href":"https:\/\/www.criminalaw.net\/es\/wp-json\/wp\/v2\/pages\/293","targetHints":{"allow":["GET"]}}],"collection":[{"href":"https:\/\/www.criminalaw.net\/es\/wp-json\/wp\/v2\/pages"}],"about":[{"href":"https:\/\/www.criminalaw.net\/es\/wp-json\/wp\/v2\/types\/page"}],"author":[{"embeddable":true,"href":"https:\/\/www.criminalaw.net\/es\/wp-json\/wp\/v2\/users\/5"}],"replies":[{"embeddable":true,"href":"https:\/\/www.criminalaw.net\/es\/wp-json\/wp\/v2\/comments?post=293"}],"version-history":[{"count":0,"href":"https:\/\/www.criminalaw.net\/es\/wp-json\/wp\/v2\/pages\/293\/revisions"}],"up":[{"embeddable":true,"href":"https:\/\/www.criminalaw.net\/es\/wp-json\/wp\/v2\/pages\/282"}],"wp:attachment":[{"href":"https:\/\/www.criminalaw.net\/es\/wp-json\/wp\/v2\/media?parent=293"}],"curies":[{"name":"wp","href":"https:\/\/api.w.org\/{rel}","templated":true}]}}