{"id":295,"date":"2019-09-14T22:19:33","date_gmt":"2019-09-14T22:19:33","guid":{"rendered":"http:\/\/www.criminalaw.net\/defensa-dui\/your-rights-after-a-dui-stop\/"},"modified":"2025-02-05T19:35:44","modified_gmt":"2025-02-06T03:35:44","slug":"sus-derechos-despues-de-una-parada-de-dui","status":"publish","type":"page","link":"https:\/\/www.criminalaw.net\/es\/defensa-dui\/sus-derechos-despues-de-una-parada-de-dui\/","title":{"rendered":"Sus derechos despu\u00e9s de una parada de DUI"},"content":{"rendered":"<div class=\"wpb-content-wrapper\"><p>[vc_row css_animation=\u00bb\u00bb row_type=\u00bbrow\u00bb use_row_as_full_screen_section=\u00bbno\u00bb type=\u00bbgrid\u00bb angled_section=\u00bbno\u00bb text_align=\u00bbcenter\u00bb background_image_as_pattern=\u00bbwithout_pattern\u00bb z_index=\u00bb\u00bb background_color=\u00bb#4b122e\u00bb css=\u00bb.vc_custom_1568672733054{background-position: 0 0 !important;background-repeat: no-repeat !important;}\u00bb][vc_column][vc_single_image image=\u00bb470&#8243; img_size=\u00bbfull\u00bb qode_css_animation=\u00bb\u00bb el_class=\u00bbheader-left-img\u00bb][\/vc_column][\/vc_row][vc_row css_animation=\u00bb\u00bb row_type=\u00bbrow\u00bb use_row_as_full_screen_section=\u00bbno\u00bb type=\u00bbgrid\u00bb angled_section=\u00bbno\u00bb text_align=\u00bbleft\u00bb background_image_as_pattern=\u00bbwithout_pattern\u00bb z_index=\u00bb\u00bb css=\u00bb.vc_custom_1567617379611{padding-top: 80px !important;padding-bottom: 80px !important;}\u00bb][vc_column width=\u00bb2\/3&#8243;][vc_column_text]<\/p>\n<h1>\u00bfCU\u00c1LES SON SUS DERECHOS DESPU\u00c9S DE SER DETENIDO POR DUI EN CALIFORNIA?<\/h1>\n<p>[\/vc_column_text][vc_column_text css=\u00bb\u00bb]Muchos conductores sospechosos de conducir bajo la influencia (DUI) desconocen sus derechos, y si esos derechos han sido comprometidos. En <strong><span class=\"firm-name\">Rien, Adams &amp; Cox, LLP<\/span><\/strong>, nuestros abogados altamente capacitados lo ayudar\u00e1n a comprender y hacer valer sus derechos. Desde nuestras oficinas en Livermore, atendemos a clientes en el \u00c1rea de la Bah\u00eda, el Valle Central y las \u00e1reas circundantes del norte de California.<\/p>\n<p>Aqu\u00ed hay algunas preguntas y respuestas comunes relacionadas con el derecho de una persona despu\u00e9s de una detenci\u00f3n por DUI:<\/p>\n<h2>\u00bfTengo derecho a rechazar una prueba de aliento si no me han arrestado?<\/h2>\n<p>S\u00ed. En California, si un oficial lo ha detenido o detenido en un punto de control de sobriedad, puede negarse a tomar una prueba de aliento preliminar, tambi\u00e9n conocida como <a href=\"https:\/\/www.criminalaw.net\/es\/defensa-dui\/sus-derechos-despues-de-una-parada-de-dui\/\">prueba de detecci\u00f3n de alcohol preliminar<\/a> (PAS), cuando se le solicite.<\/p>\n<p>Sin embargo, tenga en cuenta que esta negativa no necesariamente evitar\u00e1 un arresto si el oficial cree que usted est\u00e1 bajo la influencia del alcohol o las drogas.<\/p>\n<h2>\u00bfTengo derecho a rechazar los an\u00e1lisis de aliento o de sangre despu\u00e9s de un arresto?<\/h2>\n<p>No. El estado de California opera bajo las leyes de \u00abconsentimiento impl\u00edcito\u00bb cuando se trata de <a class=\" current\" href=\"https:\/\/www.criminalaw.net\/es\/Defensa-DUI\/\">arrestos por DUI<\/a>. En la pr\u00e1ctica, esto significa que est\u00e1 legalmente obligado a someterse a un an\u00e1lisis de aliento o de sangre. Si no se realiza una prueba de sangre o de aliento, se pueden producir graves consecuencias, incluida la revocaci\u00f3n de la licencia por un a\u00f1o, el aumento del tiempo en la c\u00e1rcel y sanciones adicionales si se lo encuentra culpable.<\/p>\n<h2>\u00bfSon legales los puntos de control de sobriedad?<\/h2>\n<p>S\u00ed. Sin embargo, existen normas espec\u00edficas que dictan c\u00f3mo se configuran y operan los puntos de control. Es posible que nuestros abogados puedan probar que el punto de control en el que fue detenido no cumpli\u00f3 con las normas constitucionales.<\/p>\n<p>Seg\u00fan la ley de California, los obst\u00e1culos establecidos como puntos de control de sobriedad deben publicarse con anticipaci\u00f3n, contener la iluminaci\u00f3n adecuada y exhibir suficientes indicaciones oficiales para que el conductor est\u00e9 al tanto de que est\u00e1 conduciendo hacia un \u00e1rea de control. Adem\u00e1s, todos los conductores deben ser detenidos solo por breves per\u00edodos de tiempo, a menos que los oficiales sospechan que alguien est\u00e1 conduciendo bajo la influencia.<\/p>\n<h2>Nuestra Firma Puede Ayudarlo a Defenderse Contra los Cargos de DUI<\/h2>\n<p>Si cree que sus derechos han sido violados en relaci\u00f3n con una detenci\u00f3n o arresto por DUI, nuestros abogados est\u00e1n aqu\u00ed para ayudarlo. Simplemente llame a <strong><span class=\"firm-name\">Rien, Adams &amp; Cox, LLP<\/span><\/strong>, al 925-449-0666 para programar una <strong>consulta gratuita<\/strong>, o <a href=\"https:\/\/www.criminalaw.net\/es\/contact\/\">cont\u00e1ctenos en l\u00ednea<\/a>.[\/vc_column_text][\/vc_column][vc_column width=\u00bb1\/3&#8243;][vc_single_image image=\u00bb463&#8243; img_size=\u00bbmedium\u00bb alignment=\u00bbcenter\u00bb qode_css_animation=\u00bb\u00bb][vc_single_image image=\u00bb453&#8243; img_size=\u00bbmedium\u00bb alignment=\u00bbcenter\u00bb qode_css_animation=\u00bb\u00bb][vc_single_image image=\u00bb456&#8243; img_size=\u00bbmedium\u00bb alignment=\u00bbcenter\u00bb qode_css_animation=\u00bb\u00bb]\n<div class=\"wpcf7 no-js\" id=\"wpcf7-f493-o1\" lang=\"es-ES\" dir=\"ltr\" data-wpcf7-id=\"493\">\n<div class=\"screen-reader-response\"><p role=\"status\" aria-live=\"polite\" aria-atomic=\"true\"><\/p> <ul><\/ul><\/div>\n<form action=\"\/es\/wp-json\/wp\/v2\/pages\/295#wpcf7-f493-o1\" method=\"post\" class=\"wpcf7-form init default\" aria-label=\"Formulario de contacto\" novalidate=\"novalidate\" data-status=\"init\">\n<fieldset class=\"hidden-fields-container\"><input type=\"hidden\" name=\"_wpcf7\" value=\"493\" \/><input type=\"hidden\" name=\"_wpcf7_version\" value=\"6.1.5\" \/><input type=\"hidden\" name=\"_wpcf7_locale\" value=\"es_ES\" \/><input type=\"hidden\" name=\"_wpcf7_unit_tag\" value=\"wpcf7-f493-o1\" \/><input type=\"hidden\" name=\"_wpcf7_container_post\" value=\"0\" \/><input type=\"hidden\" name=\"_wpcf7_posted_data_hash\" value=\"\" \/><input type=\"hidden\" name=\"_wpcf7dtx_version\" value=\"5.0.5\" \/><input type=\"hidden\" name=\"_wpcf7_recaptcha_response\" value=\"\" \/>\n<\/fieldset>\n<p style=\"font-size: 28px; font-family: 'Montserrat', sans-serif; color:#ffffff; margin-bottom: 16px; line-height: 1.25em; font-weight: bold;\">Obtenga una consulta gratuita\n<\/p>\n<div class=\"form-row\">\n\t<p><span class=\"wpcf7-form-control-wrap\" data-name=\"your-name\"><input size=\"40\" maxlength=\"400\" class=\"wpcf7-form-control wpcf7-text wpcf7-validates-as-required\" aria-required=\"true\" aria-invalid=\"false\" placeholder=\"Nombre\" value=\"\" type=\"text\" name=\"your-name\" \/><\/span>\n\t<\/p>\n<\/div>\n<div class=\"form-row\">\n\t<p><span class=\"wpcf7-form-control-wrap\" data-name=\"your-email\"><input size=\"40\" maxlength=\"400\" class=\"wpcf7-form-control wpcf7-email wpcf7-validates-as-required wpcf7-text wpcf7-validates-as-email\" aria-required=\"true\" aria-invalid=\"false\" placeholder=\"E-Mail\" value=\"\" type=\"email\" name=\"your-email\" \/><\/span>\n\t<\/p>\n<\/div>\n<div class=\"form-row\">\n\t<p><span class=\"wpcf7-form-control-wrap\" data-name=\"your-phone\"><input size=\"40\" maxlength=\"400\" class=\"wpcf7-form-control wpcf7-text wpcf7-validates-as-required\" aria-required=\"true\" aria-invalid=\"false\" placeholder=\"tel\u00e9fono\" value=\"\" type=\"text\" name=\"your-phone\" \/><\/span>\n\t<\/p>\n<\/div>\n<div class=\"form-row\">\n\t<p><span class=\"wpcf7-form-control-wrap\" data-name=\"your-message\"><textarea cols=\"40\" rows=\"10\" maxlength=\"2000\" class=\"wpcf7-form-control wpcf7-textarea\" aria-invalid=\"false\" placeholder=\"Breve descripci\u00f3n de su problema legal\" name=\"your-message\"><\/textarea><\/span>\n\t<\/p>\n<\/div>\n<div class=\"form-row\">\n\t<p><span class=\"wpcf7-form-control-wrap\" data-name=\"checkbox-335\"><span class=\"wpcf7-form-control wpcf7-checkbox wpcf7-validates-as-required\"><span class=\"wpcf7-list-item first last\"><input type=\"checkbox\" name=\"checkbox-335[]\" value=\"He le\u00eddo\" \/><span class=\"wpcf7-list-item-label\">He le\u00eddo<\/span><\/span><\/span><\/span><label> <a href=\"https:\/\/www.criminalaw.net\/disclaimer\/\">del descargo de responsabilidad.<\/a>.<\/label>\n\t<\/p>\n<\/div>\n<span class=\"wpcf7-form-control-wrap text-url\" data-name=\"text-url\"><input type=\"hidden\" name=\"text-url\" class=\"wpcf7-form-control wpcf7-hidden wpcf7dtx wpcf7dtx-hidden\" aria-invalid=\"false\" value=\"https:\/\/www.criminalaw.net\/es\/wp-json\/wp\/v2\/pages\/295\"><\/span>\n<div class=\"form-row\">\n\t<p><input class=\"wpcf7-form-control wpcf7-submit has-spinner\" type=\"submit\" value=\"Contacta con nosotros hoy &gt;\" \/>\n\t<\/p>\n<\/div><div class=\"wpcf7-response-output\" aria-hidden=\"true\"><\/div>\n<\/form>\n<\/div>\n[\/vc_column][\/vc_row]<\/p>\n<\/div>","protected":false},"excerpt":{"rendered":"<p>[vc_row css_animation=\u00bb\u00bb row_type=\u00bbrow\u00bb use_row_as_full_screen_section=\u00bbno\u00bb type=\u00bbgrid\u00bb angled_section=\u00bbno\u00bb text_align=\u00bbcenter\u00bb background_image_as_pattern=\u00bbwithout_pattern\u00bb z_index=\u00bb\u00bb background_color=\u00bb#4b122e\u00bb css=\u00bb.vc_custom_1568672733054{background-position: 0 0 !important;background-repeat: no-repeat !important;}\u00bb][vc_column][vc_single_image image=\u00bb470&#8243; img_size=\u00bbfull\u00bb qode_css_animation=\u00bb\u00bb el_class=\u00bbheader-left-img\u00bb][\/vc_column][\/vc_row][vc_row css_animation=\u00bb\u00bb row_type=\u00bbrow\u00bb use_row_as_full_screen_section=\u00bbno\u00bb type=\u00bbgrid\u00bb angled_section=\u00bbno\u00bb text_align=\u00bbleft\u00bb background_image_as_pattern=\u00bbwithout_pattern\u00bb z_index=\u00bb\u00bb css=\u00bb.vc_custom_1567617379611{padding-top: 80px !important;padding-bottom: 80px !important;}\u00bb][vc_column width=\u00bb2\/3&#8243;][vc_column_text] \u00bfCU\u00c1LES SON SUS DERECHOS DESPU\u00c9S DE SER DETENIDO POR DUI EN&#8230;<\/p>\n","protected":false},"author":5,"featured_media":0,"parent":282,"menu_order":0,"comment_status":"closed","ping_status":"closed","template":"full_width.php","meta":{"_metasync_otto_title":"","_metasync_otto_description":"","_metasync_otto_keywords":"","_metasync_otto_og_title":"","_metasync_otto_og_description":"","_metasync_otto_twitter_title":"","_metasync_otto_twitter_description":"","rank_math_title":"","rank_math_description":"Conozca sus derechos despu\u00e9s de una parada por DUI. Si se encuentra acusado de un DUI, comun\u00edquese con los abogados defensores de Rien, Adams & Cox, LLP.","_yoast_wpseo_title":"","_yoast_wpseo_metadesc":"Conozca sus derechos despu\u00e9s de una parada por DUI. Si se encuentra acusado de un DUI, comun\u00edquese con los abogados defensores de Rien, Adams & Cox, LLP.","_aioseo_title":"","_aioseo_description":"","_metasync_seo_title":"","_metasync_seo_desc":"","_metasync_breadcrumb_title":"","_metasync_primary_category":0,"_metasync_primary_product_cat":0,"_metasync_otto_disabled":"","_metasync_hreflang":"","footnotes":""},"class_list":["post-295","page","type-page","status-publish","hentry"],"_links":{"self":[{"href":"https:\/\/www.criminalaw.net\/es\/wp-json\/wp\/v2\/pages\/295","targetHints":{"allow":["GET"]}}],"collection":[{"href":"https:\/\/www.criminalaw.net\/es\/wp-json\/wp\/v2\/pages"}],"about":[{"href":"https:\/\/www.criminalaw.net\/es\/wp-json\/wp\/v2\/types\/page"}],"author":[{"embeddable":true,"href":"https:\/\/www.criminalaw.net\/es\/wp-json\/wp\/v2\/users\/5"}],"replies":[{"embeddable":true,"href":"https:\/\/www.criminalaw.net\/es\/wp-json\/wp\/v2\/comments?post=295"}],"version-history":[{"count":0,"href":"https:\/\/www.criminalaw.net\/es\/wp-json\/wp\/v2\/pages\/295\/revisions"}],"up":[{"embeddable":true,"href":"https:\/\/www.criminalaw.net\/es\/wp-json\/wp\/v2\/pages\/282"}],"wp:attachment":[{"href":"https:\/\/www.criminalaw.net\/es\/wp-json\/wp\/v2\/media?parent=295"}],"curies":[{"name":"wp","href":"https:\/\/api.w.org\/{rel}","templated":true}]}}