{"id":301,"date":"2019-09-13T22:28:37","date_gmt":"2019-09-13T22:28:37","guid":{"rendered":"http:\/\/www.criminalaw.net\/defensa-criminal\/violent-crimes\/"},"modified":"2024-04-12T11:54:29","modified_gmt":"2024-04-12T18:54:29","slug":"crimenes-violentos","status":"publish","type":"page","link":"https:\/\/www.criminalaw.net\/es\/defensa-criminal\/crimenes-violentos\/","title":{"rendered":"Cr\u00edmenes Violentos"},"content":{"rendered":"<div class=\"wpb-content-wrapper\"><p>[vc_row css_animation=\u00bb\u00bb row_type=\u00bbrow\u00bb use_row_as_full_screen_section=\u00bbno\u00bb type=\u00bbgrid\u00bb angled_section=\u00bbno\u00bb text_align=\u00bbcenter\u00bb background_image_as_pattern=\u00bbwithout_pattern\u00bb z_index=\u00bb\u00bb background_color=\u00bb#4b122e\u00bb css=\u00bb.vc_custom_1568674229544{background-position: 0 0 !important;background-repeat: no-repeat !important;}\u00bb][vc_column][vc_single_image image=\u00bb470&#8243; img_size=\u00bbfull\u00bb alignment=\u00bbcenter\u00bb qode_css_animation=\u00bb\u00bb el_class=\u00bbheader-left-img\u00bb][\/vc_column][\/vc_row][vc_row css_animation=\u00bb\u00bb row_type=\u00bbrow\u00bb use_row_as_full_screen_section=\u00bbno\u00bb type=\u00bbgrid\u00bb angled_section=\u00bbno\u00bb text_align=\u00bbleft\u00bb background_image_as_pattern=\u00bbwithout_pattern\u00bb z_index=\u00bb\u00bb css=\u00bb.vc_custom_1567617379611{padding-top: 80px !important;padding-bottom: 80px !important;}\u00bb][vc_column width=\u00bb2\/3&#8243;][vc_column_text]<\/p>\n<h1>REPRESENTACI\u00d3N EXPERIMENTADA Y ASISTENTE CONTRA LOS CARGOS DE CR\u00cdMENES VIOLENTOS<\/h1>\n<p>[\/vc_column_text][vc_column_text]Los cargos penales m\u00e1s agresivamente procesados son t\u00edpicamente delitos violentos. La sentencia obligatoria para muchas condenas por delitos violentos implica a\u00f1os de prisi\u00f3n. Estas sentencias aumentan en gravedad si se combinan con un historial de delitos violentos en sus antecedentes penales.<\/p>\n<p>No deje su defensa a un abogado inexperto. Debe asegurarse de que su caso se maneje con el abogado m\u00e1s experimentado y atento disponible. <a href=\"https:\/\/www.criminalaw.net\/es\/contact\/\">Comun\u00edquese con <strong><span class=\"firm-name\">Rien, Adams &amp; Cox, LLP<\/span><\/strong><\/a> y discuta sus opciones lo antes posible.<\/p>\n<p>Nuestra firma maneja casos para individuos que enfrentan cargos por delitos violentos, tales como:<\/p>\n<ul>\n<li><strong>Agresi\u00f3n con violencia<\/strong>: ya sea que haya habido un altercado en un bar o una disputa entre vecinos, podemos investigar su caso y presentar argumentos persuasivos a su favor cuando haya sido acusado de agresi\u00f3n o agresi\u00f3n.<\/li>\n<li><strong>Violencia dom\u00e9stica:<\/strong> los argumentos en el hogar y entre los miembros de la familia pueden llevar a una acci\u00f3n legal. Algunos casos involucran delitos contra ni\u00f1os, mientras que otros involucran a c\u00f3nyuges o abusos de ancianos. No importa qu\u00e9, estamos aqu\u00ed para darle una voz.<\/li>\n<li><strong>Delitos con armas<\/strong>: incluso si un arma no se us\u00f3 durante la actividad criminal, la posesi\u00f3n de un arma o un arma en s\u00ed puede aumentar la gravedad de un cargo. Aseg\u00farese de contar su historia a trav\u00e9s de un abogado con experiencia en defensa criminal.<\/li>\n<li><strong>Asesinato y homicidio involuntario<\/strong>: los cargos como homicidio, homicidio involuntario o homicidio vehicular permanecer\u00e1n con usted durante los pr\u00f3ximos a\u00f1os. Podemos asegurarnos de que se respeten sus derechos para lograr el resultado m\u00e1s favorable posible.<\/li>\n<li><strong>Cr\u00edmenes y mejoras en las pandillas:<\/strong> cualquier cargo criminal es grave, pero si el cargo en su contra puede estar asociado con la actividad de una pandilla, el cargo y la posible sentencia pueden ser mejorados cuando se los procesa. Podemos ayudar a mitigar estas consecuencias y mantenerlo fuera de la c\u00e1rcel.<\/li>\n<\/ul>\n<p><strong>Una Nota Importante Sobre la Ley de las Tres Fallas en California<\/strong><\/p>\n<p>El sistema de justicia penal no solo tiene en cuenta los cargos penales actuales de una persona. La Ley de las Tres Huelgas es un buen ejemplo de este hecho. Los jueces y jurados pueden considerar los antecedentes penales de una persona cuando determinan si los casos se descartar\u00e1n o reducir\u00e1n, o qu\u00e9 sentencias pueden ser apropiadas.<\/p>\n<h2>No Dudes en Llamarnos<\/h2>\n<p>Debe asegurarse de obtener la defensa m\u00e1s experimentada posible, incluso si esta es la primera ofensa en sus antecedentes penales. Tener los cargos de hoy reducidos o reducidos puede cambiar la forma en que caen las cartas m\u00e1s adelante.<\/p>\n<p>Llame o env\u00ede un correo electr\u00f3nico a <strong><span class=\"firm-name\">Rien, Adams &amp; Cox, LLP<\/span><\/strong>, para concertar una consulta inicial gratuita. Estamos aqu\u00ed para escucharlo y proteger agresivamente sus derechos ante los tribunales.<\/p>\n<ul>\n<li>Ley de Tres Fallas<\/li>\n<li>Lesiones<\/li>\n<li>Maltrato a personas mayores<\/li>\n<li>Cr\u00edmenes de pandillas<\/li>\n<li>Violencia dom\u00e9stica<\/li>\n<li>Cargos de armas<\/li>\n<li>Secuestro<\/li>\n<li>Delitos contra los ni\u00f1os.<\/li>\n<li>Asesinato<\/li>\n<li>Homicidio involuntario<\/li>\n<\/ul>\n<p>[\/vc_column_text][\/vc_column][vc_column width=\u00bb1\/3&#8243;][vc_single_image image=\u00bb456&#8243; img_size=\u00bbmedium\u00bb alignment=\u00bbcenter\u00bb qode_css_animation=\u00bb\u00bb][vc_single_image image=\u00bb453&#8243; img_size=\u00bbmedium\u00bb alignment=\u00bbcenter\u00bb qode_css_animation=\u00bb\u00bb][vc_single_image image=\u00bb151&#8243; img_size=\u00bbmedium\u00bb alignment=\u00bbcenter\u00bb qode_css_animation=\u00bb\u00bb]\n<div class=\"wpcf7 no-js\" id=\"wpcf7-f493-o1\" lang=\"es-ES\" dir=\"ltr\" data-wpcf7-id=\"493\">\n<div class=\"screen-reader-response\"><p role=\"status\" aria-live=\"polite\" aria-atomic=\"true\"><\/p> <ul><\/ul><\/div>\n<form action=\"\/es\/wp-json\/wp\/v2\/pages\/301#wpcf7-f493-o1\" method=\"post\" class=\"wpcf7-form init default\" aria-label=\"Formulario de contacto\" novalidate=\"novalidate\" data-status=\"init\">\n<fieldset class=\"hidden-fields-container\"><input type=\"hidden\" name=\"_wpcf7\" value=\"493\" \/><input type=\"hidden\" name=\"_wpcf7_version\" value=\"6.1.5\" \/><input type=\"hidden\" name=\"_wpcf7_locale\" value=\"es_ES\" \/><input type=\"hidden\" name=\"_wpcf7_unit_tag\" value=\"wpcf7-f493-o1\" \/><input type=\"hidden\" name=\"_wpcf7_container_post\" value=\"0\" \/><input type=\"hidden\" name=\"_wpcf7_posted_data_hash\" value=\"\" \/><input type=\"hidden\" name=\"_wpcf7dtx_version\" value=\"5.0.5\" \/><input type=\"hidden\" name=\"_wpcf7_recaptcha_response\" value=\"\" \/>\n<\/fieldset>\n<p style=\"font-size: 28px; font-family: 'Montserrat', sans-serif; color:#ffffff; margin-bottom: 16px; line-height: 1.25em; font-weight: bold;\">Obtenga una consulta gratuita\n<\/p>\n<div class=\"form-row\">\n\t<p><span class=\"wpcf7-form-control-wrap\" data-name=\"your-name\"><input size=\"40\" maxlength=\"400\" class=\"wpcf7-form-control wpcf7-text wpcf7-validates-as-required\" aria-required=\"true\" aria-invalid=\"false\" placeholder=\"Nombre\" value=\"\" type=\"text\" name=\"your-name\" \/><\/span>\n\t<\/p>\n<\/div>\n<div class=\"form-row\">\n\t<p><span class=\"wpcf7-form-control-wrap\" data-name=\"your-email\"><input size=\"40\" maxlength=\"400\" class=\"wpcf7-form-control wpcf7-email wpcf7-validates-as-required wpcf7-text wpcf7-validates-as-email\" aria-required=\"true\" aria-invalid=\"false\" placeholder=\"E-Mail\" value=\"\" type=\"email\" name=\"your-email\" \/><\/span>\n\t<\/p>\n<\/div>\n<div class=\"form-row\">\n\t<p><span class=\"wpcf7-form-control-wrap\" data-name=\"your-phone\"><input size=\"40\" maxlength=\"400\" class=\"wpcf7-form-control wpcf7-text wpcf7-validates-as-required\" aria-required=\"true\" aria-invalid=\"false\" placeholder=\"tel\u00e9fono\" value=\"\" type=\"text\" name=\"your-phone\" \/><\/span>\n\t<\/p>\n<\/div>\n<div class=\"form-row\">\n\t<p><span class=\"wpcf7-form-control-wrap\" data-name=\"your-message\"><textarea cols=\"40\" rows=\"10\" maxlength=\"2000\" class=\"wpcf7-form-control wpcf7-textarea\" aria-invalid=\"false\" placeholder=\"Breve descripci\u00f3n de su problema legal\" name=\"your-message\"><\/textarea><\/span>\n\t<\/p>\n<\/div>\n<div class=\"form-row\">\n\t<p><span class=\"wpcf7-form-control-wrap\" data-name=\"checkbox-335\"><span class=\"wpcf7-form-control wpcf7-checkbox wpcf7-validates-as-required\"><span class=\"wpcf7-list-item first last\"><input type=\"checkbox\" name=\"checkbox-335[]\" value=\"He le\u00eddo\" \/><span class=\"wpcf7-list-item-label\">He le\u00eddo<\/span><\/span><\/span><\/span><label> <a href=\"https:\/\/www.criminalaw.net\/disclaimer\/\">del descargo de responsabilidad.<\/a>.<\/label>\n\t<\/p>\n<\/div>\n<span class=\"wpcf7-form-control-wrap text-url\" data-name=\"text-url\"><input type=\"hidden\" name=\"text-url\" class=\"wpcf7-form-control wpcf7-hidden wpcf7dtx wpcf7dtx-hidden\" aria-invalid=\"false\" value=\"https:\/\/www.criminalaw.net\/es\/wp-json\/wp\/v2\/pages\/301\"><\/span>\n<div class=\"form-row\">\n\t<p><input class=\"wpcf7-form-control wpcf7-submit has-spinner\" type=\"submit\" value=\"Contacta con nosotros hoy &gt;\" \/>\n\t<\/p>\n<\/div><div class=\"wpcf7-response-output\" aria-hidden=\"true\"><\/div>\n<\/form>\n<\/div>\n[\/vc_column][\/vc_row]<\/p>\n<\/div>","protected":false},"excerpt":{"rendered":"<p>[vc_row css_animation=\u00bb\u00bb row_type=\u00bbrow\u00bb use_row_as_full_screen_section=\u00bbno\u00bb type=\u00bbgrid\u00bb angled_section=\u00bbno\u00bb text_align=\u00bbcenter\u00bb background_image_as_pattern=\u00bbwithout_pattern\u00bb z_index=\u00bb\u00bb background_color=\u00bb#4b122e\u00bb css=\u00bb.vc_custom_1568674229544{background-position: 0 0 !important;background-repeat: no-repeat !important;}\u00bb][vc_column][vc_single_image image=\u00bb470&#8243; img_size=\u00bbfull\u00bb alignment=\u00bbcenter\u00bb qode_css_animation=\u00bb\u00bb el_class=\u00bbheader-left-img\u00bb][\/vc_column][\/vc_row][vc_row css_animation=\u00bb\u00bb row_type=\u00bbrow\u00bb use_row_as_full_screen_section=\u00bbno\u00bb type=\u00bbgrid\u00bb angled_section=\u00bbno\u00bb text_align=\u00bbleft\u00bb background_image_as_pattern=\u00bbwithout_pattern\u00bb z_index=\u00bb\u00bb css=\u00bb.vc_custom_1567617379611{padding-top: 80px !important;padding-bottom: 80px !important;}\u00bb][vc_column width=\u00bb2\/3&#8243;][vc_column_text] REPRESENTACI\u00d3N EXPERIMENTADA Y ASISTENTE CONTRA LOS CARGOS DE CR\u00cdMENES VIOLENTOS&#8230;<\/p>\n","protected":false},"author":5,"featured_media":0,"parent":257,"menu_order":0,"comment_status":"closed","ping_status":"closed","template":"full_width.php","meta":{"_metasync_otto_title":"","_metasync_otto_description":"","_metasync_otto_keywords":"","_metasync_otto_og_title":"","_metasync_otto_og_description":"","_metasync_otto_twitter_title":"","_metasync_otto_twitter_description":"","rank_math_title":"","rank_math_description":"Si ha sido acusado de un delito violento, no deje su defensa a un abogado sin experiencia. Ll\u00e1menos para una consulta inicial gratuita.","_yoast_wpseo_title":"","_yoast_wpseo_metadesc":"Si ha sido acusado de un delito violento, no deje su defensa a un abogado sin experiencia. Ll\u00e1menos para una consulta inicial gratuita.","_aioseo_title":"","_aioseo_description":"","_metasync_seo_title":"","_metasync_seo_desc":"","_metasync_otto_disabled":"","footnotes":""},"class_list":["post-301","page","type-page","status-publish","hentry"],"_links":{"self":[{"href":"https:\/\/www.criminalaw.net\/es\/wp-json\/wp\/v2\/pages\/301","targetHints":{"allow":["GET"]}}],"collection":[{"href":"https:\/\/www.criminalaw.net\/es\/wp-json\/wp\/v2\/pages"}],"about":[{"href":"https:\/\/www.criminalaw.net\/es\/wp-json\/wp\/v2\/types\/page"}],"author":[{"embeddable":true,"href":"https:\/\/www.criminalaw.net\/es\/wp-json\/wp\/v2\/users\/5"}],"replies":[{"embeddable":true,"href":"https:\/\/www.criminalaw.net\/es\/wp-json\/wp\/v2\/comments?post=301"}],"version-history":[{"count":0,"href":"https:\/\/www.criminalaw.net\/es\/wp-json\/wp\/v2\/pages\/301\/revisions"}],"up":[{"embeddable":true,"href":"https:\/\/www.criminalaw.net\/es\/wp-json\/wp\/v2\/pages\/257"}],"wp:attachment":[{"href":"https:\/\/www.criminalaw.net\/es\/wp-json\/wp\/v2\/media?parent=301"}],"curies":[{"name":"wp","href":"https:\/\/api.w.org\/{rel}","templated":true}]}}