{"id":495,"date":"2025-01-07T15:02:10","date_gmt":"2025-01-07T23:02:10","guid":{"rendered":"https:\/\/www.criminalaw.net\/?page_id=495"},"modified":"2025-01-07T15:03:01","modified_gmt":"2025-01-07T23:03:01","slug":"descargo-de-responsabilidad","status":"publish","type":"page","link":"https:\/\/www.criminalaw.net\/es\/descargo-de-responsabilidad\/","title":{"rendered":"Descargo de responsabilidad"},"content":{"rendered":"\n<p class=\"has-black-color has-text-color has-link-color wp-elements-863a9945460e9913c6c12293c50d4aa2\">La informaci\u00f3n que obtenga en este sitio no constituye, ni pretende ser, asesoramiento legal. Debe consultar a un abogado para obtener asesoramiento sobre su situaci\u00f3n particular. Lo invitamos a que se comunique con nosotros y agradecemos sus llamadas, cartas y correo electr\u00f3nico. El hecho de comunicarse con nosotros no crea una relaci\u00f3n abogado-cliente. No nos env\u00ede ninguna informaci\u00f3n confidencial hasta que se haya establecido una relaci\u00f3n abogado-cliente.<\/p>\n\n\n\n<p><\/p>\n","protected":false},"excerpt":{"rendered":"<p>La informaci\u00f3n que obtenga en este sitio no constituye, ni pretende ser, asesoramiento legal. Debe consultar a un abogado para obtener asesoramiento sobre su situaci\u00f3n particular. Lo invitamos a que se comunique con nosotros y agradecemos sus llamadas, cartas y correo electr\u00f3nico. El hecho de&#8230;<\/p>\n","protected":false},"author":5,"featured_media":0,"parent":0,"menu_order":0,"comment_status":"closed","ping_status":"closed","template":"full_width.php","meta":{"_metasync_otto_title":"","_metasync_otto_description":"","_metasync_otto_keywords":"","_metasync_otto_og_title":"","_metasync_otto_og_description":"","_metasync_otto_twitter_title":"","_metasync_otto_twitter_description":"","rank_math_title":"","rank_math_description":"","_yoast_wpseo_title":"","_yoast_wpseo_metadesc":"","_aioseo_title":"","_aioseo_description":"","_metasync_seo_title":"","_metasync_seo_desc":"","_metasync_otto_disabled":"","footnotes":""},"class_list":["post-495","page","type-page","status-publish","hentry"],"_links":{"self":[{"href":"https:\/\/www.criminalaw.net\/es\/wp-json\/wp\/v2\/pages\/495","targetHints":{"allow":["GET"]}}],"collection":[{"href":"https:\/\/www.criminalaw.net\/es\/wp-json\/wp\/v2\/pages"}],"about":[{"href":"https:\/\/www.criminalaw.net\/es\/wp-json\/wp\/v2\/types\/page"}],"author":[{"embeddable":true,"href":"https:\/\/www.criminalaw.net\/es\/wp-json\/wp\/v2\/users\/5"}],"replies":[{"embeddable":true,"href":"https:\/\/www.criminalaw.net\/es\/wp-json\/wp\/v2\/comments?post=495"}],"version-history":[{"count":0,"href":"https:\/\/www.criminalaw.net\/es\/wp-json\/wp\/v2\/pages\/495\/revisions"}],"wp:attachment":[{"href":"https:\/\/www.criminalaw.net\/es\/wp-json\/wp\/v2\/media?parent=495"}],"curies":[{"name":"wp","href":"https:\/\/api.w.org\/{rel}","templated":true}]}}